{"id":155,"date":"2021-04-13T11:34:45","date_gmt":"2021-04-13T14:34:45","guid":{"rendered":"https:\/\/www2.uepg.br\/sebisa\/?page_id=155"},"modified":"2021-04-15T08:56:46","modified_gmt":"2021-04-15T11:56:46","slug":"licenciatura","status":"publish","type":"page","link":"https:\/\/www2.uepg.br\/sebisa\/licenciatura\/","title":{"rendered":"Licenciatura"},"content":{"rendered":"<h1 class=\"entry-title\">Licenciatura em Educa\u00e7\u00e3o F\u00edsica<\/h1>\n<div class=\"entry-content\">\n<div class=\"at-above-post-page addthis_tool\" data-url=\"https:\/\/www3.uepg.br\/sebisa\/cursos\/graduacao\/educacao-fisica\/licenciatura-educacao-fisica\/\"><\/div>\n<p><a href=\"http:\/\/www.uepg.br\/catalogo\/cursos\/licenciatura_edfisica.html\" target=\"_blank\" rel=\"noopener\">Matriz Curricular<\/a><\/p>\n<p>[Em constru\u00e7\u00e3o]<\/p><\/div>\n","protected":false},"excerpt":{"rendered":"<p>Licenciatura em Educa\u00e7\u00e3o F\u00edsica Matriz Curricular [Em constru\u00e7\u00e3o]<\/p>\n","protected":false},"author":305,"featured_media":0,"parent":0,"menu_order":0,"comment_status":"closed","ping_status":"closed","template":"","meta":[],"_links":{"self":[{"href":"https:\/\/www2.uepg.br\/sebisa\/wp-json\/wp\/v2\/pages\/155"}],"collection":[{"href":"https:\/\/www2.uepg.br\/sebisa\/wp-json\/wp\/v2\/pages"}],"about":[{"href":"https:\/\/www2.uepg.br\/sebisa\/wp-json\/wp\/v2\/types\/page"}],"author":[{"embeddable":true,"href":"https:\/\/www2.uepg.br\/sebisa\/wp-json\/wp\/v2\/users\/305"}],"replies":[{"embeddable":true,"href":"https:\/\/www2.uepg.br\/sebisa\/wp-json\/wp\/v2\/comments?post=155"}],"version-history":[{"count":2,"href":"https:\/\/www2.uepg.br\/sebisa\/wp-json\/wp\/v2\/pages\/155\/revisions"}],"predecessor-version":[{"id":365,"href":"https:\/\/www2.uepg.br\/sebisa\/wp-json\/wp\/v2\/pages\/155\/revisions\/365"}],"wp:attachment":[{"href":"https:\/\/www2.uepg.br\/sebisa\/wp-json\/wp\/v2\/media?parent=155"}],"curies":[{"name":"wp","href":"https:\/\/api.w.org\/{rel}","templated":true}]}}