{"id":157,"date":"2021-04-13T11:34:59","date_gmt":"2021-04-13T14:34:59","guid":{"rendered":"https:\/\/www2.uepg.br\/sebisa\/?page_id=157"},"modified":"2021-04-13T11:34:59","modified_gmt":"2021-04-13T14:34:59","slug":"educacao-fisica","status":"publish","type":"page","link":"https:\/\/www2.uepg.br\/sebisa\/educacao-fisica\/","title":{"rendered":"Educa\u00e7\u00e3o F\u00edsica"},"content":{"rendered":"","protected":false},"excerpt":{"rendered":"","protected":false},"author":305,"featured_media":0,"parent":0,"menu_order":0,"comment_status":"closed","ping_status":"closed","template":"","meta":[],"_links":{"self":[{"href":"https:\/\/www2.uepg.br\/sebisa\/wp-json\/wp\/v2\/pages\/157"}],"collection":[{"href":"https:\/\/www2.uepg.br\/sebisa\/wp-json\/wp\/v2\/pages"}],"about":[{"href":"https:\/\/www2.uepg.br\/sebisa\/wp-json\/wp\/v2\/types\/page"}],"author":[{"embeddable":true,"href":"https:\/\/www2.uepg.br\/sebisa\/wp-json\/wp\/v2\/users\/305"}],"replies":[{"embeddable":true,"href":"https:\/\/www2.uepg.br\/sebisa\/wp-json\/wp\/v2\/comments?post=157"}],"version-history":[{"count":2,"href":"https:\/\/www2.uepg.br\/sebisa\/wp-json\/wp\/v2\/pages\/157\/revisions"}],"predecessor-version":[{"id":580,"href":"https:\/\/www2.uepg.br\/sebisa\/wp-json\/wp\/v2\/pages\/157\/revisions\/580"}],"wp:attachment":[{"href":"https:\/\/www2.uepg.br\/sebisa\/wp-json\/wp\/v2\/media?parent=157"}],"curies":[{"name":"wp","href":"https:\/\/api.w.org\/{rel}","templated":true}]}}