{"id":159,"date":"2021-04-13T11:35:17","date_gmt":"2021-04-13T14:35:17","guid":{"rendered":"https:\/\/www2.uepg.br\/sebisa\/?page_id=159"},"modified":"2021-04-15T08:54:14","modified_gmt":"2021-04-15T11:54:14","slug":"bacharelado-2","status":"publish","type":"page","link":"https:\/\/www2.uepg.br\/sebisa\/bacharelado-2\/","title":{"rendered":"Bacharelado"},"content":{"rendered":"<h1 class=\"entry-title\">Bacharelado em Ci\u00eancias Biol\u00f3gicas<\/h1>\n<div class=\"entry-content\">\n<div class=\"at-above-post-page addthis_tool\" data-url=\"https:\/\/www3.uepg.br\/sebisa\/cursos\/graduacao\/ciencias-biologicas\/bacharelado-ciencias-biologicas\/\"><\/div>\n<p><a href=\"http:\/\/www.uepg.br\/catalogo\/cursos\/bacharelado_cienciasBiologicas.html\">Matriz Curricular<\/a><\/p>\n<hr \/>\n<h3 id=\"historico\">Hist\u00f3rico do Curso<\/h3>\n<p>O curso de Bacharelado em Ci\u00eancias Biol\u00f3gicas da Universidade Estadual de Ponta Grossa, criado em 2001, oferta anualmente 25 vagas no per\u00edodo integral (Campus Uvaranas, Ponta Grossa) e prop\u00f5e a forma\u00e7\u00e3o do Bacharel em Ci\u00eancias Biol\u00f3gicas em um per\u00edodo m\u00ednimo de 4 anos (8 semestres).<\/p>\n<p>O objetivo do curso de bacharelado em Ci\u00eancias Biol\u00f3gicas \u00e9 possibilitar a compreens\u00e3o da organiza\u00e7\u00e3o das formas de vida, a diferencia\u00e7\u00e3o dos organismos sob a a\u00e7\u00e3o de processos evolutivos, tendo resultado em uma diversidade de formas sobre as quais continuam atuando as press\u00f5es seletivas e os processos estoc\u00e1sticos da evolu\u00e7\u00e3o. Proporcionar a compreens\u00e3o da composi\u00e7\u00e3o e das estruturas dos organismos, incluindo os seres humanos, permitindo a elabora\u00e7\u00e3o de conceitos cient\u00edficos e, que todos os organismos constituem rela\u00e7\u00f5es de interdepend\u00eancia entre si e com o meio onde vivem. Possibilitar o entendimento das intera\u00e7\u00f5es entre os seres vivos e, a compreens\u00e3o das condi\u00e7\u00f5es f\u00edsicas do meio, do modo de vida e da organiza\u00e7\u00e3o funcional interna pr\u00f3prios das diferentes esp\u00e9cies e sistemas biol\u00f3gicos. Com a fundamenta\u00e7\u00e3o dos conte\u00fados b\u00e1sicos, \u00e9 objetivo do curso proporcionar forma\u00e7\u00e3o profissional espec\u00edfica nas \u00e1reas de Meio Ambiente, Sa\u00fade e Biotecnologia, onde o aluno pode escolher por direcionar sua forma\u00e7\u00e3o em uma destas \u00e1reas de atua\u00e7\u00e3o do profissional bi\u00f3logo, ou lograr forma\u00e7\u00e3o generalista. Com isso, possibilitar orienta\u00e7\u00f5es diferenciadas, nas v\u00e1rias sub\u00e1reas das Ci\u00eancias Biol\u00f3gicas, segundo o potencial vocacional das IES e as demandas regionais. Ainda, aspectos de forma\u00e7\u00e3o human\u00edstica deve ser dispensada \u00e0s rela\u00e7\u00f5es estabelecidas pelos seres humanos, dada a sua especificidade. Em tal abordagem, os conhecimentos biol\u00f3gicos n\u00e3o se dissociam dos sociais, pol\u00edticos, econ\u00f4micos e culturais.<\/p>\n<p>Para tanto, o curso tem como objeto oferecer ao acad\u00eamico fundamentos hist\u00f3ricos, conceituais e metodol\u00f3gicos na \u00e1rea de Ci\u00eancias Biol\u00f3gicas visando a forma\u00e7\u00e3o de profissionais com conhecimento cr\u00edtico do panorama cient\u00edfico e tecnol\u00f3gico contempor\u00e2neo em atendimento aos preceitos \u00e9ticos profissionais. Salienta-se a preocupa\u00e7\u00e3o com a inser\u00e7\u00e3o do aluno em quest\u00f5es sociais, econ\u00f4micas e ambientais regionais sem perder de vista a dimens\u00e3o da realidade nacional e internacional.<\/p>\n<p>O curso tem enfoque tamb\u00e9m na forma\u00e7\u00e3o de cidad\u00e3os \u00e9ticos comprometidos com a constru\u00e7\u00e3o da paz, da defesa dos direitos humanos e dos valores da democracia, capazes de enfrentar os atuais desafios dos direitos humanos, com a erradica\u00e7\u00e3o do preconceito e da discrimina\u00e7\u00e3o e a compreens\u00e3o multicultural. Assim, pretende-se formar sujeitos com consci\u00eancia cr\u00edtica e que exer\u00e7am sua cidadania de modo a consolidar as estruturas democr\u00e1ticas alicer\u00e7adas no respeito \u00e0 dignidade humana, contribuindo para a promo\u00e7\u00e3o da equidade de oportunidades para todos.<\/p>\n<p>A qualidade na forma\u00e7\u00e3o e inser\u00e7\u00e3o dos acad\u00eamicos no contexto profissional s\u00e3o conferidos por integra\u00e7\u00e3o de atividades de ensino, pesquisa e extens\u00e3o. A estrutura\u00e7\u00e3o do curso permite ao acad\u00eamico conciliar o conhecimento acerca das Ci\u00eancias Biol\u00f3gicas nas \u00e1reas de forma\u00e7\u00e3o b\u00e1sica (como Bioqu\u00edmica, Gen\u00e9tica, Zoologia, Bot\u00e2nica, Microbiologia, dentre outras) com adequada forma\u00e7\u00e3o te\u00f3rico-pr\u00e1tica em \u00e1reas espec\u00edficas, as quais representam um crescente potencial de desenvolvimento. Tal n\u00facleo de forma\u00e7\u00e3o espec\u00edfica \u00e9 constitu\u00eddo por conte\u00fados e atividades essenciais para a forma\u00e7\u00e3o do Bi\u00f3logo, capazes de conferir subs\u00eddios essenciais para sua atua\u00e7\u00e3o nas \u00e1reas de meio ambiente, sa\u00fade, biotecnologia ou de car\u00e1ter interdisciplinar e, consequentemente, definindo a sua identidade profissional.<\/p>\n<hr \/>\n<h3 id=\"competencias-e-habilidades\">Compet\u00eancias e Habilidades B\u00e1sicas<\/h3>\n<p>A forma\u00e7\u00e3o acad\u00eamica deve propiciar o desenvolvimento de compet\u00eancias e habilidades para atua\u00e7\u00e3o profissional com elevado n\u00edvel de capacita\u00e7\u00e3o e em conson\u00e2ncia com o estabelecido na Resolu\u00e7\u00e3o no. 227\/2010. De encontro \u00e0 amplitude e constante transforma\u00e7\u00e3o de seu campo de atua\u00e7\u00e3o profissional, o Bacharel em Ci\u00eancias Biol\u00f3gicas da Universidade Estadual de Ponta Grossa poder\u00e1 desenvolver atividades como:<\/p>\n<ul>\n<li>Pesquisa b\u00e1sica e aplicada nas diferentes \u00e1reas das Ci\u00eancias Biol\u00f3gicas com produ\u00e7\u00e3o de novos conhecimentos, na perspectiva de utiliz\u00e1-lo de forma cr\u00edtica e com crit\u00e9rios de comprometimento social;<\/li>\n<li>Elabora\u00e7\u00e3o e execu\u00e7\u00e3o de projetos, considerando as necessidades de desenvolvimento nas dimens\u00f5es sociais, profissionais e econ\u00f4micas;<\/li>\n<li>Desenvolvimento de atividades educacionais;<\/li>\n<li>Gest\u00e3o e execu\u00e7\u00e3o de atividades t\u00e9cnicas, no \u00e2mbito de sua forma\u00e7\u00e3o e em equipes multidisciplinares;<\/li>\n<li>Desenvolvimento de atividades inovadoras e a\u00e7\u00f5es estrat\u00e9gicas e empreendedoras, capazes de ampliar sua \u00e1rea de atua\u00e7\u00e3o e permitir a inser\u00e7\u00e3o em um mercado de trabalho em cont\u00ednua transforma\u00e7\u00e3o;<\/li>\n<li>Presta\u00e7\u00e3o de servi\u00e7os de consultoria, auditoria e per\u00edcia e emiss\u00e3o de laudos, relat\u00f3rios, exames, diagn\u00f3sticos, etc., no sentido de cumprimento de legisla\u00e7\u00e3o relativa \u00e0s Ci\u00eancias Biol\u00f3gicas;<\/li>\n<li>Atuar multi e interdisciplinarmente, interagindo com diferentes especialidades e diversos profissionais, de modo a estar preparado a cont\u00ednua mudan\u00e7a do mundo produtivo;<\/li>\n<li>Orientar escolhas e decis\u00f5es em valores e pressupostos metodol\u00f3gicos alinhados com a democracia, com o respeito \u00e0 diversidade \u00e9tnica e cultural, \u00e0s culturas aut\u00f3ctones e \u00e0 biodiversidade;<\/li>\n<li>Utilizar o conhecimento sobre organiza\u00e7\u00e3o, gest\u00e3o e financiamento da pesquisa e sobre a legisla\u00e7\u00e3o e pol\u00edticas p\u00fablicas referentes \u00e0 \u00e1rea;<\/li>\n<li>Entender o processo hist\u00f3rico de produ\u00e7\u00e3o do conhecimento das ci\u00eancias biol\u00f3gicas referente a conceitos\/princ\u00edpios\/teorias;<\/li>\n<li>Estabelecer rela\u00e7\u00f5es entre ci\u00eancia, tecnologia e sociedade;<\/li>\n<li>Comprometer-se com o desenvolvimento profissional constante, assumindo uma postura de flexibilidade e disponibilidade para mudan\u00e7as cont\u00ednuas, esclarecido quanto \u00e0s op\u00e7\u00f5es sindicais e corporativas inerentes ao exerc\u00edcio profissional.<\/li>\n<\/ul>\n<hr \/>\n<h3 id=\"perfil-profissional\">Perfil Profissional<\/h3>\n<p>O graduado em Ci\u00eancias Biol\u00f3gicas dever\u00e1 possuir uma forma\u00e7\u00e3o b\u00e1sica, ampla e s\u00f3lida, com adequada fundamenta\u00e7\u00e3o te\u00f3rico-pr\u00e1tica que inclua o conhecimento profundo da diversidade dos seres vivos, bem como sua organiza\u00e7\u00e3o em diferentes n\u00edveis, suas rela\u00e7\u00f5es filogen\u00e9ticas e evolutivas, suas respectivas distribui\u00e7\u00f5es e rela\u00e7\u00f5es com o ambiente em que vivem. Esta forma\u00e7\u00e3o deve propiciar o entendimento do processo hist\u00f3rico de constru\u00e7\u00e3o do conhecimento na \u00e1rea biol\u00f3gica, no que diz respeito a conceitos, princ\u00edpios e teorias, bem como a compreens\u00e3o do significado das Ci\u00eancias Biol\u00f3gicas para a sociedade e da sua responsabilidade como educador nos v\u00e1rios contextos de sua atua\u00e7\u00e3o profissional, consciente do seu papel na forma\u00e7\u00e3o de cidad\u00e3os.<\/p>\n<p>O Bi\u00f3logo deve se comprometer com os resultados de sua atua\u00e7\u00e3o, pautando sua conduta profissional por crit\u00e9rios human\u00edsticos e de rigor cient\u00edfico, bem como por referenciais \u00e9ticos e legais. Deve ainda, ter consci\u00eancia da realidade em que vai atuar e da necessidade de se tornar agente transformador dessa realidade, na busca da melhoria da qualidade de vida da popula\u00e7\u00e3o humana, assumindo a sua responsabilidade na preserva\u00e7\u00e3o da biodiversidade como patrim\u00f4nio da humanidade.<\/p>\n<p>Desta forma, O Bacharel em Ci\u00eancias Biol\u00f3gicas dever\u00e1 ser:<\/p>\n<ol>\n<li>generalista, cr\u00edtico, \u00e9tico, e cidad\u00e3o com esp\u00edrito de solidariedade;<\/li>\n<li>detentor de adequada fundamenta\u00e7\u00e3o te\u00f3rica, como base para uma a\u00e7\u00e3o competente, que inclua o conhecimento profundo da diversidade dos seres vivos, bem como sua organiza\u00e7\u00e3o e funcionamento em diferentes n\u00edveis, suas rela\u00e7\u00f5es filogen\u00e9ticas e evolutivas, suas respectivas distribui\u00e7\u00f5es e rela\u00e7\u00f5es com o meio em que vivem;<\/li>\n<li>consciente da necessidade de atuar com qualidade e responsabilidade em prol da conserva\u00e7\u00e3o e manejo da biodiversidade, pol\u00edticas de sa\u00fade, meio ambiente, biotecnologia, bioprospec\u00e7\u00e3o, biosseguran\u00e7a, na gest\u00e3o ambiental, tanto nos aspectos t\u00e9cnicos-cient\u00edficos, quanto na formula\u00e7\u00e3o de pol\u00edticas, e de se tornar agente transformador da realidade presente, na busca de melhoria da qualidade de vida;<\/li>\n<li>comprometido com os resultados de sua atua\u00e7\u00e3o, pautando sua conduta profissional por crit\u00e9rio human\u00edsticos, compromisso com a cidadania e rigor cient\u00edfico, bem como por referenciais \u00e9ticos legais;<\/li>\n<li>consciente de sua responsabilidade como educador, nos v\u00e1rios contextos de atua\u00e7\u00e3o profissional;<\/li>\n<li>apto a atuar multi e interdisciplinarmente, adapt\u00e1vel \u00e0 din\u00e2mica do mercado de trabalho e \u00e0s situa\u00e7\u00f5es de mudan\u00e7a cont\u00ednua do mesmo;<\/li>\n<li>preparado para desenvolver ideias inovadoras e a\u00e7\u00f5es estrat\u00e9gicas, ca-pazes de ampliar e aperfei\u00e7oar sua \u00e1rea de atua\u00e7\u00e3o.<\/li>\n<\/ol>\n<hr \/>\n<h3 id=\"estrutura-contato\">Estrutura e Contato\u00a0do Colegiado<\/h3>\n<p>Colegiado de Curso em Bacharelado em Ci\u00eancias Biol\u00f3gicas \u2013 e-mail: colbachbio@uepg.br<\/p>\n<p><strong>Coordenador:<\/strong>\u00a0Prof. Dr. Marcelo Ricardo Vicari (e-mail:\u00a0<a href=\"mailto:vicarimr@uepg.br\">vicarimr@uepg.br<\/a>);<\/p>\n<p><strong>Vice-coordenadora:\u00a0<\/strong>\u00a0Profa. Dra. Marta Regina Barrotto do Carmo (e-mail: mrcarmo@uepg.br)<\/p>\n<hr \/>\n<h3 id=\"membros\">Membros do Colegiado<\/h3>\n<ul>\n<li>Profa. Dra. Maysa de Lima Leite<\/li>\n<li>Profa. Dra. Susete Wambier Christo<\/li>\n<li>\u00a0Profa. Dra. Iriane Eger<\/li>\n<li>Prof. Dr. Gilson Burigo Guimar\u00e3es<\/li>\n<li>Profa. Dra. Akemi Teramoto de Camargo<\/li>\n<li>Prof. Dr. Mateus Henrique Santos<\/li>\n<li>Prof. Dr. Marcos Pileggi<\/li>\n<li>Representante discente Leonardo Tozetto<\/li>\n<\/ul>\n<hr \/>\n<h3 id=\"nucleo-docente\">N\u00facleo Docente Estruturante<\/h3>\n<ul>\n<li>Prof. Dr. Marcelo Ricardo Vicari<\/li>\n<li>Profa. Dra. Susete Wambier Christo<\/li>\n<li>Profa. Dra. Ivana de Freitas Barbola<\/li>\n<li>Profa. Dra. Rosangela Capuano Tardivo<\/li>\n<li>Profa. Dra. Jesiane Stefania da Silva Batista<\/li>\n<\/ul>\n<hr \/>\n<h3 id=\"info\">Informa\u00e7\u00f5es adicionais<\/h3>\n<p>O curso de Bacharelado em Ci\u00eancias Biol\u00f3gicas da Universidade Estadual de Ponta Grossa \u00e9 considerado o terceiro melhor curso de Ci\u00eancias Biol\u00f3gicas do Paran\u00e1 e figura entre os vinte melhores cursos do Brasil, segundo a avalia\u00e7\u00e3o do Exame Nacional de Cursos (ENADE), onde recebeu conceito 4 (em escala de 1 a 5). O curso tradicionalmente recebe o conceito 4 estrelas na avalia\u00e7\u00e3o do Guia do Estudante da Editora abril. No ano de 2017, as Ci\u00eancias Biol\u00f3gicas \u2013 Bacharelado da UEPG foi contemplado com o selo de Qualidade de Cursos do Conselho Federal de Biologia (CFBio), logo que reconhece os melhores cursos de Ci\u00eancias Biol\u00f3gicas do pa\u00eds.<\/p>\n<\/div>\n","protected":false},"excerpt":{"rendered":"<p>Bacharelado em Ci\u00eancias Biol\u00f3gicas Matriz Curricular Hist\u00f3rico do Curso O curso de Bacharelado em Ci\u00eancias Biol\u00f3gicas da Universidade Estadual de Ponta Grossa, criado em 2001, oferta anualmente 25 vagas no per\u00edodo integral (Campus Uvaranas, Ponta Grossa) e prop\u00f5e a forma\u00e7\u00e3o do Bacharel em Ci\u00eancias Biol\u00f3gicas em um per\u00edodo m\u00ednimo de 4 anos (8 semestres). O&nbsp;&hellip;<\/p>\n","protected":false},"author":305,"featured_media":0,"parent":0,"menu_order":0,"comment_status":"closed","ping_status":"closed","template":"","meta":[],"_links":{"self":[{"href":"https:\/\/www2.uepg.br\/sebisa\/wp-json\/wp\/v2\/pages\/159"}],"collection":[{"href":"https:\/\/www2.uepg.br\/sebisa\/wp-json\/wp\/v2\/pages"}],"about":[{"href":"https:\/\/www2.uepg.br\/sebisa\/wp-json\/wp\/v2\/types\/page"}],"author":[{"embeddable":true,"href":"https:\/\/www2.uepg.br\/sebisa\/wp-json\/wp\/v2\/users\/305"}],"replies":[{"embeddable":true,"href":"https:\/\/www2.uepg.br\/sebisa\/wp-json\/wp\/v2\/comments?post=159"}],"version-history":[{"count":2,"href":"https:\/\/www2.uepg.br\/sebisa\/wp-json\/wp\/v2\/pages\/159\/revisions"}],"predecessor-version":[{"id":362,"href":"https:\/\/www2.uepg.br\/sebisa\/wp-json\/wp\/v2\/pages\/159\/revisions\/362"}],"wp:attachment":[{"href":"https:\/\/www2.uepg.br\/sebisa\/wp-json\/wp\/v2\/media?parent=159"}],"curies":[{"name":"wp","href":"https:\/\/api.w.org\/{rel}","templated":true}]}}