{"id":161,"date":"2021-04-13T11:35:38","date_gmt":"2021-04-13T14:35:38","guid":{"rendered":"https:\/\/www2.uepg.br\/sebisa\/?page_id=161"},"modified":"2021-04-15T08:55:19","modified_gmt":"2021-04-15T11:55:19","slug":"licenciatura-2","status":"publish","type":"page","link":"https:\/\/www2.uepg.br\/sebisa\/licenciatura-2\/","title":{"rendered":"Licenciatura"},"content":{"rendered":"<h1 class=\"entry-title\">Licenciatura em Ci\u00eancias Biol\u00f3gicas<\/h1>\n<div class=\"entry-content\">\n<div class=\"at-above-post-page addthis_tool\" data-url=\"https:\/\/www3.uepg.br\/sebisa\/cursos\/graduacao\/ciencias-biologicas\/licenciatura-ciencias-biologicas\/\"><\/div>\n<p><a href=\"http:\/\/www.uepg.br\/catalogo\/cursos\/licenciatura_cienciasBiologicas.html\">Matriz Curricular<\/a><\/p>\n<hr \/>\n<h3 id=\"historico\">Hist\u00f3rico do Curso<\/h3>\n<p>O curso de Licenciatura em Ci\u00eancias Biol\u00f3gicas da UEPG foi criado em 09\/09\/1986\u00a0 por uma decis\u00e3o do Conselho de Administra\u00e7\u00e3o da Universidade (Resolu\u00e7\u00e3o CA 059\/1986) a partir do Curso de Licenciatura em Ci\u00eancias (que formava docentes nas \u00e1reas de Biologia, F\u00edsica e Qu\u00edmica) para atender a demanda de alunos que queriam se aprofundar, durante a gradua\u00e7\u00e3o, em disciplinas espec\u00edficas da Biologia. A solicita\u00e7\u00e3o do Departamento de Biologia Geral aos Conselhos Superiores da UEPG foi para a substitui\u00e7\u00e3o do Curso de Licenciatura em Ci\u00eancias (habilita\u00e7\u00e3o em Biologia) pelo Curso de Licenciatura em Ci\u00eancias Biol\u00f3gicas. Em 28 de Outubro de 1992 (alguns meses antes da formatura da primeira turma), o curso foi reconhecido pelo Governo do Paran\u00e1 (Portaria Ministerial no. 899, de 24.06.93, D.O.U. n\u00ba 119 de 25.06.93).<\/p>\n<p>A\u00a0<a href=\"http:\/\/portal.mec.gov.br\/cne\/arquivos\/pdf\/CES07-2002.pdf\">Resolu\u00e7\u00e3o CNE\/CES n\u00ba 7, de 11 de mar\u00e7o de 2002<\/a>\u00a0definiu e estabeleceu as Diretrizes Curriculares espec\u00edficas para o Bacharelado e Licenciatura em Ci\u00eancias Biol\u00f3gicas. Na UEPG, a partir de uma nova reformula\u00e7\u00e3o curricular da Licenciatura em Ci\u00eancias Biol\u00f3gicas e a implanta\u00e7\u00e3o do Bacharelado (Resolu\u00e7\u00e3o CA no. 95, de 29 de Mar\u00e7o de 2001), foi constitu\u00eddo um novo formato de curso, com independ\u00eancia curricular para ambos os cursos de Ci\u00eancias Biol\u00f3gicas.<\/p>\n<p>Quanto ao conte\u00fado dos princ\u00edpios norteadores do projeto pedag\u00f3gico do curso de Licenciatura em Ci\u00eancias Biol\u00f3gicas, houve algumas altera\u00e7\u00f5es na seria\u00e7\u00e3o e distribui\u00e7\u00e3o de carga hor\u00e1ria de algumas disciplinas. A redistribui\u00e7\u00e3o de carga hor\u00e1ria recaiu, principalmente, na pr\u00e1tica como componente curricular apresentada na disciplina articuladora Laborat\u00f3rio de Ensino, cuja carga hor\u00e1ria foi redistribu\u00edda entre os quatro anos do curso. Algumas diferen\u00e7as quanto ao projeto anterior foram: (1) a estrutura curricular concentrada em turnos Vespertino e Noturno, o que facilita a participa\u00e7\u00e3o dos alunos em projetos de pesquisa e extens\u00e3o, ou programas como o PIBID, entre outros; (2) a atua\u00e7\u00e3o profissional no mercado de trabalho voltado para o ensino fundamental, m\u00e9dio e ensino superior; (3) a conscientiza\u00e7\u00e3o do papel do licenciando na forma\u00e7\u00e3o de cidad\u00e3os preocupados com quest\u00f5es s\u00f3cio-ambientais, atrav\u00e9s da aproxima\u00e7\u00e3o do conte\u00fado ao cotidiano dos alunos; (4) sedimenta\u00e7\u00e3o do conhecimento cient\u00edfico, capacitando os formandos ao ingresso em programas de p\u00f3s-gradua\u00e7\u00e3o, inclusive na \u00e1rea de Educa\u00e7\u00e3o (Tolentino, 2010).<\/p>\n<p>Atualmente, o curso tamb\u00e9m conta com o desenvolvimento de diversos projetos de pesquisa e extens\u00e3o, dando a oportunidade aos discentes de vivenciar a pr\u00e1tica cient\u00edfica e docente em ambientes formais e informais, tanto no meio acad\u00eamico quanto nas escolas e na comunidade. Entre esses, um dos destaques \u00e9 a Mostra do Laborat\u00f3rio de Ensino de Ci\u00eancias e Biologia, que ocorre anualmente, e visa a exposi\u00e7\u00e3o de trabalhos desenvolvidos pelos licenciandos para centenas de escolares, professores e comunidade em geral, aproximando a Escola, a Universidade e a Ci\u00eancia de forma l\u00fadica.<\/p>\n<hr \/>\n<h3 id=\"contato\">Contato do Colegiado<\/h3>\n<p>Telefone: (42) 3220-3125<\/p>\n<p>E-mails: colbiolic@uepg.br ou colbiolic@gmail.com<\/p>\n<hr \/>\n<h3 id=\"estrutura\">Estrutura do Colegiado<\/h3>\n<ul>\n<li>Prof Iriane Eger \u2013 Coordenadora (Depto de Biologia Geral) \u2013\u00a0 Coordenadora<\/li>\n<li>Cristina Lucia Sant\u2019ana Costa Ayub ( Depto de Biologia Estrutural Molecular e Gen\u00e9tica)<\/li>\n<li>Prof Ester de Moura Rios (Depto de Biologia Geral)<\/li>\n<li>Prof Jos\u00e9 Fabiano Costa Justus (Depto de Biologia Geral)<\/li>\n<li>Adriana Ribeiro Ferreira (Membro Prof. Ricardo Von Borel Du Vennay)<\/li>\n<li>Prof Neide Keiko Kravchychyn Cappelletti (Departamento de Pedagogia)<\/li>\n<li>Prof Rafael Mazer Etto (Departamento de Qu\u00edmica)<\/li>\n<li>Matheus Henrique Santos ( Depto de Biologia Estrutural Molecular e Gen\u00e9tica)<\/li>\n<li>Betina Heerdt ( Depto Biologia Geral)<\/li>\n<li>Lucas Stori de Lara ( Depto de F\u00edsica)<\/li>\n<\/ul>\n<hr \/>\n<h3 id=\"info\">Informa\u00e7\u00f5es Adicionais<\/h3>\n<p>Sites do Curso:<\/p>\n<ol>\n<li>Portal UEPG:\u00a0<a href=\"http:\/\/www.uepg.br\/catalogo\/cursos\/licenciatura_cienciasBiologicas.html\">http:\/\/www.uepg.br\/catalogo\/cursos\/licenciatura_cienciasBiologicas.html<\/a><\/li>\n<li>Portal das Licenciaturas (UEPG):\u00a0<a href=\"http:\/\/uepg.vwi.com.br\/conteudo\/29\/Ciencias+Biologicas\">http:\/\/uepg.vwi.com.br\/conteudo\/29\/Ciencias+Biologicas<\/a><\/li>\n<li>P\u00e1gina da Mostra de Laborat\u00f3rio de Ensino em Ci\u00eancias e Biologia:\u00a0<a href=\"https:\/\/www.facebook.com\/mostralabensino\/\">https:\/\/www.facebook.com\/mostralabensino\/<\/a><\/li>\n<li>Site da Mostra do Laborat\u00f3rio de Ensino em Ci\u00eancias e Biologia:\u00a0<a href=\"http:\/\/eventos.uepg.br\/mostralaboratorioensino\/inicio.php\">http:\/\/eventos.uepg.br\/mostralaboratorioensino\/inicio.php<\/a><\/li>\n<li>P\u00e1gina da SAEB (Semana Acad\u00eamica da Biologia):\u00a0<a href=\"https:\/\/www.facebook.com\/SAEB.UEPG\/\">https:\/\/www.facebook.com\/SAEB.UEPG\/<\/a><\/li>\n<li>Site da SAEB:\u00a0<a href=\"http:\/\/pitangui.uepg.br\/eventos\/saeb\/\">http:\/\/pitangui.uepg.br\/eventos\/saeb\/<\/a><\/li>\n<\/ol>\n<\/div>\n","protected":false},"excerpt":{"rendered":"<p>Licenciatura em Ci\u00eancias Biol\u00f3gicas Matriz Curricular Hist\u00f3rico do Curso O curso de Licenciatura em Ci\u00eancias Biol\u00f3gicas da UEPG foi criado em 09\/09\/1986\u00a0 por uma decis\u00e3o do Conselho de Administra\u00e7\u00e3o da Universidade (Resolu\u00e7\u00e3o CA 059\/1986) a partir do Curso de Licenciatura em Ci\u00eancias (que formava docentes nas \u00e1reas de Biologia, F\u00edsica e Qu\u00edmica) para atender a&nbsp;&hellip;<\/p>\n","protected":false},"author":305,"featured_media":0,"parent":0,"menu_order":0,"comment_status":"closed","ping_status":"closed","template":"","meta":[],"_links":{"self":[{"href":"https:\/\/www2.uepg.br\/sebisa\/wp-json\/wp\/v2\/pages\/161"}],"collection":[{"href":"https:\/\/www2.uepg.br\/sebisa\/wp-json\/wp\/v2\/pages"}],"about":[{"href":"https:\/\/www2.uepg.br\/sebisa\/wp-json\/wp\/v2\/types\/page"}],"author":[{"embeddable":true,"href":"https:\/\/www2.uepg.br\/sebisa\/wp-json\/wp\/v2\/users\/305"}],"replies":[{"embeddable":true,"href":"https:\/\/www2.uepg.br\/sebisa\/wp-json\/wp\/v2\/comments?post=161"}],"version-history":[{"count":2,"href":"https:\/\/www2.uepg.br\/sebisa\/wp-json\/wp\/v2\/pages\/161\/revisions"}],"predecessor-version":[{"id":363,"href":"https:\/\/www2.uepg.br\/sebisa\/wp-json\/wp\/v2\/pages\/161\/revisions\/363"}],"wp:attachment":[{"href":"https:\/\/www2.uepg.br\/sebisa\/wp-json\/wp\/v2\/media?parent=161"}],"curies":[{"name":"wp","href":"https:\/\/api.w.org\/{rel}","templated":true}]}}