{"id":163,"date":"2021-04-13T11:36:04","date_gmt":"2021-04-13T14:36:04","guid":{"rendered":"https:\/\/www2.uepg.br\/sebisa\/?page_id=163"},"modified":"2021-04-15T08:57:22","modified_gmt":"2021-04-15T11:57:22","slug":"licenciatura-ead-uab","status":"publish","type":"page","link":"https:\/\/www2.uepg.br\/sebisa\/licenciatura-ead-uab\/","title":{"rendered":"Licenciatura (EAD\/UAB)"},"content":{"rendered":"<h1 class=\"entry-title\">Licenciatura em Educa\u00e7\u00e3o F\u00edsica \u2013 EAD\/UAB<\/h1>\n<div class=\"entry-content\">\n<div class=\"at-above-post-page addthis_tool\" data-url=\"https:\/\/www3.uepg.br\/sebisa\/cursos\/graduacao\/educacao-fisica\/licenciatura-educacao-fisica-uab\/\"><\/div>\n<p><a href=\"http:\/\/www.uepg.br\/catalogo\/cursos\/licenciatura_edfisicaUAB.html\" target=\"_blank\" rel=\"noopener\">Matriz Curricular<\/a><\/p>\n<p>[Em constru\u00e7\u00e3o]<\/p><\/div>\n","protected":false},"excerpt":{"rendered":"<p>Licenciatura em Educa\u00e7\u00e3o F\u00edsica \u2013 EAD\/UAB Matriz Curricular [Em constru\u00e7\u00e3o]<\/p>\n","protected":false},"author":305,"featured_media":0,"parent":0,"menu_order":0,"comment_status":"closed","ping_status":"closed","template":"","meta":[],"_links":{"self":[{"href":"https:\/\/www2.uepg.br\/sebisa\/wp-json\/wp\/v2\/pages\/163"}],"collection":[{"href":"https:\/\/www2.uepg.br\/sebisa\/wp-json\/wp\/v2\/pages"}],"about":[{"href":"https:\/\/www2.uepg.br\/sebisa\/wp-json\/wp\/v2\/types\/page"}],"author":[{"embeddable":true,"href":"https:\/\/www2.uepg.br\/sebisa\/wp-json\/wp\/v2\/users\/305"}],"replies":[{"embeddable":true,"href":"https:\/\/www2.uepg.br\/sebisa\/wp-json\/wp\/v2\/comments?post=163"}],"version-history":[{"count":2,"href":"https:\/\/www2.uepg.br\/sebisa\/wp-json\/wp\/v2\/pages\/163\/revisions"}],"predecessor-version":[{"id":366,"href":"https:\/\/www2.uepg.br\/sebisa\/wp-json\/wp\/v2\/pages\/163\/revisions\/366"}],"wp:attachment":[{"href":"https:\/\/www2.uepg.br\/sebisa\/wp-json\/wp\/v2\/media?parent=163"}],"curies":[{"name":"wp","href":"https:\/\/api.w.org\/{rel}","templated":true}]}}