{"id":165,"date":"2021-04-13T11:36:18","date_gmt":"2021-04-13T14:36:18","guid":{"rendered":"https:\/\/www2.uepg.br\/sebisa\/?page_id=165"},"modified":"2021-04-15T08:58:19","modified_gmt":"2021-04-15T11:58:19","slug":"farmacia","status":"publish","type":"page","link":"https:\/\/www2.uepg.br\/sebisa\/farmacia\/","title":{"rendered":"FARM\u00c1CIA"},"content":{"rendered":"<h1 class=\"entry-title\">Farm\u00e1cia<\/h1>\n<div class=\"entry-content\">\n<div class=\"at-above-post-page addthis_tool\" data-url=\"https:\/\/www3.uepg.br\/sebisa\/cursos\/graduacao\/farmacia\/\"><\/div>\n<p><a href=\"http:\/\/www.uepg.br\/catalogo\/cursos\/farmacia.html\" target=\"_blank\" rel=\"noopener\">Matriz Curricular<\/a><\/p>\n<hr \/>\n<h3 id=\"historico\">Hist\u00f3rico do Colegiado<\/h3>\n<p>O Colegiado de Farm\u00e1cia e Bioqu\u00edmica foi criado a partir de 1975 e reuniu-se pela primeira vez em 01\/10\/1975. A atual chefia \u00e9 composta pelos seguintes professores: Marcia Viviane Marcon (Coordenadora) e Vanessa Gon\u00e7alves Lima Torres (vice-coordenadora), al\u00e9m dos professores que representam cada departamento envolvido no curso de Farm\u00e1cia, abaixo explicitados: Flavio Lu\u00eds Beltrame, Ana Paula Veber e Gerusa Halila Possagno (DEFAR), Danielle Kalva Borato (DECLIN), Erildo Vicente Muller (DENSP), Henriette Rosa de Oliveira Emilio (DEBIO), Carolina Galvao (DEBIOGEN) e Cassia Gon\u00e7alves Magalh\u00e3es (DEQUIM)<\/p>\n<p>O curso de Farm\u00e1cia \u00e9 um dos primeiros cursos da UEPG e ao longo dos seus 61 anos sempre se destacou pela presta\u00e7\u00e3o de servi\u00e7os e intera\u00e7\u00e3o com a comunidade.<\/p>\n<p>Em 2004 teve sua grade modificada, adequando-se \u00e0s Diretrizes Curriculares Nacionais (Resolu\u00e7\u00e3o CNE\/CES 2, DE 19 DE Fevereiro DE 2002) e passando a ter a forma\u00e7\u00e3o generalista. Outro destaque da reformula\u00e7\u00e3o curricular, foi a inclus\u00e3o de est\u00e1gios em todas as s\u00e9ries do curso, de forma a possibilitar a integra\u00e7\u00e3o dos conte\u00fados das diversas disciplinas.<\/p>\n<p>A qualifica\u00e7\u00e3o profissional dos acad\u00eamicos formados na UEPG \u00e9 reconhecida nacionalmente nas \u00e1reas de An\u00e1lises Cl\u00ednicas e Aten\u00e7\u00e3o Farmac\u00eautica, permitindo que os acad\u00eamicos consigam r\u00e1pida inser\u00e7\u00e3o no mercado de trabalho.<\/p>\n<p>Nas avalia\u00e7\u00f5es realizadas, o curso vem se destacando ao longo dos anos e obtendo sempre as melhores notas no ENADE (Exame Nacional de Desempenho de Estudantes) e nas avalia\u00e7\u00f5es do Guia de Estudante. Em 2016, atingiu a nota m\u00e1xima no ENADE e obteve o 7\u00b0 (s\u00e9timo) lugar geral, sendo o \u00fanico curso de Farm\u00e1cia no Paran\u00e1 com o conceito 5,0.<\/p>\n<hr \/>\n<h3 id=\"estrutura\">Estrutura do Colegiado<\/h3>\n<p><strong>Coordenadora<\/strong><br \/>\nAna Paula VEBER(DEFAR0<br \/>\nanapaulaveber@hotmail.com<\/p>\n<p><strong>Vice-coordenador<\/strong><br \/>\nDanielle Cristyane Kalva Borato<br \/>\ndekalva@hotmail.com (DeECLIN)<\/p>\n<p><strong>Membros<\/strong><br \/>\n<em>Defar<\/em><br \/>\nFlavio Lu\u00eds Beltrame<br \/>\nflaviobeltra@gmail.com<\/p>\n<p>Ana Paula Veber<br \/>\nanapaulaveber@hotmail.com<\/p>\n<p>Gerusa Halila Possagno<br \/>\ngerusach@hotmail.com<\/p>\n<p><em>Densp<\/em><br \/>\nErildo Vicente Muller<br \/>\nerildomuller@hotmail.com<\/p>\n<p><em>Declin<\/em><br \/>\nDanielle Kalva Borato<br \/>\ndckalva@hotmail.com<\/p>\n<p><em>Debio<\/em><br \/>\nHenriette Rosa de Oliveira Emilio<br \/>\nhenry.emilio@gmail.com<\/p>\n<p><em>Debiogem<\/em><br \/>\nCarolina Galvao<br \/>\ncarolinawgalvao@hotmail.com<\/p>\n<p><em>Dequin<\/em><br \/>\nCassia Gon\u00e7alves Magalh\u00e3es<br \/>\ncgmagalhaes@uepg.br<\/p>\n<\/div>\n","protected":false},"excerpt":{"rendered":"<p>Farm\u00e1cia Matriz Curricular Hist\u00f3rico do Colegiado O Colegiado de Farm\u00e1cia e Bioqu\u00edmica foi criado a partir de 1975 e reuniu-se pela primeira vez em 01\/10\/1975. A atual chefia \u00e9 composta pelos seguintes professores: Marcia Viviane Marcon (Coordenadora) e Vanessa Gon\u00e7alves Lima Torres (vice-coordenadora), al\u00e9m dos professores que representam cada departamento envolvido no curso de Farm\u00e1cia,&nbsp;&hellip;<\/p>\n","protected":false},"author":305,"featured_media":0,"parent":0,"menu_order":0,"comment_status":"closed","ping_status":"closed","template":"","meta":[],"_links":{"self":[{"href":"https:\/\/www2.uepg.br\/sebisa\/wp-json\/wp\/v2\/pages\/165"}],"collection":[{"href":"https:\/\/www2.uepg.br\/sebisa\/wp-json\/wp\/v2\/pages"}],"about":[{"href":"https:\/\/www2.uepg.br\/sebisa\/wp-json\/wp\/v2\/types\/page"}],"author":[{"embeddable":true,"href":"https:\/\/www2.uepg.br\/sebisa\/wp-json\/wp\/v2\/users\/305"}],"replies":[{"embeddable":true,"href":"https:\/\/www2.uepg.br\/sebisa\/wp-json\/wp\/v2\/comments?post=165"}],"version-history":[{"count":2,"href":"https:\/\/www2.uepg.br\/sebisa\/wp-json\/wp\/v2\/pages\/165\/revisions"}],"predecessor-version":[{"id":367,"href":"https:\/\/www2.uepg.br\/sebisa\/wp-json\/wp\/v2\/pages\/165\/revisions\/367"}],"wp:attachment":[{"href":"https:\/\/www2.uepg.br\/sebisa\/wp-json\/wp\/v2\/media?parent=165"}],"curies":[{"name":"wp","href":"https:\/\/api.w.org\/{rel}","templated":true}]}}