{"id":193,"date":"2021-04-13T11:41:32","date_gmt":"2021-04-13T14:41:32","guid":{"rendered":"https:\/\/www2.uepg.br\/sebisa\/?page_id=193"},"modified":"2021-04-16T09:51:32","modified_gmt":"2021-04-16T12:51:32","slug":"naevi","status":"publish","type":"page","link":"https:\/\/www2.uepg.br\/sebisa\/naevi\/","title":{"rendered":"NAEVI"},"content":{"rendered":"<div id=\"pl-193\"  class=\"panel-layout\" ><div id=\"pg-193-0\"  class=\"panel-grid panel-no-style\" ><div id=\"pgc-193-0-0\"  class=\"panel-grid-cell\" ><div id=\"panel-193-0-0-0\" class=\"so-panel widget widget_sow-editor panel-first-child\" data-index=\"0\" ><div\n\t\t\t\n\t\t\tclass=\"so-widget-sow-editor so-widget-sow-editor-base\"\n\t\t\t\n\t\t>\n<div class=\"siteorigin-widget-tinymce textwidget\">\n\t<p><a href=\"http:\/\/www2.uepg.br\/sebisa\/wp-content\/uploads\/sites\/183\/2021\/04\/NAEVI.jpg\"><img loading=\"lazy\" class=\"aligncenter wp-image-533 size-full\" src=\"http:\/\/www2.uepg.br\/sebisa\/wp-content\/uploads\/sites\/183\/2021\/04\/NAEVI.jpg\" alt=\"\" width=\"960\" height=\"720\" srcset=\"https:\/\/www2.uepg.br\/sebisa\/wp-content\/uploads\/sites\/183\/2021\/04\/NAEVI.jpg 960w, https:\/\/www2.uepg.br\/sebisa\/wp-content\/uploads\/sites\/183\/2021\/04\/NAEVI-300x225.jpg 300w, https:\/\/www2.uepg.br\/sebisa\/wp-content\/uploads\/sites\/183\/2021\/04\/NAEVI-768x576.jpg 768w\" sizes=\"(max-width: 960px) 100vw, 960px\" \/><\/a><\/p>\n<h2 style=\"text-align: left;\">N\u00facleo Avan\u00e7ado de Estudos da Vida<\/h2>\n<p style=\"text-align: left;\">O N\u00facleo Avan\u00e7ado de Estudos da Vida (NAEVI), \u00f3rg\u00e3o complementar do Setor de Ci\u00eancias Biol\u00f3gicas e da Sa\u00fade da UEPG, possui como objetivo a cria\u00e7\u00e3o e manuten\u00e7\u00e3o de animais para atividades exclusivamente cient\u00edficas. O NAEVI segue as normas preconizadas\u00a0<em><a href=\"http:\/\/oacu.od.nih.gov\/\" target=\"_blank\" rel=\"noopener\">National Research Council. Guide for the care and use of laboratory animals<\/a><\/em><em>, da\u00a0<\/em><a href=\"http:\/\/www.cobea.org.br\/\" target=\"_blank\" rel=\"noopener\">Sociedade Brasileira de Ci\u00eancia em Animais de Laborat\u00f3rio \u2013 SBCAL\u00a0<\/a>e da\u00a0<a href=\"http:\/\/www.planalto.gov.br\/ccivil_03\/_ato2007-2010\/2008\/lei\/l11794.htm\/\" target=\"_blank\" rel=\"noopener\">lei n\u00ba 11.794, S\u00e9rgio Arouca de 2008<\/a>, tornando-o compat\u00edvel com os padr\u00f5es internacionais na produ\u00e7\u00e3o e experimenta\u00e7\u00e3o de animais de laborat\u00f3rio.<\/p>\n<\/div>\n<\/div><\/div><div id=\"panel-193-0-0-1\" class=\"so-panel widget widget_sow-button\" data-index=\"1\" ><div\n\t\t\t\n\t\t\tclass=\"so-widget-sow-button so-widget-sow-button-atom-ad6556afe785-193\"\n\t\t\t\n\t\t><div class=\"ow-button-base ow-button-align-center\">\n\t<a href=\"https:\/\/www2.uepg.br\/sebisa\/?page_id=539&#038;preview=true\" class=\"ow-icon-placement-left ow-button-hover\" target=\"_blank\" rel=\"noopener noreferrer\" \t\t>\n\t\t<span>\n\t\t\t\n\t\t\tSolicitar Animais\t\t<\/span>\n\t<\/a>\n<\/div>\n<\/div><\/div><div id=\"panel-193-0-0-2\" class=\"so-panel widget widget_sow-editor panel-last-child\" data-index=\"2\" ><div\n\t\t\t\n\t\t\tclass=\"so-widget-sow-editor so-widget-sow-editor-base\"\n\t\t\t\n\t\t>\n<div class=\"siteorigin-widget-tinymce textwidget\">\n\t<div id=\"forbottom\">\n<section id=\"container\" class=\"one-column\">\n<div id=\"content\" role=\"main\">\n<div id=\"post-33\" class=\"post-33 page type-page status-publish hentry\">\n<div class=\"entry-content\">\n<p style=\"text-align: center;\">Telefone NAEVI:3220-3159<\/p>\n<div class=\"at-below-post-page addthis_tool\" data-url=\"https:\/\/www3.uepg.br\/sebisa\/servicos\/naevi\/\"><\/div>\n<div><\/div>\n<\/div>\n<\/div>\n<\/div>\n<\/section>\n<div><\/div>\n<\/div>\n<footer id=\"footer\" role=\"contentinfo\">\n<div id=\"colophon\">\n<div id=\"footer-widget-area\" class=\"footerthree\" role=\"complementary\">\n<div id=\"first\" class=\"widget-area\">\n<p>&nbsp;<\/p>\n<\/div>\n<\/div>\n<\/div>\n<\/footer>\n<\/div>\n<\/div><\/div><\/div><\/div><\/div>","protected":false},"excerpt":{"rendered":"<p>N\u00facleo Avan\u00e7ado de Estudos da Vida O N\u00facleo Avan\u00e7ado de Estudos da Vida (NAEVI), \u00f3rg\u00e3o complementar do Setor de Ci\u00eancias Biol\u00f3gicas e da Sa\u00fade da UEPG, possui como objetivo a cria\u00e7\u00e3o e manuten\u00e7\u00e3o de animais para atividades exclusivamente cient\u00edficas. O NAEVI segue as normas preconizadas\u00a0National Research Council. Guide for the care and use of laboratory&nbsp;&hellip;<\/p>\n","protected":false},"author":305,"featured_media":0,"parent":0,"menu_order":0,"comment_status":"closed","ping_status":"closed","template":"","meta":[],"_links":{"self":[{"href":"https:\/\/www2.uepg.br\/sebisa\/wp-json\/wp\/v2\/pages\/193"}],"collection":[{"href":"https:\/\/www2.uepg.br\/sebisa\/wp-json\/wp\/v2\/pages"}],"about":[{"href":"https:\/\/www2.uepg.br\/sebisa\/wp-json\/wp\/v2\/types\/page"}],"author":[{"embeddable":true,"href":"https:\/\/www2.uepg.br\/sebisa\/wp-json\/wp\/v2\/users\/305"}],"replies":[{"embeddable":true,"href":"https:\/\/www2.uepg.br\/sebisa\/wp-json\/wp\/v2\/comments?post=193"}],"version-history":[{"count":7,"href":"https:\/\/www2.uepg.br\/sebisa\/wp-json\/wp\/v2\/pages\/193\/revisions"}],"predecessor-version":[{"id":543,"href":"https:\/\/www2.uepg.br\/sebisa\/wp-json\/wp\/v2\/pages\/193\/revisions\/543"}],"wp:attachment":[{"href":"https:\/\/www2.uepg.br\/sebisa\/wp-json\/wp\/v2\/media?parent=193"}],"curies":[{"name":"wp","href":"https:\/\/api.w.org\/{rel}","templated":true}]}}