{"id":201,"date":"2021-04-13T11:42:25","date_gmt":"2021-04-13T14:42:25","guid":{"rendered":"https:\/\/www2.uepg.br\/sebisa\/?page_id=201"},"modified":"2021-04-15T09:10:03","modified_gmt":"2021-04-15T12:10:03","slug":"farmacia-escola","status":"publish","type":"page","link":"https:\/\/www2.uepg.br\/sebisa\/farmacia-escola\/","title":{"rendered":"FARM\u00c1CIA ESCOLA"},"content":{"rendered":"<h1 class=\"entry-title\" style=\"text-align: left;\">Farm\u00e1cia Escola Prof. Hor\u00e1cio Droppa<\/h1>\n<div class=\"entry-content\">\n<div class=\"at-above-post-page addthis_tool\" style=\"text-align: left;\" data-url=\"https:\/\/www3.uepg.br\/sebisa\/servicos\/farmacia-escola\/\"><\/div>\n<hr \/>\n<p class=\"western\" style=\"text-align: left;\" align=\"center\">A Farm\u00e1cia Escola iniciou suas atividades no ano de 1984 no campus central com a finalidade de propiciar est\u00e1gio aos acad\u00eamicos do curso de Farm\u00e1cia com acompanhamento t\u00e9cnico de professores supervisores. Com a transfer\u00eancia do curso de Farm\u00e1cia para o Campus de Uvaranas houve necessidade da transfer\u00eancia da Farm\u00e1cia Escola para este Campus. Desta forma foi idealizada, de acordo com a legisla\u00e7\u00e3o vigente na \u00e9poca e visando propiciar ao acad\u00eamico do curso a viv\u00eancia com a pr\u00e1tica profissional, uma \u00e1rea nova para o desenvolvimento das atividades relacionadas \u00e0 Farm\u00e1cia e, contando com uma \u00e1rea total de 260 m<sup>2\u00a0<\/sup>em outubro de 2004 foram iniciadas as atividades no Campus de Uvaranas. No pr\u00e9dio novo a Farm\u00e1cia foi idealizada para al\u00e9m do est\u00e1gio que os acad\u00eamicos vinham desenvolvendo no Campus Central ampliar os servi\u00e7os farmac\u00eauticos e ativar o setor de manipula\u00e7\u00e3o. Sendo parte do curso de Farm\u00e1cia desta Universidade com o est\u00e1gio supervisionado ela proporciona aos acad\u00eamicos consolida\u00e7\u00e3o e qualifica\u00e7\u00e3o na forma\u00e7\u00e3o.<\/p>\n<p style=\"text-align: left;\"><strong>LOCALIZA\u00c7\u00c3O:<\/strong>\u00a0UEPG \u2013 Campus de Uvarans \u2013 Bloco M (em frente \u00e0 Central Telef\u00f4nica\/ao lado do ponto de \u00f4nibus).<\/p>\n<p style=\"text-align: left;\"><strong>HOR\u00c1RIO DE ATENDIMENTO:<\/strong>\u00a0Segunda a sexta-feira das 8h15min \u00e0s 11h45min e das 13h30min \u00e0s 17h00<\/p>\n<p style=\"text-align: left;\"><strong>SERVI\u00c7OS:<\/strong><\/p>\n<ul style=\"text-align: left;\">\n<li>Comercializa\u00e7\u00e3o de medicamentos industrializados, produtos de higiene pessoal e perfumaria;<\/li>\n<li>Manipula\u00e7\u00e3o e comercializa\u00e7\u00e3o de dermocosm\u00e9ticos e oficinais;<\/li>\n<li>Comercializa\u00e7\u00e3o de materiais descart\u00e1veis (luvas, m\u00e1scaras, etc.) e acess\u00f3rios utilizados nas aulas dos cursos de Farm\u00e1cia, Enfermagem, Medicina, Odontologia entre outros;<\/li>\n<li>Consult\u00f3rio farmac\u00eautico para a aten\u00e7\u00e3o farmac\u00eautica com o prop\u00f3sito de informar e orientar sobre o uso correto dos medicamentos suas intera\u00e7\u00f5es medicamentosas, posologias, entre outras informa\u00e7\u00f5es necess\u00e1rias para um tratamento eficiente;<\/li>\n<li>Verifica\u00e7\u00e3o da press\u00e3o arterial;<\/li>\n<li>Glicemia capilar;<\/li>\n<li>Aplica\u00e7\u00e3o de injet\u00e1veis;<\/li>\n<li>Inala\u00e7\u00e3o.<\/li>\n<\/ul>\n<p style=\"text-align: left;\"><strong>PAGAMENTO:<\/strong><\/p>\n<ul style=\"text-align: left;\">\n<li>Dinheiro<\/li>\n<li>D\u00e9bito em conta (funcion\u00e1rios UEPG)<\/li>\n<\/ul>\n<p style=\"text-align: left;\">INFORMA\u00c7\u00d5ES E ENCOMENDAS<strong>\u00a0TELEFONE:<\/strong>\u00a0<strong>(42) 3220-3247<\/strong><\/p>\n<\/div>\n","protected":false},"excerpt":{"rendered":"<p>Farm\u00e1cia Escola Prof. Hor\u00e1cio Droppa A Farm\u00e1cia Escola iniciou suas atividades no ano de 1984 no campus central com a finalidade de propiciar est\u00e1gio aos acad\u00eamicos do curso de Farm\u00e1cia com acompanhamento t\u00e9cnico de professores supervisores. Com a transfer\u00eancia do curso de Farm\u00e1cia para o Campus de Uvaranas houve necessidade da transfer\u00eancia da Farm\u00e1cia Escola&nbsp;&hellip;<\/p>\n","protected":false},"author":305,"featured_media":0,"parent":0,"menu_order":0,"comment_status":"closed","ping_status":"closed","template":"","meta":[],"_links":{"self":[{"href":"https:\/\/www2.uepg.br\/sebisa\/wp-json\/wp\/v2\/pages\/201"}],"collection":[{"href":"https:\/\/www2.uepg.br\/sebisa\/wp-json\/wp\/v2\/pages"}],"about":[{"href":"https:\/\/www2.uepg.br\/sebisa\/wp-json\/wp\/v2\/types\/page"}],"author":[{"embeddable":true,"href":"https:\/\/www2.uepg.br\/sebisa\/wp-json\/wp\/v2\/users\/305"}],"replies":[{"embeddable":true,"href":"https:\/\/www2.uepg.br\/sebisa\/wp-json\/wp\/v2\/comments?post=201"}],"version-history":[{"count":3,"href":"https:\/\/www2.uepg.br\/sebisa\/wp-json\/wp\/v2\/pages\/201\/revisions"}],"predecessor-version":[{"id":381,"href":"https:\/\/www2.uepg.br\/sebisa\/wp-json\/wp\/v2\/pages\/201\/revisions\/381"}],"wp:attachment":[{"href":"https:\/\/www2.uepg.br\/sebisa\/wp-json\/wp\/v2\/media?parent=201"}],"curies":[{"name":"wp","href":"https:\/\/api.w.org\/{rel}","templated":true}]}}