{"id":207,"date":"2021-04-13T11:43:19","date_gmt":"2021-04-13T14:43:19","guid":{"rendered":"https:\/\/www2.uepg.br\/sebisa\/?page_id=207"},"modified":"2021-04-14T09:18:16","modified_gmt":"2021-04-14T12:18:16","slug":"contato","status":"publish","type":"page","link":"https:\/\/www2.uepg.br\/sebisa\/contato\/","title":{"rendered":"Contato"},"content":{"rendered":"<h1 class=\"entry-title\">Contato<\/h1>\n<div class=\"entry-content\">\n<div class=\"at-above-post-page addthis_tool\" data-url=\"https:\/\/www3.uepg.br\/sebisa\/contato\/\"><\/div>\n<p><strong>Setor de Ci\u00eancias Biol\u00f3gicas e da Sa\u00fade ( SEBISA)<\/strong><br \/>\nUEPG, Campus Uvaranas \u2013 Bloco M, Sala 113<br \/>\nAv. General Carlos Cavalcanti, 4748 \u2013 CEP 84030-900, Ponta Grossa, PR<\/p>\n<p><strong>Secretaria:3220-3101<\/strong><\/p>\n<p><strong>Telefones:<\/strong><\/p>\n<p><strong>Secretaria do Setor de Ci\u00eancias Biol\u00f3gicas e da Sa\u00fade (SEBISA): 3220-3101<\/strong><\/p>\n<p><strong>Farm\u00e1cia Escola: 3220-3247<\/strong><\/p>\n<p><strong>Laborat\u00f3rio Escola : 3220-3751<\/strong><\/p>\n<p><strong>Recep\u00e7\u00e3o Odontologia : 3220-3142<\/strong><\/p>\n<p><strong>Central de Apoio Did\u00e1tico ( CAD): 3220-3776\u00a0<\/strong><\/p>\n<p><strong>E-mail:<\/strong>\u00a0sebisasec@uepg.br<\/p>\n<hr \/>\n<h4>Fale Conosco<\/h4>\n<\/div>\n","protected":false},"excerpt":{"rendered":"<p>Contato Setor de Ci\u00eancias Biol\u00f3gicas e da Sa\u00fade ( SEBISA) UEPG, Campus Uvaranas \u2013 Bloco M, Sala 113 Av. General Carlos Cavalcanti, 4748 \u2013 CEP 84030-900, Ponta Grossa, PR Secretaria:3220-3101 Telefones: Secretaria do Setor de Ci\u00eancias Biol\u00f3gicas e da Sa\u00fade (SEBISA): 3220-3101 Farm\u00e1cia Escola: 3220-3247 Laborat\u00f3rio Escola : 3220-3751 Recep\u00e7\u00e3o Odontologia : 3220-3142 Central de&nbsp;&hellip;<\/p>\n","protected":false},"author":305,"featured_media":0,"parent":0,"menu_order":0,"comment_status":"closed","ping_status":"closed","template":"","meta":[],"_links":{"self":[{"href":"https:\/\/www2.uepg.br\/sebisa\/wp-json\/wp\/v2\/pages\/207"}],"collection":[{"href":"https:\/\/www2.uepg.br\/sebisa\/wp-json\/wp\/v2\/pages"}],"about":[{"href":"https:\/\/www2.uepg.br\/sebisa\/wp-json\/wp\/v2\/types\/page"}],"author":[{"embeddable":true,"href":"https:\/\/www2.uepg.br\/sebisa\/wp-json\/wp\/v2\/users\/305"}],"replies":[{"embeddable":true,"href":"https:\/\/www2.uepg.br\/sebisa\/wp-json\/wp\/v2\/comments?post=207"}],"version-history":[{"count":2,"href":"https:\/\/www2.uepg.br\/sebisa\/wp-json\/wp\/v2\/pages\/207\/revisions"}],"predecessor-version":[{"id":355,"href":"https:\/\/www2.uepg.br\/sebisa\/wp-json\/wp\/v2\/pages\/207\/revisions\/355"}],"wp:attachment":[{"href":"https:\/\/www2.uepg.br\/sebisa\/wp-json\/wp\/v2\/media?parent=207"}],"curies":[{"name":"wp","href":"https:\/\/api.w.org\/{rel}","templated":true}]}}