{"id":215,"date":"2021-04-13T11:45:50","date_gmt":"2021-04-13T14:45:50","guid":{"rendered":"https:\/\/www2.uepg.br\/sebisa\/?page_id=215"},"modified":"2025-10-24T09:55:08","modified_gmt":"2025-10-24T12:55:08","slug":"estrutura-2","status":"publish","type":"page","link":"https:\/\/www2.uepg.br\/sebisa\/estrutura-2\/","title":{"rendered":"Estrutura"},"content":{"rendered":"<h1 class=\"entry-title\" style=\"text-align: center\">Estrutura<\/h1>\n<div class=\"entry-content\">\n<div class=\"at-above-post-page addthis_tool\" data-url=\"https:\/\/www3.uepg.br\/sebisa\/colegiado-setorial\/estrutura\/\"><\/div>\n<hr \/>\n<div class=\"table-scroll\">\n<table>\n<tbody>\n<tr>\n<td colspan=\"2\"><strong>Estrutura do Colegiado Setorial<\/strong><\/td>\n<\/tr>\n<tr>\n<td class=\"long\"><strong>Setor de Ci\u00eancias Biol\u00f3gicas e da Sa\u00fade<\/strong><\/td>\n<td class=\"long\">J\u00falio C\u00e9sar Min\u00e9 (Diretor)<br \/>\nGon\u00e7alo Cassins Moreira do Carmo (Diretor Adjunto)<\/td>\n<\/tr>\n<tr>\n<td><strong>Representante do Departamento de An\u00e1lises Clinicas e Toxicol\u00f3gicas<\/strong><\/td>\n<td>M\u00e1rcia Viviane Marcon (chefe)<br \/>\nMariane de Faria Moss (chefe adjunto)<\/td>\n<\/tr>\n<tr>\n<td><strong>Representante do Departamento de Biologia Geral<\/strong><\/td>\n<td>Giovani Marino Favero (chefe)<br \/>\nHenriette Rosa de Oliveira Em\u00edlio (chefe adjunto)<\/td>\n<\/tr>\n<tr>\n<td><strong>Representante do Departamento de Medicina<\/strong><\/td>\n<td>Gilberto Baroni (chefe)<br \/>\nLeandro Cavalcante Lipinski (chefe adjunto)<\/td>\n<\/tr>\n<tr>\n<td><strong>Representante do Departamento de Biologia Estrutural, Molecular e Gen\u00e9tica<\/strong><\/td>\n<td>Marcia Helena Appel (chefe)<br \/>\nK\u00e1tia Sabrina Paludo (chefe adjunto)<\/td>\n<\/tr>\n<tr>\n<td><strong>Representante do Departamento de Enfermagem<\/strong><\/td>\n<td>Lidia Dalgallo (chefe)<br \/>\nCaroline Gon\u00e7alves Pustiglione Campos (chefe adjunto)<\/td>\n<\/tr>\n<tr>\n<td><strong>Representante do Departamento de Farm\u00e1cia<\/strong><\/td>\n<td>Vanessa Lima Gon\u00e7alves Torres (chefe)<br \/>\nGerusa Clazer Halila Possagno ( chefe adjunto)<\/td>\n<\/tr>\n<tr>\n<td><strong>Representante do Departamento de Educa\u00e7\u00e3o F\u00edsica<\/strong><\/td>\n<td>Paulo S\u00e9rgio Ribeiro (chefe )<br \/>\nLeandro Martinez Vargas (chefe adjunto)<\/td>\n<\/tr>\n<tr>\n<td><strong>Representante do Departamento de Odontologia<\/strong><\/td>\n<td>Stella Kossatz Pereira (chefe)<br \/>\nUlisses Coelho (chefe adjunto)<\/td>\n<\/tr>\n<tr>\n<td><strong>Representante do Departamento de Sa\u00fade P\u00fablica <\/strong><\/td>\n<td>Erildo Vicente M\u00fcller (chefe )<br \/>\nPollyanna Kassia de Oliveira Borges (chefe adjunto)<\/td>\n<\/tr>\n<tr>\n<td><strong>Representante do Colegiado de Curso de Bacharelado em Ci\u00eancias Biol\u00f3gicas<\/strong><\/td>\n<td>Ricardo Diniz Correia de Almeida\u00a0 (coordenador )<br \/>\nMichele Dietrich Moura Costa ( vice-coordenadora)<\/td>\n<\/tr>\n<tr>\n<td><strong>Representante do Colegiado de Curso de Licenciatura em Ci\u00eancias Biol\u00f3gicas<\/strong><\/td>\n<td>Denilton Vidolin\u00a0 (coordenador)<br \/>\nM\u00e1rcio Akio Ohira (vice-coordenador)<\/td>\n<\/tr>\n<tr>\n<td><strong>Representante do Colegiado de Curso de Enfermagem<\/strong><\/td>\n<td>Ana Luzia Rodrigues (coordenadora)<br \/>\nCarla Luiza da Silva (vice-coordenadora)<\/td>\n<\/tr>\n<tr>\n<td><strong>Representante do Colegiado de Curso de Licenciatura Educa\u00e7\u00e3o F\u00edsica<\/strong><\/td>\n<td>Danilla Icassatti Corazza (coordenadora)<br \/>\nMoacir \u00c1vila de Matos Junior ( Vice-Coordenador)<\/td>\n<\/tr>\n<tr>\n<td><strong>Representante do Colegiado de curso de Bacharelado Educa\u00e7\u00e3o F\u00edsica<\/strong><\/td>\n<td>Natasha Santos Lise (coordenadora)<br \/>\nNilo Massaru Okuno (vice-coordenador)<\/td>\n<\/tr>\n<tr>\n<td><strong>Representante do Colegiado de Curso de Licenciatura Educa\u00e7\u00e3o F\u00edsica &#8211; modalidade a dist\u00e2ncia<\/strong><\/td>\n<td>Paulo S\u00e9rgio Ribeiro (coordenador)<\/td>\n<\/tr>\n<tr>\n<td><strong>Representante do Colegiado de Curso de Farm\u00e1cia<\/strong><\/td>\n<td>Celso Luiz Borges( coordenador)<br \/>\nC\u00edntia Regina Mezzomo Borges ( vice-coordenadora)<\/td>\n<\/tr>\n<tr>\n<td><strong>Representante do Colegiado de Curso de Medicina<\/strong><\/td>\n<td>Ricardo Zanetti Gomes (coordenador)<br \/>\nAna Paula Ditzel (vice-coordenadora)<\/td>\n<\/tr>\n<tr>\n<td><strong>Representante do Colegiado de Curso de Odontologia<\/strong><\/td>\n<td>F\u00e1bio An\u00edbal Jara Goiris (coordenador)<br \/>\nLuciano Celinski ( vice- coordenador)<\/td>\n<\/tr>\n<tr>\n<td><strong>Representante Docente<\/strong><\/td>\n<td>Ana Carolina Martins Wille<br \/>\nMarcela Claudino da Silva Nardino<br \/>\nStella de Bortoli<\/td>\n<\/tr>\n<tr>\n<td><strong>Representante P\u00f3s-Gradua\u00e7\u00e3o Odontologia<\/strong><\/td>\n<td>Nara Hellen Campanha Bombarda (coordenadora)<br \/>\nAna Cl\u00e1udia Chibinski (vice-coordenadora)<\/td>\n<\/tr>\n<tr>\n<td><strong>Representante P\u00f3s-Gradua\u00e7\u00e3o Ci\u00eancias Farmac\u00eauticas<\/strong><\/td>\n<td>Juliana Bonametti Olivato (coordenadora)<br \/>\nPriscileila Colerato Ferrari (vice-coordenadora)<\/td>\n<\/tr>\n<tr>\n<td><strong>Representante P\u00f3s-Gradua\u00e7\u00e3o Ci\u00eancias Biom\u00e9dicas<\/strong><\/td>\n<td>Danielle Cristyane Kalva Borato (coordenadora)<br \/>\nEdmar Miyoshi (vice-coordenador)<\/td>\n<\/tr>\n<tr>\n<td><strong>Representante P\u00f3s-Gradua\u00e7\u00e3o Ci\u00eancias da Sa\u00fade<\/strong><\/td>\n<td>Fabiana Bucholdz Teixeira Alves (coordenadora)<br \/>\nPaulo Vitor Farago (vice-coordenador)<\/td>\n<\/tr>\n<tr>\n<td><strong>Representante P\u00f3s-Gradua\u00e7\u00e3o Biologia Evolutiva<\/strong><\/td>\n<td>Jesiane Stef\u00e2nia da Silva Batista (coordenadora)<br \/>\nRos\u00e2ngela Capuano Tardivo M\u00fcller (vice-coordenadora)<\/td>\n<\/tr>\n<tr>\n<td><strong>Representante Discente<\/strong><\/td>\n<td>\n<div><\/div>\n<\/td>\n<\/tr>\n<\/tbody>\n<\/table>\n<\/div>\n<\/div>\n","protected":false},"excerpt":{"rendered":"<p>Estrutura Estrutura do Colegiado Setorial Setor de Ci\u00eancias Biol\u00f3gicas e da Sa\u00fade J\u00falio C\u00e9sar Min\u00e9 (Diretor) Gon\u00e7alo Cassins Moreira do Carmo (Diretor Adjunto) Representante do Departamento de An\u00e1lises Clinicas e Toxicol\u00f3gicas M\u00e1rcia Viviane Marcon (chefe) Mariane de Faria Moss (chefe adjunto) Representante do Departamento de Biologia Geral Giovani Marino Favero (chefe) Henriette Rosa de Oliveira&nbsp;&hellip;<\/p>\n","protected":false},"author":305,"featured_media":0,"parent":0,"menu_order":0,"comment_status":"closed","ping_status":"closed","template":"","meta":[],"_links":{"self":[{"href":"https:\/\/www2.uepg.br\/sebisa\/wp-json\/wp\/v2\/pages\/215"}],"collection":[{"href":"https:\/\/www2.uepg.br\/sebisa\/wp-json\/wp\/v2\/pages"}],"about":[{"href":"https:\/\/www2.uepg.br\/sebisa\/wp-json\/wp\/v2\/types\/page"}],"author":[{"embeddable":true,"href":"https:\/\/www2.uepg.br\/sebisa\/wp-json\/wp\/v2\/users\/305"}],"replies":[{"embeddable":true,"href":"https:\/\/www2.uepg.br\/sebisa\/wp-json\/wp\/v2\/comments?post=215"}],"version-history":[{"count":23,"href":"https:\/\/www2.uepg.br\/sebisa\/wp-json\/wp\/v2\/pages\/215\/revisions"}],"predecessor-version":[{"id":1382,"href":"https:\/\/www2.uepg.br\/sebisa\/wp-json\/wp\/v2\/pages\/215\/revisions\/1382"}],"wp:attachment":[{"href":"https:\/\/www2.uepg.br\/sebisa\/wp-json\/wp\/v2\/media?parent=215"}],"curies":[{"name":"wp","href":"https:\/\/api.w.org\/{rel}","templated":true}]}}