{"id":220,"date":"2021-04-13T11:46:58","date_gmt":"2021-04-13T14:46:58","guid":{"rendered":"https:\/\/www2.uepg.br\/sebisa\/?page_id=220"},"modified":"2024-06-06T16:21:40","modified_gmt":"2024-06-06T19:21:40","slug":"calendario","status":"publish","type":"page","link":"https:\/\/www2.uepg.br\/sebisa\/calendario\/","title":{"rendered":"Calend\u00e1rio 2024"},"content":{"rendered":"<div class=\"entry-content\">\n<p>ENSALAMENTOS DO BLOCO M &#8211; AULAS TE\u00d3RICAS<\/p>\n<p><strong><em>Consultar Agendas de salas de aulas &#8211; <a href=\"http:\/\/www2.uepg.br\/sebisa\/wp-content\/uploads\/sites\/183\/2023\/09\/Salas-de-aulas\">Salas de aulas<\/a>\u00a0<\/em><\/strong><\/p>\n<p>Contato para agendamentos: 3220 -3101. Hor\u00e1rio: 08h00 \u00e0s 17h00<\/p>\n<hr \/>\n<table>\n<tbody>\n<tr>\n<td colspan=\"4\" width=\"877\"><strong>CALEND\u00c1RIO DE REUNI\u00d5ES &#8211; COLEGIADO SETORIAL &#8211; SEBISA<\/strong><\/td>\n<\/tr>\n<tr>\n<td width=\"315\">\n<p style=\"text-align: center\"><strong>Datas das Reuni\u00f5es do SEBISA<\/strong><\/p>\n<\/td>\n<td style=\"text-align: center\" width=\"172\"><strong>Inclus\u00e3o de Pauta<\/strong><\/td>\n<td style=\"text-align: center\" width=\"197\"><strong>Envio da Pauta<\/strong><\/td>\n<td width=\"193\">\n<p style=\"text-align: center\"><strong>Datas Reuni\u00f5es do CA<\/strong><\/p>\n<\/td>\n<\/tr>\n<tr>\n<td width=\"315\">\n<p style=\"text-align: center\">09\/02\/2024<\/p>\n<\/td>\n<td style=\"text-align: center\" width=\"172\">***<\/td>\n<td style=\"text-align: center\" width=\"197\">07\/02\/2024<\/td>\n<td style=\"text-align: center\" width=\"193\">26\/02\/2024<\/td>\n<\/tr>\n<tr>\n<td width=\"315\">\n<p style=\"text-align: center\">08\/03\/2024<\/p>\n<\/td>\n<td style=\"text-align: center\" width=\"172\">04\/03\/2024<\/td>\n<td style=\"text-align: center\" width=\"197\">06\/03\/2024<\/td>\n<td width=\"193\">\n<p style=\"text-align: center\">18\/03\/2024<\/p>\n<\/td>\n<\/tr>\n<tr>\n<td width=\"315\">\n<p style=\"text-align: center\">05\/04\/2024<\/p>\n<\/td>\n<td style=\"text-align: center\" width=\"172\">01\/04\/2024<\/td>\n<td style=\"text-align: center\" width=\"197\">03\/04\/2024<\/td>\n<td style=\"text-align: center\" width=\"193\">15\/04\/2024<\/td>\n<\/tr>\n<tr>\n<td width=\"315\">\n<p style=\"text-align: center\">26\/04\/2024<\/p>\n<\/td>\n<td style=\"text-align: center\" width=\"172\">22\/04\/2024<\/td>\n<td style=\"text-align: center\" width=\"197\">24\/04\/2024<\/td>\n<td style=\"text-align: center\" width=\"193\">13\/05\/2024<\/td>\n<\/tr>\n<tr>\n<td style=\"text-align: center\" width=\"315\">17\/05\/2024<\/td>\n<td style=\"text-align: center\" width=\"172\">13\/05\/2024<\/td>\n<td style=\"text-align: center\" width=\"197\">15\/05\/2024<\/td>\n<td width=\"193\">\n<p style=\"text-align: center\">03\/06\/2024<\/p>\n<\/td>\n<\/tr>\n<tr>\n<td style=\"text-align: center\" width=\"315\">14\/06\/2024<\/td>\n<td style=\"text-align: center\" width=\"172\">10\/06\/2024<\/td>\n<td style=\"text-align: center\" width=\"197\">12\/06\/2024<\/td>\n<td width=\"193\">\n<p style=\"text-align: center\">24\/06\/2024<\/p>\n<\/td>\n<\/tr>\n<tr>\n<td width=\"315\">\n<p style=\"text-align: center\">19\/07\/2024<\/p>\n<\/td>\n<td style=\"text-align: center\" width=\"172\">16\/07\/2024<\/td>\n<td style=\"text-align: center\" width=\"197\">17\/07\/2024<\/td>\n<td width=\"193\">\n<p style=\"text-align: center\">29\/07\/2024<\/p>\n<\/td>\n<\/tr>\n<tr>\n<td style=\"text-align: center\" width=\"315\">09\/08\/2024<\/td>\n<td style=\"text-align: center\" width=\"172\">05\/08\/2024<\/td>\n<td style=\"text-align: center\" width=\"197\">07\/08\/2024<\/td>\n<td style=\"text-align: center\" width=\"193\">19\/08\/2024<\/td>\n<\/tr>\n<tr>\n<td style=\"text-align: center\" width=\"315\">30\/08\/2024<\/td>\n<td style=\"text-align: center\" width=\"172\">26\/08\/2024<\/td>\n<td style=\"text-align: center\" width=\"197\">28\/08\/2024<\/td>\n<td style=\"text-align: center\" width=\"193\">09\/09\/2024<\/td>\n<\/tr>\n<tr>\n<td style=\"text-align: center\" width=\"315\">20\/09\/2024<\/td>\n<td style=\"text-align: center\" width=\"172\">16\/09\/2024<\/td>\n<td style=\"text-align: center\" width=\"197\">18\/09\/2024<\/td>\n<td style=\"text-align: center\" width=\"193\">30\/09\/2024<\/td>\n<\/tr>\n<tr>\n<td style=\"text-align: center\" width=\"315\">11\/10\/2024<\/td>\n<td style=\"text-align: center\" width=\"172\">07\/10\/2024<\/td>\n<td style=\"text-align: center\" width=\"197\">09\/10\/2024<\/td>\n<td width=\"193\">\n<p style=\"text-align: center\">28\/10\/2024<\/p>\n<\/td>\n<\/tr>\n<tr>\n<td style=\"text-align: center\" width=\"315\">08\/11\/2024<\/td>\n<td style=\"text-align: center\" width=\"172\">04\/11\/2024<\/td>\n<td style=\"text-align: center\" width=\"197\">06\/11\/2024<\/td>\n<td width=\"193\">\n<p style=\"text-align: center\">18\/11\/2024<\/p>\n<\/td>\n<\/tr>\n<tr>\n<td width=\"315\">\n<p style=\"text-align: center\">29\/11\/2024<\/p>\n<\/td>\n<td style=\"text-align: center\" width=\"172\">25\/11\/2024<\/td>\n<td style=\"text-align: center\" width=\"197\">27\/11\/2024<\/td>\n<td style=\"text-align: center\" width=\"193\">09\/12\/2024<\/td>\n<\/tr>\n<tr>\n<td style=\"text-align: center\" width=\"315\">13\/12\/2024<\/td>\n<td style=\"text-align: center\" width=\"172\">Caso haja necessidade<\/td>\n<td style=\"text-align: center\" width=\"197\"><\/td>\n<td width=\"193\"><\/td>\n<\/tr>\n<tr>\n<td colspan=\"4\" width=\"877\"><\/td>\n<\/tr>\n<\/tbody>\n<\/table>\n<p>&nbsp;<\/p>\n<p>&nbsp;<\/p>\n<\/div>\n","protected":false},"excerpt":{"rendered":"<p>ENSALAMENTOS DO BLOCO M &#8211; AULAS TE\u00d3RICAS Consultar Agendas de salas de aulas &#8211; Salas de aulas\u00a0 Contato para agendamentos: 3220 -3101. Hor\u00e1rio: 08h00 \u00e0s 17h00 CALEND\u00c1RIO DE REUNI\u00d5ES &#8211; COLEGIADO SETORIAL &#8211; SEBISA Datas das Reuni\u00f5es do SEBISA Inclus\u00e3o de Pauta Envio da Pauta Datas Reuni\u00f5es do CA 09\/02\/2024 *** 07\/02\/2024 26\/02\/2024 08\/03\/2024 04\/03\/2024&nbsp;&hellip;<\/p>\n","protected":false},"author":305,"featured_media":0,"parent":0,"menu_order":0,"comment_status":"closed","ping_status":"closed","template":"","meta":[],"_links":{"self":[{"href":"https:\/\/www2.uepg.br\/sebisa\/wp-json\/wp\/v2\/pages\/220"}],"collection":[{"href":"https:\/\/www2.uepg.br\/sebisa\/wp-json\/wp\/v2\/pages"}],"about":[{"href":"https:\/\/www2.uepg.br\/sebisa\/wp-json\/wp\/v2\/types\/page"}],"author":[{"embeddable":true,"href":"https:\/\/www2.uepg.br\/sebisa\/wp-json\/wp\/v2\/users\/305"}],"replies":[{"embeddable":true,"href":"https:\/\/www2.uepg.br\/sebisa\/wp-json\/wp\/v2\/comments?post=220"}],"version-history":[{"count":21,"href":"https:\/\/www2.uepg.br\/sebisa\/wp-json\/wp\/v2\/pages\/220\/revisions"}],"predecessor-version":[{"id":1327,"href":"https:\/\/www2.uepg.br\/sebisa\/wp-json\/wp\/v2\/pages\/220\/revisions\/1327"}],"wp:attachment":[{"href":"https:\/\/www2.uepg.br\/sebisa\/wp-json\/wp\/v2\/media?parent=220"}],"curies":[{"name":"wp","href":"https:\/\/api.w.org\/{rel}","templated":true}]}}