{"id":129,"date":"2022-02-08T10:57:21","date_gmt":"2022-02-08T13:57:21","guid":{"rendered":"https:\/\/www2.uepg.br\/secate\/?page_id=129"},"modified":"2025-08-08T11:10:10","modified_gmt":"2025-08-08T14:10:10","slug":"colegiado","status":"publish","type":"page","link":"https:\/\/www2.uepg.br\/secate\/colegiado\/","title":{"rendered":"Colegiado"},"content":{"rendered":"<h1 style=\"text-align: center\">Dire\u00e7\u00e3o do Setor<\/h1>\n<div class=\"col col-md-12 col-sm-12\" align=\"center\">\n<p>&nbsp;<\/p>\n<p>Adilson Luiz Chinelatto &#8211; <strong>Diretor<\/strong><\/p>\n<p>Ana Cl\u00e1udia Barana &#8211; <strong>Diretora Adjunta<\/strong><\/p>\n<\/div>\n<div class=\"col col-md-12 col-sm-12\" align=\"center\">\n<p>&nbsp;<\/p>\n<h2>Chefias Departamentais<\/h2>\n<p>&nbsp;<\/p>\n<p>Zito Palhano da Fonseca (Chefe) e Rosane Falate (Chefe Adjunta) &#8211; <strong>Departamento de Inform\u00e1tica<\/strong><\/p>\n<p>Gabriela Mazureli Campos Bahniuk (Chefe) e Eduardo Pereira (Chefe-Adjunto) &#8211; <strong>Departamento de Engenharia Civil<\/strong><\/p>\n<p>Rodrigo Rodrigues Matiello (Chefe) e Amanda Regina Godoy Baptist\u00e3o (Chefe Adjunta) &#8211; <strong>Departamento de Fitotecnia e Fitossanidade<\/strong><\/p>\n<p>Evaldo Toniolo Kubaski (Chefe) e Selauco Vurobi Jr (Chefe adjunto) &#8211; <strong>Departamento de Engenharia de Materiais<\/strong><\/p>\n<p>Marco Aur\u00e9lio Praxedes (Chefe) e Deise Rosana Silva Sim\u00f5es (Chefe Adjunta) &#8211; <strong>Departamento de Engenharia de Alimentos<\/strong><\/p>\n<p>Fabr\u00edcio Tondello Barbosa (Chefe) e Paulo Ferreira Carrilho (Chefe Adjunta) &#8211; <strong>Departamento de Ci\u00eancia do Solo e Engenharia Agr\u00edcola<\/strong><\/p>\n<p>Maria Marta Loddi (Chefe) Raquel Abdallah da Rocha Oliveira (Chefe Adjunta) &#8211; Departamento de Zootecnia<\/p>\n<\/div>\n<div class=\"col col-md-12 col-sm-12\" align=\"center\">\n<p>&nbsp;<\/p>\n<h2>Coordena\u00e7\u00f5es de Cursos de Gradua\u00e7\u00e3o<\/h2>\n<p>&nbsp;<\/p>\n<p>Patr\u00edcia Kruger ( Coordenadora) e Guilherme Ara\u00fajo Vuitik (Vice-Coordenador) \u2013 <strong>Engenharia Civil<\/strong><\/p>\n<p>Maur\u00edcio Zadra Pacheco (Coordenador) e Ezequiel Gueiber (Vice-Coordenador) &#8211; <strong>Engenharia de Software<\/strong><\/p>\n<p>Luciano Jos\u00e9 Senger (Coordenador) e M\u00e1rcio Augusto de Souza (Vice-Coordenador) &#8211; <strong>Engenharia de Computa\u00e7\u00e3o<\/strong><\/p>\n<p>Adriane Bassani Sowek\u00a0 (Coordenadora) e Andr\u00e9 Lu\u00eds Moreira de Carvalho (Vice-Coordenadora) &#8211; <strong>Engenharia de Materiais<\/strong><\/p>\n<p>Guilherme de Almeida Souza Tedrus (Coordenador) e Mareci Mendes de Almeida (Vice-Coordenadora) &#8211; <strong>Engenharia de Alimentos<\/strong><\/p>\n<p>Luiz Cl\u00e1udio Garcia (Coordenador) e Silvana Ohse (Vice-Coordenadora) &#8211; <strong>Agronomia<\/strong><\/p>\n<p>Nisiane Madalozzo Wambier (Coordenadora) e Luiz Fernando de Souza (Vice-Coordenador) &#8211; <strong>Arquitetura e Urbanismo<\/strong><\/p>\n<p>Val\u00e9ria Rossetto Barriviera (Coordenadora) e Wilson Massumitu Furuya (Vice-Coordenador) &#8211; <strong>Zootecnia<\/strong><\/p>\n<\/div>\n<div class=\"col col-md-12 col-sm-12\" align=\"center\">\n<p>&nbsp;<\/p>\n<h2>Coordena\u00e7\u00f5es de P\u00f3s-Gradua\u00e7\u00e3o Stricto Senso<\/h2>\n<p>&nbsp;<\/p>\n<p>Neyde Fab\u00edola Balarezzo Giarola (Coordenadora) e Eduardo Augusto Agnellos (Vice-Coordenador) &#8211; <strong>Mestrado e Doutorado em Agronomia<\/strong><\/p>\n<p>Maria Salete Marcon Gomes Vaz (Coordenadora) e Adriano Ferrasa (Vice-Coordenador) &#8211; <strong>Mestrado em Computa\u00e7\u00e3o Aplicada<\/strong><\/p>\n<p>Adriana Scoton Antonio Chinelatto (Coordenadora) e Eduardo Pereira (Vice-Coordenador) &#8211; <strong>Mestrado e Doutorado em Engenharia e Ci\u00eancias de Materiais<\/strong><\/p>\n<p>Carlos Emanuel Ribeiro Lautenschlager (Coordenador) e\u00a0 Giovana K\u00e1tie Wiecheteck (Vice &#8211; Coordenadora) &#8211; <strong>Mestrado em Engenharia Sanit\u00e1ria e Ambiental<\/strong><\/p>\n<p>Aline Alberti (Coordenadora) e Renata Dinnies Santos Salem (Vice-Coordenadora) &#8211; <strong>Mestrado e Doutorado em Ci\u00eancia e Tecnologia de Alimentos<\/strong><\/p>\n<p>Cheila Roberta Lehnen (Coordenadora) e Adriana de Souza Martins ( Vice-Coordenadora) &#8211; <strong>Mestrado em Zootecnia<\/strong><\/p>\n<\/div>\n<div class=\"col col-md-12 col-sm-12\" align=\"center\">\n<p>&nbsp;<\/p>\n<h2>Representa\u00e7\u00f5es Docentes<\/h2>\n<p>Andr\u00e9 Luis Moreira de Carvalho<\/p>\n<p>Guilherme Ara\u00fajo Vuitik<\/p>\n<p>Giovana K\u00e1tie Wiecheteck<\/p>\n<\/div>\n<div class=\"col col-md-12 col-sm-12\" align=\"center\">\n<p>&nbsp;<\/p>\n<h2>Representa\u00e7\u00f5es Discentes<\/h2>\n<p>Ana Eduarda Staudt &#8211; Titular<\/p>\n<p>Henzo Sales de Assis &#8211; Suplente<\/p>\n<\/div>\n","protected":false},"excerpt":{"rendered":"<p>Dire\u00e7\u00e3o do Setor &nbsp; Adilson Luiz Chinelatto &#8211; Diretor Ana Cl\u00e1udia Barana &#8211; Diretora Adjunta &nbsp; Chefias Departamentais &nbsp; Zito Palhano da Fonseca (Chefe) e Rosane Falate (Chefe Adjunta) &#8211; Departamento de Inform\u00e1tica Gabriela Mazureli Campos Bahniuk (Chefe) e Eduardo Pereira (Chefe-Adjunto) &#8211; Departamento de Engenharia Civil Rodrigo Rodrigues Matiello (Chefe) e Amanda Regina Godoy&nbsp;&hellip;<\/p>\n","protected":false},"author":378,"featured_media":0,"parent":0,"menu_order":0,"comment_status":"closed","ping_status":"closed","template":"page-templates\/page-with-left-sidebar.php","meta":[],"_links":{"self":[{"href":"https:\/\/www2.uepg.br\/secate\/wp-json\/wp\/v2\/pages\/129"}],"collection":[{"href":"https:\/\/www2.uepg.br\/secate\/wp-json\/wp\/v2\/pages"}],"about":[{"href":"https:\/\/www2.uepg.br\/secate\/wp-json\/wp\/v2\/types\/page"}],"author":[{"embeddable":true,"href":"https:\/\/www2.uepg.br\/secate\/wp-json\/wp\/v2\/users\/378"}],"replies":[{"embeddable":true,"href":"https:\/\/www2.uepg.br\/secate\/wp-json\/wp\/v2\/comments?post=129"}],"version-history":[{"count":13,"href":"https:\/\/www2.uepg.br\/secate\/wp-json\/wp\/v2\/pages\/129\/revisions"}],"predecessor-version":[{"id":1246,"href":"https:\/\/www2.uepg.br\/secate\/wp-json\/wp\/v2\/pages\/129\/revisions\/1246"}],"wp:attachment":[{"href":"https:\/\/www2.uepg.br\/secate\/wp-json\/wp\/v2\/media?parent=129"}],"curies":[{"name":"wp","href":"https:\/\/api.w.org\/{rel}","templated":true}]}}