{"id":146,"date":"2022-02-08T11:04:59","date_gmt":"2022-02-08T14:04:59","guid":{"rendered":"https:\/\/www2.uepg.br\/secate\/?page_id=146"},"modified":"2022-02-17T15:43:29","modified_gmt":"2022-02-17T18:43:29","slug":"historico","status":"publish","type":"page","link":"https:\/\/www2.uepg.br\/secate\/historico\/","title":{"rendered":"Hist\u00f3rico"},"content":{"rendered":"<p style=\"text-align: center\">O Setor de Engenharias, Ci\u00eancias Agr\u00e1rias e de Tecnologia \u00e9 respons\u00e1vel pela administra\u00e7\u00e3o do Ensino, Pesquisa e Extens\u00e3o, constitu\u00eddo e organizado conforme disposi\u00e7\u00e3o do Regimento Geral e dos Atos Normativos dos Conselhos Superiores da Universidade Estadual de Ponta Grossa. Este setor de conhecimento foi criado pela Resolu\u00e7\u00e3o Univ. n.\u00ba 026 de 14 de Novembro de 1990, e, \u00e0 \u00e9poca era composto pelos Departamentos Engenharia Civil, Inform\u00e1tica(Eng. de Software) e Agronomia e pelos Cursos Engenharia Civil, Bacharelado em Processamento de Dados e Agronomia. A Resolu\u00e7\u00e3o Univ. n.\u00ba 26 de 29 de Dezembro de 1992 alterou a estrutura do Setor de Engenharias, Ci\u00eancias Agr\u00e1rias e de Tecnologia, que passou a congregar os Departamentos Engenharia Civil, Inform\u00e1tica, Ci\u00eancias do Solo e Engenharia Agricola, Fitotecnia e Fitossanidade, Zootecnia e Tecnologia de Alimentos. E os Cursos de Gradua\u00e7\u00e3o Engenharia Civil, Bacharelado em Inform\u00e1tica e Agronomia. A Resolu\u00e7\u00e3o UNIV. 15 de 30 de Setembro de 1993 criou o Departamento de Engenharia de Materiais.<\/p>\n","protected":false},"excerpt":{"rendered":"<p>O Setor de Engenharias, Ci\u00eancias Agr\u00e1rias e de Tecnologia \u00e9 respons\u00e1vel pela administra\u00e7\u00e3o do Ensino, Pesquisa e Extens\u00e3o, constitu\u00eddo e organizado conforme disposi\u00e7\u00e3o do Regimento Geral e dos Atos Normativos dos Conselhos Superiores da Universidade Estadual de Ponta Grossa. Este setor de conhecimento foi criado pela Resolu\u00e7\u00e3o Univ. n.\u00ba 026 de 14 de Novembro de&nbsp;&hellip;<\/p>\n","protected":false},"author":378,"featured_media":0,"parent":0,"menu_order":0,"comment_status":"closed","ping_status":"closed","template":"page-templates\/page-with-left-sidebar.php","meta":[],"_links":{"self":[{"href":"https:\/\/www2.uepg.br\/secate\/wp-json\/wp\/v2\/pages\/146"}],"collection":[{"href":"https:\/\/www2.uepg.br\/secate\/wp-json\/wp\/v2\/pages"}],"about":[{"href":"https:\/\/www2.uepg.br\/secate\/wp-json\/wp\/v2\/types\/page"}],"author":[{"embeddable":true,"href":"https:\/\/www2.uepg.br\/secate\/wp-json\/wp\/v2\/users\/378"}],"replies":[{"embeddable":true,"href":"https:\/\/www2.uepg.br\/secate\/wp-json\/wp\/v2\/comments?post=146"}],"version-history":[{"count":3,"href":"https:\/\/www2.uepg.br\/secate\/wp-json\/wp\/v2\/pages\/146\/revisions"}],"predecessor-version":[{"id":474,"href":"https:\/\/www2.uepg.br\/secate\/wp-json\/wp\/v2\/pages\/146\/revisions\/474"}],"wp:attachment":[{"href":"https:\/\/www2.uepg.br\/secate\/wp-json\/wp\/v2\/media?parent=146"}],"curies":[{"name":"wp","href":"https:\/\/api.w.org\/{rel}","templated":true}]}}