{"id":176,"date":"2022-02-08T13:58:26","date_gmt":"2022-02-08T16:58:26","guid":{"rendered":"https:\/\/www2.uepg.br\/secate\/?page_id=176"},"modified":"2024-12-16T11:34:36","modified_gmt":"2024-12-16T14:34:36","slug":"relatorios","status":"publish","type":"page","link":"https:\/\/www2.uepg.br\/secate\/relatorios\/","title":{"rendered":"Relat\u00f3rios"},"content":{"rendered":"<div id=\"pl-176\"  class=\"panel-layout\" ><div id=\"pg-176-0\"  class=\"panel-grid panel-no-style\" ><div id=\"pgc-176-0-0\"  class=\"panel-grid-cell\" ><div id=\"panel-176-0-0-0\" class=\"so-panel widget widget_sow-editor panel-first-child panel-last-child\" data-index=\"0\" ><div\n\t\t\t\n\t\t\tclass=\"so-widget-sow-editor so-widget-sow-editor-base\"\n\t\t\t\n\t\t>\n<div class=\"siteorigin-widget-tinymce textwidget\">\n\t<h3 style=\"text-align: center\"><i class=\"fa fa-file\"><\/i><a href=\"https:\/\/drive.google.com\/drive\/u\/1\/folders\/1hIgk6JjOvzu8T2cWeFzQdRnE6KIwPRKe\">\u00a0Relat\u00f3rio Anual 2022<\/a><\/h3>\n<h3><\/h3>\n<h3 style=\"text-align: center\"><i class=\"fa fa-file\"><\/i>\u00a0Relat\u00f3rio Anual <a href=\"https:\/\/drive.google.com\/drive\/u\/1\/folders\/1hmBFKKA3wUTERJRYOFWyMRKSKfALncoU\">2021<\/a><\/h3>\n<h3><\/h3>\n<h3 style=\"text-align: center\"><i class=\"fa fa-file\"><\/i><a href=\"https:\/\/drive.google.com\/drive\/u\/0\/folders\/0AGwCA6rcgTf8Uk9PVA\"> Relat\u00f3rio Anual 2020<\/a><\/h3>\n<h3 style=\"text-align: center\"><i class=\"fa fa-file\"><\/i><a href=\"https:\/\/drive.google.com\/drive\/u\/1\/folders\/1mCgtP_03BLuS5LKe05PRhz1hHKNaa2p9\"> Relat\u00f3rio Anual 2019<\/a><\/h3>\n<h3 style=\"text-align: center\"><i class=\"fa fa-file\"><\/i><a href=\"http:\/\/www.scate.uepg.br\/relatoriosetor\/uploads\/2018\/Relatorio_setor_2018.pdf\"> Relat\u00f3rio Anual 2018<\/a><\/h3>\n<h3 style=\"text-align: center\"><i class=\"fa fa-file\"><\/i><a href=\"http:\/\/www.scate.uepg.br\/relatoriosetor\/uploads\/2017\/Relatorio_setor_2017.pdf\"> Relat\u00f3rio Anual 2017<\/a><\/h3>\n<h3 style=\"text-align: center\"><i class=\"fa fa-file\"><\/i><a href=\"http:\/\/www.scate.uepg.br\/relatoriosetor\/uploads\/2016\/Relatorio_setor_2016.pdf\">\u00a0Relat\u00f3rio Anual 2016<\/a><\/h3>\n<h3 style=\"text-align: center\"><i class=\"fa fa-file\"><\/i><a href=\"http:\/\/www.scate.uepg.br\/relatoriosetor\/uploads\/2015\/Relatorio_setor_2015.pdf\">\u00a0Relat\u00f3rio Anual 2015<\/a><\/h3>\n<h3 style=\"text-align: center\"><i class=\"fa fa-file\"><\/i><a href=\"http:\/\/www.scate.uepg.br\/relatoriosetor\/uploads\/2014\/Relatorio_setor_2014.pdf\">\u00a0Relat\u00f3rio Anual 2014<\/a><\/h3>\n<\/div>\n<\/div><\/div><\/div><\/div><\/div>","protected":false},"excerpt":{"rendered":"<p>\u00a0Relat\u00f3rio Anual 2022 \u00a0Relat\u00f3rio Anual 2021 Relat\u00f3rio Anual 2020 Relat\u00f3rio Anual 2019 Relat\u00f3rio Anual 2018 Relat\u00f3rio Anual 2017 \u00a0Relat\u00f3rio Anual 2016 \u00a0Relat\u00f3rio Anual 2015 \u00a0Relat\u00f3rio Anual 2014<\/p>\n","protected":false},"author":378,"featured_media":0,"parent":0,"menu_order":0,"comment_status":"closed","ping_status":"closed","template":"page-templates\/page-with-left-sidebar.php","meta":[],"_links":{"self":[{"href":"https:\/\/www2.uepg.br\/secate\/wp-json\/wp\/v2\/pages\/176"}],"collection":[{"href":"https:\/\/www2.uepg.br\/secate\/wp-json\/wp\/v2\/pages"}],"about":[{"href":"https:\/\/www2.uepg.br\/secate\/wp-json\/wp\/v2\/types\/page"}],"author":[{"embeddable":true,"href":"https:\/\/www2.uepg.br\/secate\/wp-json\/wp\/v2\/users\/378"}],"replies":[{"embeddable":true,"href":"https:\/\/www2.uepg.br\/secate\/wp-json\/wp\/v2\/comments?post=176"}],"version-history":[{"count":24,"href":"https:\/\/www2.uepg.br\/secate\/wp-json\/wp\/v2\/pages\/176\/revisions"}],"predecessor-version":[{"id":1238,"href":"https:\/\/www2.uepg.br\/secate\/wp-json\/wp\/v2\/pages\/176\/revisions\/1238"}],"wp:attachment":[{"href":"https:\/\/www2.uepg.br\/secate\/wp-json\/wp\/v2\/media?parent=176"}],"curies":[{"name":"wp","href":"https:\/\/api.w.org\/{rel}","templated":true}]}}