{"id":208,"date":"2022-02-08T14:49:50","date_gmt":"2022-02-08T17:49:50","guid":{"rendered":"https:\/\/www2.uepg.br\/secate\/?page_id=208"},"modified":"2022-02-09T10:58:43","modified_gmt":"2022-02-09T13:58:43","slug":"departamentos-es","status":"publish","type":"page","link":"https:\/\/www2.uepg.br\/secate\/es\/departamentos-es\/","title":{"rendered":"Departamentos"},"content":{"rendered":"<p style=\"text-align: center;\"><a href=\"http:\/\/pitangui.uepg.br\/departamentos\/desolo\/\">Departamento de Ciencias del Suelo e Ingenier\u00eda Agr\u00edcola<\/a><\/p>\n<p style=\"text-align: center;\"><a href=\"http:\/\/www.uepg.br\/denge\/\">Departamento de Ingenier\u00eda Civil<\/a><\/p>\n<p style=\"text-align: center;\"><a href=\"http:\/\/pitangui.uepg.br\/departamentos\/dealim\/\">Departamento de Ingenier\u00eda de Alimentos<\/a><\/p>\n<p style=\"text-align: center;\"><a href=\"https:\/\/pitangui.uepg.br\/departamentos\/dema\/\">Departamento de Ingenier\u00eda de Materiales<\/a><\/p>\n<p style=\"text-align: center;\"><a href=\"http:\/\/pitangui.uepg.br\/departamentos\/defito\/\">Departamento de Ciencia de Plantas y Sanidad Vegetal<\/a><\/p>\n<p style=\"text-align: center;\"><a href=\"http:\/\/www.deinfo.uepg.br\/\">Department of Informatics<\/a><\/p>\n<p style=\"text-align: center;\"><a href=\"https:\/\/www2.uepg.br\/dezoo\/\">Departamento de Ciencia Animal<\/a><\/p>\n","protected":false},"excerpt":{"rendered":"<p>Departamento de Ciencias del Suelo e Ingenier\u00eda Agr\u00edcola Departamento de Ingenier\u00eda Civil Departamento de Ingenier\u00eda de Alimentos Departamento de Ingenier\u00eda de Materiales Departamento de Ciencia de Plantas y Sanidad Vegetal Department of Informatics Departamento de Ciencia Animal<\/p>\n","protected":false},"author":378,"featured_media":0,"parent":0,"menu_order":0,"comment_status":"closed","ping_status":"closed","template":"page-templates\/page-with-left-sidebar.php","meta":[],"_links":{"self":[{"href":"https:\/\/www2.uepg.br\/secate\/wp-json\/wp\/v2\/pages\/208"}],"collection":[{"href":"https:\/\/www2.uepg.br\/secate\/wp-json\/wp\/v2\/pages"}],"about":[{"href":"https:\/\/www2.uepg.br\/secate\/wp-json\/wp\/v2\/types\/page"}],"author":[{"embeddable":true,"href":"https:\/\/www2.uepg.br\/secate\/wp-json\/wp\/v2\/users\/378"}],"replies":[{"embeddable":true,"href":"https:\/\/www2.uepg.br\/secate\/wp-json\/wp\/v2\/comments?post=208"}],"version-history":[{"count":3,"href":"https:\/\/www2.uepg.br\/secate\/wp-json\/wp\/v2\/pages\/208\/revisions"}],"predecessor-version":[{"id":306,"href":"https:\/\/www2.uepg.br\/secate\/wp-json\/wp\/v2\/pages\/208\/revisions\/306"}],"wp:attachment":[{"href":"https:\/\/www2.uepg.br\/secate\/wp-json\/wp\/v2\/media?parent=208"}],"curies":[{"name":"wp","href":"https:\/\/api.w.org\/{rel}","templated":true}]}}