{"id":209,"date":"2022-02-08T14:49:50","date_gmt":"2022-02-08T17:49:50","guid":{"rendered":"https:\/\/www2.uepg.br\/secate\/?page_id=209"},"modified":"2022-02-09T10:58:34","modified_gmt":"2022-02-09T13:58:34","slug":"cursos-es","status":"publish","type":"page","link":"https:\/\/www2.uepg.br\/secate\/es\/cursos-es\/","title":{"rendered":"Cursos"},"content":{"rendered":"<div class=\"col col-md-12 col-sm-12\" align=\"center\">\n<h2><b class=\"b5\">Cursos <\/b><b class=\"b4\">de<\/b><b class=\"b3\"> Grado<\/b><\/h2>\n<p>&nbsp;<\/p>\n<p>Ingenier\u00eda Agr\u00edcola<br \/>\nIngenier\u00eda de Alimentos<br \/>\nIngenier\u00eda Civil<br \/>\nIngenier\u00eda de Computaci\u00f3n<br \/>\nIngenier\u00eda de Materiales<br \/>\nIngenier\u00eda de Software<br \/>\nCiencia Animal<\/p>\n<\/div>\n<div class=\"col col-md-12 col-sm-12\" align=\"center\">\n<p>&nbsp;<\/p>\n<h2>Los Cursos de Posgrado Stricto Sensu<\/h2>\n<p>&nbsp;<\/p>\n<p>Masters y Doctorado en Agronom\u00eda<br \/>\nMaestr\u00eda en Inform\u00e1tica Aplicada<br \/>\nMaster de Ingenier\u00eda y Ciencias Materiales<br \/>\nMaestr\u00eda en Ingenier\u00eda Sanitaria y Ambiental<br \/>\nMaestr\u00eda y Doctorado en Ciencia y Tecnolog\u00eda de Alimentos<br \/>\nMaestr\u00eda en Ciencia Animal<\/p>\n<\/div>\n<div class=\"col col-md-12 col-sm-12\" align=\"center\">\n<p>&nbsp;<\/p>\n<h2>Los Cursos de Posgrado Lato Sensu<\/h2>\n<p>&nbsp;<\/p>\n<p>Proyectos y Construcci\u00f3n de Obras P\u00fablicas Programa de Residencia t\u00e9cnica, el estilo se distanciar\u00e1<\/p>\n<\/div>\n","protected":false},"excerpt":{"rendered":"<p>Cursos de Grado &nbsp; Ingenier\u00eda Agr\u00edcola Ingenier\u00eda de Alimentos Ingenier\u00eda Civil Ingenier\u00eda de Computaci\u00f3n Ingenier\u00eda de Materiales Ingenier\u00eda de Software Ciencia Animal &nbsp; Los Cursos de Posgrado Stricto Sensu &nbsp; Masters y Doctorado en Agronom\u00eda Maestr\u00eda en Inform\u00e1tica Aplicada Master de Ingenier\u00eda y Ciencias Materiales Maestr\u00eda en Ingenier\u00eda Sanitaria y Ambiental Maestr\u00eda y Doctorado en&nbsp;&hellip;<\/p>\n","protected":false},"author":378,"featured_media":0,"parent":0,"menu_order":0,"comment_status":"closed","ping_status":"closed","template":"page-templates\/page-with-left-sidebar.php","meta":[],"_links":{"self":[{"href":"https:\/\/www2.uepg.br\/secate\/wp-json\/wp\/v2\/pages\/209"}],"collection":[{"href":"https:\/\/www2.uepg.br\/secate\/wp-json\/wp\/v2\/pages"}],"about":[{"href":"https:\/\/www2.uepg.br\/secate\/wp-json\/wp\/v2\/types\/page"}],"author":[{"embeddable":true,"href":"https:\/\/www2.uepg.br\/secate\/wp-json\/wp\/v2\/users\/378"}],"replies":[{"embeddable":true,"href":"https:\/\/www2.uepg.br\/secate\/wp-json\/wp\/v2\/comments?post=209"}],"version-history":[{"count":4,"href":"https:\/\/www2.uepg.br\/secate\/wp-json\/wp\/v2\/pages\/209\/revisions"}],"predecessor-version":[{"id":311,"href":"https:\/\/www2.uepg.br\/secate\/wp-json\/wp\/v2\/pages\/209\/revisions\/311"}],"wp:attachment":[{"href":"https:\/\/www2.uepg.br\/secate\/wp-json\/wp\/v2\/media?parent=209"}],"curies":[{"name":"wp","href":"https:\/\/api.w.org\/{rel}","templated":true}]}}