{"id":247,"date":"2022-02-08T16:02:12","date_gmt":"2022-02-08T19:02:12","guid":{"rendered":"https:\/\/www2.uepg.br\/secate\/?page_id=247"},"modified":"2022-02-09T10:57:47","modified_gmt":"2022-02-09T13:57:47","slug":"collegiates","status":"publish","type":"page","link":"https:\/\/www2.uepg.br\/secate\/en\/collegiates\/","title":{"rendered":"Collegiates"},"content":{"rendered":"<h1 style=\"text-align: center;\">Direction of the Sector<\/h1>\n<div class=\"col col-md-12 col-sm-12\" align=\"center\">\n<p>&nbsp;<\/p>\n<p>Maria Salete Marcon Gomes Vaz- Director<\/p>\n<p>Adilson Luiz Chinelatto -Deputy Director<\/p>\n<\/div>\n<div class=\"col col-md-12 col-sm-12\" align=\"center\">\n<p>&nbsp;<\/p>\n<h2>Departmental Managers<\/h2>\n<p>&nbsp;<\/p>\n<p>Arion de Campos Junior (Head) e Victor George Celinski (Deputy Head) &#8211; Department of Informatics<\/p>\n<p>L\u00facio Marcos De Geus (Head) e Eduardo Pereira (Deputy Head) &#8211; Department of Civil Engineering<\/p>\n<p>Amanda Regina Godoy Baptist\u00e3o (Head) e David de Souza Jaccoud Filho (Deputy Head) &#8211; Department of Plant Science and Plant Health<\/p>\n<p>Benjamim de Melo Carvalho (Head) e Andr\u00e9 Luis Moreira de Carvalho (Deputy Head) &#8211; Department of Materials Engineering<\/p>\n<p>Renata Dinnies Santos Salem (Head) e Alessandro Nogueira (Deputy Head) &#8211; Department of Food Engineering<\/p>\n<p>Paulo Ferreira Carrilho (Head) Pedro Henrique Weirich Neto (Deputy Head) &#8211; Department of Soil Science and Agricultural Engineering<\/p>\n<p>Maria Aparecida Gon\u00e7alves da Fonseca Martins (Head) e Ver\u00f4nica Oliveira Vianna (Deputy Head) &#8211; Department of Animal Science<\/p>\n<\/div>\n<div class=\"col col-md-12 col-sm-12\" align=\"center\">\n<p>&nbsp;<\/p>\n<h2>Coordinating Graduation Courses<\/h2>\n<p>&nbsp;<\/p>\n<p>S\u00e9rgio Luiz Schulz (Coordinator) e Lilian Ta\u00eds de Gouveia (Vice Coordinator) \u2013 Engenharia Civil<\/p>\n<p>Marcelo Ferrasa (Coordinator) e Marcelo Bilobrovec (Vice-Coordinator) &#8211; Engenharia de Software<\/p>\n<p>Marcio Augusto de Souza (Coordinator) e Jaime Cohen (Vice-Coordinator) &#8211; Engenharia de Computa\u00e7\u00e3o<\/p>\n<p>Adriana Scoton Antonio Chinelatto (Coordinator) e Filomena Maria da Costa Nobrega Nadal (Vice-Coordinator) &#8211; Engenharia de Materiais<\/p>\n<p>Marina Tolentino Caldeira (Coordinator) e Eliane Dalva Godoy (Vice Coordinator) &#8211; Engenharia de Alimentos<\/p>\n<p>Jos\u00e9 Raulindo Gardingo (Coordinator) e Carlos Hugo Rocha (Vice Coordinator) &#8211; Agronomia<\/p>\n<p>Victor Breno Pedrosa (Coordinator) &#8211; Zootecnia<\/p>\n<\/div>\n<div class=\"col col-md-12 col-sm-12\" align=\"center\">\n<p>&nbsp;<\/p>\n<h2>Coordination Graduate Stricto Senso<\/h2>\n<p>&nbsp;<\/p>\n<p>Neyde Fab\u00edola Balarezo Giarola (Coordinator) e Carolina Weigert Galv\u00e3o (Vice-Coordinator) &#8211; Mestrado e Doutorado em Agronomia<\/p>\n<p>Jos\u00e9 Carlos Ferreira da Rocha (Coordinator) e Alaine Margarete Guimar\u00e3es (Vice-Coordinator) &#8211; Mestrado em Computa\u00e7\u00e3o Aplicada<\/p>\n<p>M\u00e1rcio Ferreira Hupalo (Coordinator) e Adilson Luiz Chinelatto (Vice-Coordinator) &#8211; Mestrado em Engenharia e Ci\u00eancias de Materiais<\/p>\n<p>Giovana K\u00e1tie Wiecheteck (Coordinator) e Marcos Rog\u00e9rio Sz\u00e9liga (Vice-Coordinator) &#8211; Mestrado em Engenharia Sanit\u00e1ria e Ambiental<\/p>\n<p>Alessandro Nogueira (Coordinator) e Egon Schnitzler (Vice-Coordinator) &#8211; Mestrado e Doutorado em Ci\u00eancia e Tecnologia de Alimentos<\/p>\n<p>Wilson Massamitu Furuya (Coordinator) e Victor Breno Pedrosa (Vice-Coordinator) &#8211; Mestrado em Zootecnia<\/p>\n<\/div>\n<div class=\"col col-md-12 col-sm-12\" align=\"center\">\n<p>&nbsp;<\/p>\n<h2>Teacher Representations<\/h2>\n<p>&nbsp;<\/p>\n<p>Maria Marta Loddi<\/p>\n<p>Idomar Augusto Cerutti<\/p>\n<p>Osvaldo Mitsuyuki Cintho<\/p>\n<\/div>\n","protected":false},"excerpt":{"rendered":"<p>Direction of the Sector &nbsp; Maria Salete Marcon Gomes Vaz- Director Adilson Luiz Chinelatto -Deputy Director &nbsp; Departmental Managers &nbsp; Arion de Campos Junior (Head) e Victor George Celinski (Deputy Head) &#8211; Department of Informatics L\u00facio Marcos De Geus (Head) e Eduardo Pereira (Deputy Head) &#8211; Department of Civil Engineering Amanda Regina Godoy Baptist\u00e3o (Head)&nbsp;&hellip;<\/p>\n","protected":false},"author":378,"featured_media":0,"parent":0,"menu_order":0,"comment_status":"closed","ping_status":"closed","template":"page-templates\/page-with-left-sidebar.php","meta":[],"_links":{"self":[{"href":"https:\/\/www2.uepg.br\/secate\/wp-json\/wp\/v2\/pages\/247"}],"collection":[{"href":"https:\/\/www2.uepg.br\/secate\/wp-json\/wp\/v2\/pages"}],"about":[{"href":"https:\/\/www2.uepg.br\/secate\/wp-json\/wp\/v2\/types\/page"}],"author":[{"embeddable":true,"href":"https:\/\/www2.uepg.br\/secate\/wp-json\/wp\/v2\/users\/378"}],"replies":[{"embeddable":true,"href":"https:\/\/www2.uepg.br\/secate\/wp-json\/wp\/v2\/comments?post=247"}],"version-history":[{"count":4,"href":"https:\/\/www2.uepg.br\/secate\/wp-json\/wp\/v2\/pages\/247\/revisions"}],"predecessor-version":[{"id":302,"href":"https:\/\/www2.uepg.br\/secate\/wp-json\/wp\/v2\/pages\/247\/revisions\/302"}],"wp:attachment":[{"href":"https:\/\/www2.uepg.br\/secate\/wp-json\/wp\/v2\/media?parent=247"}],"curies":[{"name":"wp","href":"https:\/\/api.w.org\/{rel}","templated":true}]}}