{"id":6,"date":"2020-04-20T14:56:52","date_gmt":"2020-04-20T17:56:52","guid":{"rendered":"http:\/\/www2.uepg.br\/secate\/?page_id=6"},"modified":"2022-02-09T10:59:58","modified_gmt":"2022-02-09T13:59:58","slug":"home","status":"publish","type":"page","link":"https:\/\/www2.uepg.br\/secate\/","title":{"rendered":"Home"},"content":{"rendered":"<div id=\"pl-6\"  class=\"panel-layout\" ><div id=\"pg-6-0\"  class=\"panel-grid panel-no-style\" ><div id=\"pgc-6-0-0\"  class=\"panel-grid-cell\" ><div id=\"panel-6-0-0-0\" class=\"so-panel widget widget_sow-editor panel-first-child panel-last-child\" data-index=\"0\" ><div class=\"panel-widget-style panel-widget-style-for-6-0-0-0\" ><div\n\t\t\t\n\t\t\tclass=\"so-widget-sow-editor so-widget-sow-editor-base\"\n\t\t\t\n\t\t>\n<div class=\"siteorigin-widget-tinymce textwidget\">\n\t<h4 style=\"text-align: center\"><strong>\u00daltimas Not\u00edcias<\/strong><\/h4>\n\t\t<div class=\"wppsac-slick-carousel-wrp wppsac-clearfix \">\r\n\t\t\t<div id=\"wppsac-post-carousel-1\" class=\"wppsac-post-slider-init wppsac-post-carousel design-1\">\r\n\t\t\t\t\r\n<div class=\"wppsac-carousel-slides\">\r\n\t\t<div class=\"wppsac-post-content-position\">\r\n\t\t\t\t\t<div class=\"wppsac-post-categories\"><ul class=\"wppsac-post-categories-list\"><li><a href=\"https:\/\/www2.uepg.br\/secate\/category\/noticias\/\" rel=\"category\"> Not\u00edcias <\/a><\/li><\/ul><\/div>\r\n\t\t\t  \t<h2 class=\"wppsac-post-title\">\r\n\t\t\t<a href=\"https:\/\/www2.uepg.br\/secate\/edital-de-selecao-para-processo-seletivo-do-programa-de-pos-graduacao-em-engenharia-e-ciencia-dos-materiais-mestrado-2026\/\">Edital de sele\u00e7\u00e3o para processo seletivo do Programa de P\u00f3s-Gradua\u00e7\u00e3o em Engenharia e Ci\u00eancia dos Materiais &#8211; Mestrado &#8211; 2026<\/a>\r\n\t\t<\/h2>\r\n\t\t\t\t\t<div class=\"wppsac-post-date\">\r\n\t\t\t\t10 de novembro de 2025\t\t\t<\/div>\r\n\t\t\t\t\t<\/div>\r\n<\/div>\r\n<div class=\"wppsac-carousel-slides\">\r\n\t\t<div class=\"wppsac-post-content-position\">\r\n\t\t\t\t\t<div class=\"wppsac-post-categories\"><ul class=\"wppsac-post-categories-list\"><li><a href=\"https:\/\/www2.uepg.br\/secate\/category\/noticias\/\" rel=\"category\"> Not\u00edcias <\/a><\/li><\/ul><\/div>\r\n\t\t\t  \t<h2 class=\"wppsac-post-title\">\r\n\t\t\t<a href=\"https:\/\/www2.uepg.br\/secate\/setembro-amarelo-os-eventos-comecaram\/\">Setembro Amarelo &#8211; Os eventos come\u00e7aram!<\/a>\r\n\t\t<\/h2>\r\n\t\t\t\t\t<div class=\"wppsac-post-date\">\r\n\t\t\t\t8 de setembro de 2025\t\t\t<\/div>\r\n\t\t\t\t\t<\/div>\r\n<\/div>\r\n<div class=\"wppsac-carousel-slides\">\r\n\t\t<div class=\"wppsac-post-content-position\">\r\n\t\t\t\t\t<div class=\"wppsac-post-categories\"><ul class=\"wppsac-post-categories-list\"><li><a href=\"https:\/\/www2.uepg.br\/secate\/category\/noticias\/\" rel=\"category\"> Not\u00edcias <\/a><\/li><\/ul><\/div>\r\n\t\t\t  \t<h2 class=\"wppsac-post-title\">\r\n\t\t\t<a href=\"https:\/\/www2.uepg.br\/secate\/convite-para-palestra-a-inteligencia-artificial-e-o-ensino-superior-novos-tempos-dia-11-de-setembro-de-2025-as-9h-no-grande-auditorio-da-reitoria-campus-central\/\">Convite para palestra: &#8220;A Intelig\u00eancia Artificial e o Ensino Superior: Novos tempos&#8221; dia  11 de setembro de 2025, \u00e0s 9h, no Grande Audit\u00f3rio da Reitoria \u2013 Campus Central.<\/a>\r\n\t\t<\/h2>\r\n\t\t\t\t\t<div class=\"wppsac-post-date\">\r\n\t\t\t\t7 de agosto de 2025\t\t\t<\/div>\r\n\t\t\t\t\t<\/div>\r\n<\/div>\t\t\t<\/div>\r\n\t\t\t<div class=\"wppsac-carousel-conf wppsac-hide\" data-conf=\"{&quot;slides_to_show&quot;:&quot;4&quot;,&quot;slides_to_scroll&quot;:1,&quot;dots&quot;:&quot;false&quot;,&quot;arrows&quot;:&quot;true&quot;,&quot;autoplay&quot;:&quot;true&quot;,&quot;autoplay_interval&quot;:&quot;19500&quot;,&quot;speed&quot;:500,&quot;rtl&quot;:&quot;false&quot;,&quot;lazyload&quot;:&quot;&quot;}\"><\/div>\r\n\t\t<\/div>\r\n\t\n<\/div>\n<\/div><\/div><\/div><\/div><\/div><div id=\"pg-6-1\"  class=\"panel-grid panel-no-style\" ><div id=\"pgc-6-1-0\"  class=\"panel-grid-cell\" ><div id=\"panel-6-1-0-0\" class=\"so-panel widget widget_sow-button panel-first-child panel-last-child\" data-index=\"1\" ><div class=\"panel-widget-style panel-widget-style-for-6-1-0-0\" ><div\n\t\t\t\n\t\t\tclass=\"so-widget-sow-button so-widget-sow-button-atom-f28947f507e4-1242\"\n\t\t\t\n\t\t><div class=\"ow-button-base ow-button-align-center\">\n\t<a href=\"https:\/\/www2.uepg.br\/secate\/noticias\/\" class=\"ow-icon-placement-left ow-button-hover\" \t\t>\n\t\t<span>\n\t\t\t\n\t\t\tveja todas as not\u00edcias\t\t<\/span>\n\t<\/a>\n<\/div>\n<\/div><\/div><\/div><\/div><\/div><div id=\"pg-6-2\"  class=\"panel-grid panel-no-style\" ><div id=\"pgc-6-2-0\"  class=\"panel-grid-cell\" ><div id=\"panel-6-2-0-0\" class=\"so-panel widget widget_sow-features panel-first-child panel-last-child\" data-index=\"2\" ><div class=\"panel-widget-style panel-widget-style-for-6-2-0-0\" ><div\n\t\t\t\n\t\t\tclass=\"so-widget-sow-features so-widget-sow-features-default-2ea7ff336684-1242\"\n\t\t\t\n\t\t>\n<div class=\"sow-features-list sow-features-responsive\">\n\n\t\t\t\t\t\t<div\n\t\t\t\tclass=\"sow-features-feature sow-icon-container-position-top sow-features-feature-last-row\"\n\t\t\t\tstyle=\"display: flex; flex-direction: column; float: left; width: 33.333%;\"\n\t\t\t>\n\n\t\t\t\t\t\t\t\t\t<a\n\t\t\t\t\t\thref=\"https:\/\/www.uepg.br\/\"\n\t\t\t\t\t\t\t\t\t\t\t>\n\t\t\t\t\t\t\t\t<div\n\t\t\t\t\tclass=\"sow-icon-container sow-container-rounded-square\"\n                    style=\"color: #03336c; \"\n\t\t\t\t\ttitle=\"Portal UEPG\">\n\t\t\t\t\t<span class=\"sow-icon-fontawesome sow-fas\" data-sow-icon=\"&#xf19c;\"\n\t\tstyle=\"font-size: 50px; color: #FFFFFF\" \n\t\taria-hidden=\"true\"><\/span>\t\t\t\t<\/div>\n\t\t\t\t\t\t\t\t\t<\/a>\n\t\t\t\t\n\t\t\t\t<div class=\"textwidget\">\n\t\t\t\t\t\t\t\t\t\t\t<h5>\n\t\t\t\t\t\t\t\t\t\t\t\t\t\t\t<a\n\t\t\t\t\t\t\t\t\thref=\"https:\/\/www.uepg.br\/\"\n\t\t\t\t\t\t\t\t\t\t\t\t\t\t\t\t\t>\n\t\t\t\t\t\t\t\n\t\t\t\t\t\t\tPortal UEPG\t\t\t\t\t\t\t\t\t\t\t\t\t\t\t<\/a>\n\t\t\t\t\t\t\t\t\t\t\t\t\t<\/h5>\n\t\t\t\t\t\n\t\t\t\t\t\n\t\t\t\t\t\t\t\t\t<\/div>\n\t\t\t\t\t\t\t<\/div>\n\n\t\t\t\t\t<div\n\t\t\t\tclass=\"sow-features-feature sow-icon-container-position-top sow-features-feature-last-row\"\n\t\t\t\tstyle=\"display: flex; flex-direction: column; float: left; width: 33.333%;\"\n\t\t\t>\n\n\t\t\t\t\t\t\t\t\t<a\n\t\t\t\t\t\thref=\"https:\/\/sei.uepg.br\/\"\n\t\t\t\t\t\t\t\t\t\t\t>\n\t\t\t\t\t\t\t\t<div\n\t\t\t\t\tclass=\"sow-icon-container sow-container-rounded-square\"\n                    style=\"color: #ffffff; \"\n\t\t\t\t\ttitle=\"Protocolo Digital\">\n\t\t\t\t\t<div class=\"sow-icon-image\" style=\"background-image: url(https:\/\/www2.uepg.br\/secate\/wp-content\/uploads\/sites\/214\/2020\/04\/sei.jpg); font-size: 50px\"><\/div>\t\t\t\t<\/div>\n\t\t\t\t\t\t\t\t\t<\/a>\n\t\t\t\t\n\t\t\t\t<div class=\"textwidget\">\n\t\t\t\t\t\t\t\t\t\t\t<h5>\n\t\t\t\t\t\t\t\t\t\t\t\t\t\t\t<a\n\t\t\t\t\t\t\t\t\thref=\"https:\/\/sei.uepg.br\/\"\n\t\t\t\t\t\t\t\t\t\t\t\t\t\t\t\t\t>\n\t\t\t\t\t\t\t\n\t\t\t\t\t\t\tProtocolo Digital\t\t\t\t\t\t\t\t\t\t\t\t\t\t\t<\/a>\n\t\t\t\t\t\t\t\t\t\t\t\t\t<\/h5>\n\t\t\t\t\t\n\t\t\t\t\t\n\t\t\t\t\t\t\t\t\t<\/div>\n\t\t\t\t\t\t\t<\/div>\n\n\t\t\t\t\t<div\n\t\t\t\tclass=\"sow-features-feature sow-icon-container-position-top sow-features-feature-last-row\"\n\t\t\t\tstyle=\"display: flex; flex-direction: column; float: left; width: 33.333%;\"\n\t\t\t>\n\n\t\t\t\t\t\t\t\t\t<a\n\t\t\t\t\t\thref=\"https:\/\/www2.uepg.br\/\"\n\t\t\t\t\t\t\t\t\t\t\t>\n\t\t\t\t\t\t\t\t<div\n\t\t\t\t\tclass=\"sow-icon-container sow-container-rounded-square\"\n                    style=\"color: #0e7f77; \"\n\t\t\t\t\ttitle=\"+ Servi\u00e7os\">\n\t\t\t\t\t<span class=\"sow-icon-fontawesome sow-fas\" data-sow-icon=\"&#xf501;\"\n\t\tstyle=\"font-size: 50px; color: #FFFFFF\" \n\t\taria-hidden=\"true\"><\/span>\t\t\t\t<\/div>\n\t\t\t\t\t\t\t\t\t<\/a>\n\t\t\t\t\n\t\t\t\t<div class=\"textwidget\">\n\t\t\t\t\t\t\t\t\t\t\t<h5>\n\t\t\t\t\t\t\t\t\t\t\t\t\t\t\t<a\n\t\t\t\t\t\t\t\t\thref=\"https:\/\/www2.uepg.br\/\"\n\t\t\t\t\t\t\t\t\t\t\t\t\t\t\t\t\t>\n\t\t\t\t\t\t\t\n\t\t\t\t\t\t\t+ Servi\u00e7os\t\t\t\t\t\t\t\t\t\t\t\t\t\t\t<\/a>\n\t\t\t\t\t\t\t\t\t\t\t\t\t<\/h5>\n\t\t\t\t\t\n\t\t\t\t\t\n\t\t\t\t\t\t\t\t\t<\/div>\n\t\t\t\t\t\t\t<\/div>\n\n\t\t\t\n<\/div>\n<\/div><\/div><\/div><\/div><\/div><\/div>","protected":false},"excerpt":{"rendered":"<p>\u00daltimas Not\u00edcias<\/p>\n","protected":false},"author":24,"featured_media":0,"parent":0,"menu_order":0,"comment_status":"closed","ping_status":"closed","template":"page-templates\/page-with-left-sidebar.php","meta":[],"_links":{"self":[{"href":"https:\/\/www2.uepg.br\/secate\/wp-json\/wp\/v2\/pages\/6"}],"collection":[{"href":"https:\/\/www2.uepg.br\/secate\/wp-json\/wp\/v2\/pages"}],"about":[{"href":"https:\/\/www2.uepg.br\/secate\/wp-json\/wp\/v2\/types\/page"}],"author":[{"embeddable":true,"href":"https:\/\/www2.uepg.br\/secate\/wp-json\/wp\/v2\/users\/24"}],"replies":[{"embeddable":true,"href":"https:\/\/www2.uepg.br\/secate\/wp-json\/wp\/v2\/comments?post=6"}],"version-history":[{"count":11,"href":"https:\/\/www2.uepg.br\/secate\/wp-json\/wp\/v2\/pages\/6\/revisions"}],"predecessor-version":[{"id":1215,"href":"https:\/\/www2.uepg.br\/secate\/wp-json\/wp\/v2\/pages\/6\/revisions\/1215"}],"wp:attachment":[{"href":"https:\/\/www2.uepg.br\/secate\/wp-json\/wp\/v2\/media?parent=6"}],"curies":[{"name":"wp","href":"https:\/\/api.w.org\/{rel}","templated":true}]}}