{"id":18,"date":"2019-11-19T13:25:40","date_gmt":"2019-11-19T16:25:40","guid":{"rendered":"http:\/\/www2.uepg.br\/secijur\/?page_id=18"},"modified":"2019-11-19T15:39:07","modified_gmt":"2019-11-19T18:39:07","slug":"colegiado-setorial","status":"publish","type":"page","link":"https:\/\/www2.uepg.br\/secijur\/colegiado-setorial\/","title":{"rendered":"Colegiado Setorial"},"content":{"rendered":"<h4 style=\"text-align: center\"><strong>Composi\u00e7\u00e3o do Colegiado Setorial de Ci\u00eancias Jur\u00eddicas<\/strong><\/h4>\n<p style=\"text-align: center\">Presidente:Vicente Paulo Hajaki Ribas \u2013 Diretor do Setor de Ci\u00eancias Jur\u00eddicas<\/p>\n<p style=\"text-align: center\">Vice-Presidente: Rauli Gross Junior \u2013 Diretor Adjunto do Setor de Ci\u00eancias Jur\u00eddicas<\/p>\n<p>&nbsp;<\/p>\n<h4 style=\"text-align: center\"><strong>Professores Membros<\/strong><\/h4>\n<p style=\"text-align: center\">Alexandre Almeida Rocha \u2013 Chefe do Departamento de Direito do Estado<\/p>\n<p style=\"text-align: center\">Jos\u00e9 Jairo Baluta \u2013 Chefe do Departamento de Direito Processual<\/p>\n<p style=\"text-align: center\">\u00c9verson Manjinski \u2013 Chefe do Departamento de Direito das Rela\u00e7\u00f5es Sociais<\/p>\n<p style=\"text-align: center\">Guilherme Amaral Alves \u2013 Coordenador do Curso<\/p>\n<p style=\"text-align: center\">Marcelo Alves da Silva \u2013 Representante Docente do Departamento de Direito do Estado<\/p>\n<p style=\"text-align: center\">Regina Fatima Wolochn \u2013 Representante Docente do Departamento de Direito das Rela\u00e7\u00f5es Sociais<\/p>\n<p style=\"text-align: center\">Dirc\u00e9ia Moreira &#8211; Representante Docente do Departamento de Direito Processual<\/p>\n<p style=\"text-align: center\">Ta\u00eds Vella Cruz \u2013 Representante Discente<\/p>\n<p>&nbsp;<\/p>\n<h4 style=\"text-align: center\"><strong>Atribui\u00e7\u00f5es do Colegiado Setorial &#8211; Artigo 25 do Regimento Geral da UEPG<\/strong><\/h4>\n<p>a \u2013 aprovar anualmente a proposta or\u00e7ament\u00e1ria do Setor;<br \/>\nb \u2013 conhecer e aprovar qualquer proposta de altera\u00e7\u00e3o do sistema administrativo do Setor, encaminhando-a, quando for o caso, para an\u00e1lise e aprova\u00e7\u00e3o dos \u00f3rg\u00e3os superiores da Universidade;<br \/>\nc \u2013 recomendar, atendendo a representa\u00e7\u00e3o do Diretor, a suspens\u00e3o de qualquer curso regular ou extraordin\u00e1rio em cujo desenvolvimento n\u00e3o estejam sendo observadas as exig\u00eancias legais e estatut\u00e1rias;<br \/>\nd \u2013 opinar sobre o programa de publica\u00e7\u00f5es elaborado pelo Setor;<br \/>\ne \u2013 apreciar os regimentos do Setor e encaminh\u00e1-los, quando for o caso, \u00e0 aprova\u00e7\u00e3o final do Conselho Universit\u00e1rio;<br \/>\nf \u2013 apreciar o relat\u00f3rio anual do Diretor para encaminhamento aos Colegiados Superiores;<br \/>\ng \u2013 constituir comiss\u00f5es especiais para estudar assuntos que interessarem ao Setor;<br \/>\nh \u2013 conhecer e decidir, nos limites de sua compet\u00eancia, representa\u00e7\u00f5es de natureza administrativa e disciplinar;<br \/>\ni \u2013 praticar os demais atos de sua compet\u00eancia origin\u00e1ria, e aqueles oriundos de delega\u00e7\u00e3o dos \u00f3rg\u00e3os superiores da Universidade.<\/p>\n","protected":false},"excerpt":{"rendered":"<p>Composi\u00e7\u00e3o do Colegiado Setorial de Ci\u00eancias Jur\u00eddicas Presidente:Vicente Paulo Hajaki Ribas \u2013 Diretor do Setor de Ci\u00eancias Jur\u00eddicas Vice-Presidente: Rauli Gross Junior \u2013 Diretor Adjunto do Setor de Ci\u00eancias Jur\u00eddicas &nbsp; Professores Membros Alexandre Almeida Rocha \u2013 Chefe do Departamento de Direito do Estado Jos\u00e9 Jairo Baluta \u2013 Chefe do Departamento de Direito Processual \u00c9verson&nbsp;&hellip;<\/p>\n","protected":false},"author":24,"featured_media":0,"parent":0,"menu_order":0,"comment_status":"closed","ping_status":"closed","template":"","meta":[],"_links":{"self":[{"href":"https:\/\/www2.uepg.br\/secijur\/wp-json\/wp\/v2\/pages\/18"}],"collection":[{"href":"https:\/\/www2.uepg.br\/secijur\/wp-json\/wp\/v2\/pages"}],"about":[{"href":"https:\/\/www2.uepg.br\/secijur\/wp-json\/wp\/v2\/types\/page"}],"author":[{"embeddable":true,"href":"https:\/\/www2.uepg.br\/secijur\/wp-json\/wp\/v2\/users\/24"}],"replies":[{"embeddable":true,"href":"https:\/\/www2.uepg.br\/secijur\/wp-json\/wp\/v2\/comments?post=18"}],"version-history":[{"count":2,"href":"https:\/\/www2.uepg.br\/secijur\/wp-json\/wp\/v2\/pages\/18\/revisions"}],"predecessor-version":[{"id":81,"href":"https:\/\/www2.uepg.br\/secijur\/wp-json\/wp\/v2\/pages\/18\/revisions\/81"}],"wp:attachment":[{"href":"https:\/\/www2.uepg.br\/secijur\/wp-json\/wp\/v2\/media?parent=18"}],"curies":[{"name":"wp","href":"https:\/\/api.w.org\/{rel}","templated":true}]}}