{"id":20,"date":"2019-11-19T13:27:11","date_gmt":"2019-11-19T16:27:11","guid":{"rendered":"http:\/\/www2.uepg.br\/secijur\/?page_id=20"},"modified":"2024-06-26T20:27:44","modified_gmt":"2024-06-26T23:27:44","slug":"colegiado-de-curso","status":"publish","type":"page","link":"https:\/\/www2.uepg.br\/secijur\/colegiado-de-curso\/","title":{"rendered":"Colegiado de Curso"},"content":{"rendered":"<h4 style=\"text-align: center\"><strong>Coordenador<\/strong><\/h4>\n<p style=\"text-align: center\">Alexandre Almeida Rocha<\/p>\n<p>\u00a0 \u00a0 \u00a0 \u00a0 \u00a0 \u00a0 \u00a0 \u00a0 \u00a0 \u00a0 \u00a0 \u00a0 \u00a0 \u00a0 \u00a0 \u00a0 \u00a0 \u00a0 \u00a0 \u00a0 \u00a0 \u00a0 \u00a0 \u00a0 \u00a0 \u00a0 \u00a0 \u00a0 \u00a0 \u00a0 \u00a0 \u00a0 \u00a0 \u00a0 \u00a0 \u00a0 \u00a0 \u00a0 \u00a0 \u00a0 \u00a0 \u00a0 \u00a0 \u00a0 \u00a0 \u00a0 \u00a0 \u00a0 \u00a0 \u00a0 \u00a0 \u00a0 \u00a0 \u00a0 \u00a0 \u00a0 \u00a0 \u00a0 \u00a0 \u00a0 \u00a0 \u00a0 \u00a0 \u00a0 \u00a0 \u00a0 \u00a0 \u00a0 \u00a0 \u00a0 \u00a0 \u00a0 \u00a0 \u00a0 \u00a0 \u00a0 \u00a0 \u00a0 \u00a0 \u00a0 \u00a0 \u00a0 \u00a0 \u00a0 \u00a0 \u00a0 \u00a0 \u00a0 \u00a0 \u00a0 \u00a0 \u00a0 \u00a0 \u00a0 \u00a0 \u00a0 \u00a0 \u00a0 \u00a0 \u00a0 \u00a0 \u00a0 \u00a0 \u00a0 \u00a0 \u00a0 \u00a0 \u00a0 \u00a0 \u00a0 \u00a0 \u00a0 \u00a0 \u00a0 \u00a0 \u00a0<br \/>\n&nbsp;<\/p>\n<h4 style=\"text-align: center\"><strong>Membros<\/strong><\/h4>\n<p style=\"text-align: center\">Ricardo Pav\u00e3o Tuma<\/p>\n<p style=\"text-align: center\">Igor Sporch da Costa<\/p>\n<p style=\"text-align: center\">Maria Cristina Baluta<\/p>\n<p style=\"text-align: center\">Dirce do Nascimento Pereira<\/p>\n<p style=\"text-align: center\">M\u00e1rcia Santos da Silva<\/p>\n<p style=\"text-align: center\">\u00a0 \u00a0 \u00a0 \u00a0 Kleber Cazzaro<\/p>\n<p style=\"text-align: center\">\u00a0 \u00a0 \u00a0 \u00a0 \u00a0 \u00a0 \u00a0 \u00a0 \u00a0 \u00a0 \u00a0 \u00a0Gisele Cristina de Oliveira<\/p>\n<p style=\"text-align: center\">Pedro Henrique Chociai &#8211; (Reprentante Docente)<\/p>\n<p>&nbsp;<\/p>\n<h4 style=\"text-align: center\"><strong>Atribui\u00e7\u00f5es do Colegiado de Curso &#8211; Artigo 93 do Regimento Geral da UEPG<\/strong><\/h4>\n<p style=\"text-align: center\">I -propor ao Conselho de Ensino, Pesquisa e Extens\u00e3o a organiza\u00e7\u00e3o ou reorganiza\u00e7\u00e3o do curr\u00edculo do curso respectivo;<\/p>\n<p style=\"text-align: center\">II &#8211; oferecer ao Conselho de Ensino, Pesquisa e Extens\u00e3o subs\u00eddios:<br \/>\na) para a avalia\u00e7\u00e3o do ensino e promo\u00e7\u00e3o de alunos;<br \/>\nb) sobre a forma de ingresso de candidatos ao curso;<br \/>\nc) para a organiza\u00e7\u00e3o do Calend\u00e1rio Escolar;<\/p>\n<p style=\"text-align: center\">III &#8211; avaliar a execu\u00e7\u00e3o did\u00e1tico-pedag\u00f3gica do curso e sugerir medidas que considerar necess\u00e1rias ao Departamento, ao Colegiado Setorial e ao Conselho de Ensino, Pesquisa e Extens\u00e3o;<\/p>\n<p style=\"text-align: center\">IV &#8211; emitir parecer sobre quest\u00f5es did\u00e1ticas e relativas \u00e0 freq\u00fc\u00eancia, transfer\u00eancia, adapta\u00e7\u00f5es de alunos, avalia\u00e7\u00f5es, exames e trabalhos escolares;<\/p>\n<p style=\"text-align: center\">V &#8211; estabelecer normas para os est\u00e1gios curriculares e para os Trabalhos de Conclus\u00e3o de Curso &#8211; TCC;<\/p>\n<p style=\"text-align: center\">VI &#8211; avaliar periodicamente os programas das disciplinas e deliberar as modifica\u00e7\u00f5es propostas pelos professores;<\/p>\n<p style=\"text-align: center\">VII &#8211; requisitar aos departamentos a oferta de disciplinas, explicitando as vagas necess\u00e1rias e os hor\u00e1rios convenientes;<\/p>\n<p style=\"text-align: center\">VIII &#8211; solicitar ao(s) Departamento(s) a indica\u00e7\u00e3o de professores, de acordo com o perfil proposto no projeto pedag\u00f3gico;<\/p>\n<p style=\"text-align: center\">IX &#8211; recusar, mediante an\u00e1lise fundamentada, a indica\u00e7\u00e3o de professores feita pelos Departamentos;<\/p>\n<p style=\"text-align: center\">X &#8211; solicitar aos Departamentos a substitui\u00e7\u00e3o de professores que n\u00e3o estejam atendendo \u00e0s necessidades do curso mediante an\u00e1lise fundamentada;<\/p>\n<p style=\"text-align: center\">XI &#8211; estabelecer calend\u00e1rio das suas reuni\u00f5es ordin\u00e1rias;<\/p>\n<p style=\"text-align: center\">XII &#8211; analisar os pedidos de justificativas das faltas, \u00e0s reuni\u00f5es do Colegiado, feitos pelos seus membros;<\/p>\n<p style=\"text-align: center\">XIII &#8211; responsabilizar-se pelo cumprimento integral do projeto pedag\u00f3gico do curso;<\/p>\n<p style=\"text-align: center\">XIV &#8211; analisar qualquer retifica\u00e7\u00e3o de nota ou freq\u00fc\u00eancia de acad\u00eamico, ocorrida extemporaneamente.<\/p>\n","protected":false},"excerpt":{"rendered":"<p>Coordenador Alexandre Almeida Rocha \u00a0 \u00a0 \u00a0 \u00a0 \u00a0 \u00a0 \u00a0 \u00a0 \u00a0 \u00a0 \u00a0 \u00a0 \u00a0 \u00a0 \u00a0 \u00a0 \u00a0 \u00a0 \u00a0 \u00a0 \u00a0 \u00a0 \u00a0 \u00a0 \u00a0 \u00a0 \u00a0 \u00a0 \u00a0 \u00a0 \u00a0 \u00a0 \u00a0 \u00a0 \u00a0 \u00a0 \u00a0 \u00a0 \u00a0 \u00a0 \u00a0 \u00a0 \u00a0 \u00a0 \u00a0 \u00a0 \u00a0 \u00a0 \u00a0 \u00a0 \u00a0&nbsp;&hellip;<\/p>\n","protected":false},"author":24,"featured_media":0,"parent":0,"menu_order":0,"comment_status":"closed","ping_status":"closed","template":"","meta":[],"_links":{"self":[{"href":"https:\/\/www2.uepg.br\/secijur\/wp-json\/wp\/v2\/pages\/20"}],"collection":[{"href":"https:\/\/www2.uepg.br\/secijur\/wp-json\/wp\/v2\/pages"}],"about":[{"href":"https:\/\/www2.uepg.br\/secijur\/wp-json\/wp\/v2\/types\/page"}],"author":[{"embeddable":true,"href":"https:\/\/www2.uepg.br\/secijur\/wp-json\/wp\/v2\/users\/24"}],"replies":[{"embeddable":true,"href":"https:\/\/www2.uepg.br\/secijur\/wp-json\/wp\/v2\/comments?post=20"}],"version-history":[{"count":5,"href":"https:\/\/www2.uepg.br\/secijur\/wp-json\/wp\/v2\/pages\/20\/revisions"}],"predecessor-version":[{"id":169,"href":"https:\/\/www2.uepg.br\/secijur\/wp-json\/wp\/v2\/pages\/20\/revisions\/169"}],"wp:attachment":[{"href":"https:\/\/www2.uepg.br\/secijur\/wp-json\/wp\/v2\/media?parent=20"}],"curies":[{"name":"wp","href":"https:\/\/api.w.org\/{rel}","templated":true}]}}