{"id":24,"date":"2019-11-19T13:32:26","date_gmt":"2019-11-19T16:32:26","guid":{"rendered":"http:\/\/www2.uepg.br\/secijur\/?page_id=24"},"modified":"2024-06-26T20:09:07","modified_gmt":"2024-06-26T23:09:07","slug":"secretarias","status":"publish","type":"page","link":"https:\/\/www2.uepg.br\/secijur\/secretarias\/","title":{"rendered":"Secretarias"},"content":{"rendered":"<h4 style=\"text-align: center\"><strong>Secretaria de Setor<\/strong><\/h4>\n<p style=\"text-align: center\">Telma Passos<\/p>\n<p style=\"text-align: center\">Ramal: (42)3220-3451 &#8211; sala 211 &#8211; Bloco &#8220;A&#8221; Campus Central<\/p>\n<p style=\"text-align: center\">E-mail: secijur@uepg.br<\/p>\n<p style=\"text-align: center\">Hor\u00e1rio: 07:30 \u00e0s 11h\/16 \u00e0s 121h<\/p>\n<h4 style=\"text-align: center\"><strong>Secretaria dos Departamentos<\/strong><\/h4>\n<p style=\"text-align: center\">Marcos Aur\u00e9lio da Rosa<\/p>\n<p style=\"text-align: center\">Ramal: (42)3220-3397 &#8211; sala 208 &#8211; Bloco &#8220;A&#8221; Campus Central<\/p>\n<p style=\"text-align: center\">E-mail: sgdd@uepg.br<\/p>\n<p style=\"text-align: center\">Hor\u00e1rio: 08 \u00e0s 12h\/17 \u00e0s 21h<\/p>\n<h4 style=\"text-align: center\"><strong>Secretaria do Colegiado de Curso<\/strong><\/h4>\n<p style=\"text-align: center\">Maria Tereza de Miranda Leal<\/p>\n<p>&nbsp;<\/p>\n<p style=\"text-align: center\">Ramal: (42)3220-3398 &#8211; sala 208 &#8211; Bloco &#8220;A&#8221; Campus Central<\/p>\n<p style=\"text-align: center\">Hor\u00e1rio: 08 \u00e0s 12h\/17 \u00e0s 21h<\/p>\n","protected":false},"excerpt":{"rendered":"<p>Secretaria de Setor Telma Passos Ramal: (42)3220-3451 &#8211; sala 211 &#8211; Bloco &#8220;A&#8221; Campus Central E-mail: secijur@uepg.br Hor\u00e1rio: 07:30 \u00e0s 11h\/16 \u00e0s 121h Secretaria dos Departamentos Marcos Aur\u00e9lio da Rosa Ramal: (42)3220-3397 &#8211; sala 208 &#8211; Bloco &#8220;A&#8221; Campus Central E-mail: sgdd@uepg.br Hor\u00e1rio: 08 \u00e0s 12h\/17 \u00e0s 21h Secretaria do Colegiado de Curso Maria Tereza&nbsp;&hellip;<\/p>\n","protected":false},"author":24,"featured_media":0,"parent":0,"menu_order":0,"comment_status":"closed","ping_status":"closed","template":"","meta":[],"_links":{"self":[{"href":"https:\/\/www2.uepg.br\/secijur\/wp-json\/wp\/v2\/pages\/24"}],"collection":[{"href":"https:\/\/www2.uepg.br\/secijur\/wp-json\/wp\/v2\/pages"}],"about":[{"href":"https:\/\/www2.uepg.br\/secijur\/wp-json\/wp\/v2\/types\/page"}],"author":[{"embeddable":true,"href":"https:\/\/www2.uepg.br\/secijur\/wp-json\/wp\/v2\/users\/24"}],"replies":[{"embeddable":true,"href":"https:\/\/www2.uepg.br\/secijur\/wp-json\/wp\/v2\/comments?post=24"}],"version-history":[{"count":5,"href":"https:\/\/www2.uepg.br\/secijur\/wp-json\/wp\/v2\/pages\/24\/revisions"}],"predecessor-version":[{"id":162,"href":"https:\/\/www2.uepg.br\/secijur\/wp-json\/wp\/v2\/pages\/24\/revisions\/162"}],"wp:attachment":[{"href":"https:\/\/www2.uepg.br\/secijur\/wp-json\/wp\/v2\/media?parent=24"}],"curies":[{"name":"wp","href":"https:\/\/api.w.org\/{rel}","templated":true}]}}