{"id":26,"date":"2019-11-19T13:35:55","date_gmt":"2019-11-19T16:35:55","guid":{"rendered":"http:\/\/www2.uepg.br\/secijur\/?page_id=26"},"modified":"2019-11-19T13:36:15","modified_gmt":"2019-11-19T16:36:15","slug":"links-uteis","status":"publish","type":"page","link":"https:\/\/www2.uepg.br\/secijur\/links-uteis\/","title":{"rendered":"Links \u00dateis"},"content":{"rendered":"<p style=\"text-align: center\"><a href=\"http:\/\/www.oabpg.org.br\/\">Ordem dos Advogados do Brasil &#8211; Ponta Grossa<\/a><\/p>\n<p style=\"text-align: center\"><a href=\"http:\/\/www.assejepar.com.br\">Associa\u00e7\u00e3o dos Serventu\u00e1rios da Justi\u00e7a do Estado do Paran\u00e1<\/a><\/p>\n<p style=\"text-align: center\"><a href=\"http:\/\/www.presidencia.gov.br\/legislacao\">Legisla\u00e7\u00e3o Federal<\/a><\/p>\n<p style=\"text-align: center\"><a href=\"http:\/\/www.pr.gov.br\/casacivil\/legislacao\">Legisla\u00e7\u00e3o Estadual<\/a><\/p>\n<p style=\"text-align: center\"><a href=\"http:\/\/www.stf.gov.br\">Supremo Tribunal Federal<\/a><\/p>\n<p style=\"text-align: center\"><a href=\"http:\/\/www.stj.gov.br\">Superior Tribunal de Justi\u00e7a<\/a><\/p>\n<p style=\"text-align: center\"><a href=\"http:\/\/www.trf4.gov.br\">Tribunal Regional Federal da 4\u00aa Regi\u00e3o<\/a><\/p>\n<p style=\"text-align: center\"><a href=\"http:\/\/www.jfpr.gov.br\">Justi\u00e7a Federal do Paran\u00e1<\/a><\/p>\n","protected":false},"excerpt":{"rendered":"<p>Ordem dos Advogados do Brasil &#8211; Ponta Grossa Associa\u00e7\u00e3o dos Serventu\u00e1rios da Justi\u00e7a do Estado do Paran\u00e1 Legisla\u00e7\u00e3o Federal Legisla\u00e7\u00e3o Estadual Supremo Tribunal Federal Superior Tribunal de Justi\u00e7a Tribunal Regional Federal da 4\u00aa Regi\u00e3o Justi\u00e7a Federal do Paran\u00e1<\/p>\n","protected":false},"author":24,"featured_media":0,"parent":0,"menu_order":0,"comment_status":"closed","ping_status":"closed","template":"","meta":[],"_links":{"self":[{"href":"https:\/\/www2.uepg.br\/secijur\/wp-json\/wp\/v2\/pages\/26"}],"collection":[{"href":"https:\/\/www2.uepg.br\/secijur\/wp-json\/wp\/v2\/pages"}],"about":[{"href":"https:\/\/www2.uepg.br\/secijur\/wp-json\/wp\/v2\/types\/page"}],"author":[{"embeddable":true,"href":"https:\/\/www2.uepg.br\/secijur\/wp-json\/wp\/v2\/users\/24"}],"replies":[{"embeddable":true,"href":"https:\/\/www2.uepg.br\/secijur\/wp-json\/wp\/v2\/comments?post=26"}],"version-history":[{"count":2,"href":"https:\/\/www2.uepg.br\/secijur\/wp-json\/wp\/v2\/pages\/26\/revisions"}],"predecessor-version":[{"id":28,"href":"https:\/\/www2.uepg.br\/secijur\/wp-json\/wp\/v2\/pages\/26\/revisions\/28"}],"wp:attachment":[{"href":"https:\/\/www2.uepg.br\/secijur\/wp-json\/wp\/v2\/media?parent=26"}],"curies":[{"name":"wp","href":"https:\/\/api.w.org\/{rel}","templated":true}]}}