{"id":7,"date":"2019-11-19T13:13:58","date_gmt":"2019-11-19T16:13:58","guid":{"rendered":"http:\/\/www2.uepg.br\/secijur\/?page_id=7"},"modified":"2019-11-19T15:36:59","modified_gmt":"2019-11-19T18:36:59","slug":"inicio","status":"publish","type":"page","link":"https:\/\/www2.uepg.br\/secijur\/","title":{"rendered":"In\u00edcio"},"content":{"rendered":"<div id=\"historico\"><\/div>\n<h4 style=\"text-align: center\"><strong>HIST\u00d3RICO DO CURSO DE DIREITO<\/strong><\/h4>\n<p style=\"text-align: center\">O Curso de Direito foi instalado no ano de 1958, congregando os docentes e as atividades da Faculdade Estadual de Direito de Ponta Grossa, a qual foi criada pela Lei n\u00ba 2.179 de 04\/08\/1954, e reconhecida pelo Decreto Federal n\u00ba 50.355, de 18\/03\/61. A partir do ano de 1970, com a cria\u00e7\u00e3o da Universidade Estadual de Ponta Grossa, o Departamento de Direito foi implantado, fundindo-se na nova estrutura.<\/p>\n<h4 style=\"text-align: center\"><strong>HIST\u00d3RICO DO SETOR<\/strong><\/h4>\n<p style=\"text-align: center\">O Setor de Ci\u00eancias Jur\u00eddicas, denominado de Setor VI, \u00e9 um dos seis Setores de Conhecimento em que se estruturam as atividades administrativas, did\u00e1ticas, pedag\u00f3gicas e cient\u00edficas da Universidade Estadual de Ponta Grossa. Oficialmente, foi criado em data de 22 de outubro de 1998, atrav\u00e9s da Resolu\u00e7\u00e3o Universit\u00e1ria n.\u00ba 043, e instalado em 05 de abril de 1999.<br \/>\nAp\u00f3s a primeira elei\u00e7\u00e3o realizada, foi nomeada como Diretora, a Professora Gr\u00e1cia Maria Vass\u00e3o Iezak, Professora Assistente lotada no Departamento de Direito Processual e como Diretora Adjunta, a Professora Regina C\u00e9lia Grande Messias, Professora Assistente lotada no Departamento de Direito Processual, nomeadas atrav\u00e9s Portaria R.N.\u00ba 073 de 25 de mar\u00e7o de 1999.<br \/>\nA segunda elei\u00e7\u00e3o para escolha dos Diretores deste Setor, ocorreu em 19 de mar\u00e7o de 2003. Foi nomeada Diretora do Setor de Ci\u00eancias Jur\u00eddicas, a Professora Regina C\u00e9lia Grande Messias, Professora Assistente lotada no Departamento de Direito Processual e Diretor Adjunto, o Professor Nelson Evangelista Henrique, Professor Assistente, lotado no Departamento de Direito do Estado, atrav\u00e9s da Portaria R. N.\u00ba 059 de 31 de mar\u00e7o de 2003, com mandatos de 1\u00ba de abril de 2003 a 31 de mar\u00e7o de 2007.<br \/>\nO Diretor Adjunto, Professor Nelson Evangelista Henrique, obteve aposentadoria em 15 de setembro de 2003, conforme Resolu\u00e7\u00e3o n\u00ba 2009, de 05 de setembro de 2003, publicada no Di\u00e1rio Oficial do Estado do Paran\u00e1 n.\u00ba 6562, de 15 de setembro de 2003.<br \/>\nAp\u00f3s, a professora Ros\u00e2ngela F\u00e1tima Penteado Brand\u00e3o, Assistente, n\u00edvel &#8220;B&#8221;, foi nomeada Diretora Adjunta, pela Portaria R. N.\u00ba 098 de 20 de maio de 2004, com mandato de 20 de maio de 2004 at\u00e9 31 de mar\u00e7o de 2007.<br \/>\nEm 2007, foi nomeada Diretora do Setor de Ci\u00eancias Jur\u00eddicas, a Professora Ros\u00e2ngela F\u00e1tima Penteado Brand\u00e3o, Professora Assistente lotada no Departamento de Direito do Estado e Diretor Adjunto, o Professor Jos\u00e9 Altevir Mereth Barbosa da Cunha, Professor Adjunto, lotado no Departamento de Direito Processual, atrav\u00e9s da Portaria R N\u00ba 065 de 26 de mar\u00e7o de 2007, com mandatos de 1\u00ba de abril de 2007 a 31 de mar\u00e7o de 2011.<br \/>\nEm 2011, foi nomeada Diretora do Setor de Ci\u00eancias Jur\u00eddicas a professora Doutora Dirc\u00e9ia Moreira, professora adjunta lotada no Departamento de Direito Processual e Diretor Adjunto o professor Vanderlei Schneider de Lima, professor assistente, lotado no Departamento de Direito das Rela\u00e7\u00f5es Sociais, nomeados atrav\u00e9s da Portaria R.N\u00ba 138 de 04 de abril de 2011, com mandato no per\u00edodo de 1\u00ba de abril de 2011 a 31 de mar\u00e7o de 2015.<\/p>\n<p style=\"text-align: center\">A partir de 30 de agosto de 2014 o Professor Vanderlei Schneider de Lima, at\u00e9 ent\u00e3o Diretor Adjunto, assumiu a Dire\u00e7\u00e3o do Setor designado pela Portaria R. n\u00ba 303, de 29\/08\/2014, para cumprir o mandato at\u00e9 31 de mar\u00e7o de 2015.<\/p>\n<p style=\"text-align: center\">A Portaria R. n\u00ba 80, de 19 de mar\u00e7o de 2015, designou os professores Vicente Paulo Hajaki Ribas e Rauli Gross Junior, para os cargos de Diretor e Diretor Adjunto do Setor de Ci\u00eancias Jur\u00eddicas com mandatos no per\u00edodo 1\u00ba de abril de 2015 a 31 de mar\u00e7o de 2019.<\/p>\n<p style=\"text-align: center\">O Setor de Ci\u00eancias Jur\u00eddicas est\u00e1 instalado no Bloco \u201cA\u201d \u2013 sala n.\u00ba 211, da Universidade Estadual de Ponta Grossa.<\/p>\n","protected":false},"excerpt":{"rendered":"<p>HIST\u00d3RICO DO CURSO DE DIREITO O Curso de Direito foi instalado no ano de 1958, congregando os docentes e as atividades da Faculdade Estadual de Direito de Ponta Grossa, a qual foi criada pela Lei n\u00ba 2.179 de 04\/08\/1954, e reconhecida pelo Decreto Federal n\u00ba 50.355, de 18\/03\/61. A partir do ano de 1970, com&nbsp;&hellip;<\/p>\n","protected":false},"author":24,"featured_media":0,"parent":0,"menu_order":0,"comment_status":"closed","ping_status":"closed","template":"","meta":[],"_links":{"self":[{"href":"https:\/\/www2.uepg.br\/secijur\/wp-json\/wp\/v2\/pages\/7"}],"collection":[{"href":"https:\/\/www2.uepg.br\/secijur\/wp-json\/wp\/v2\/pages"}],"about":[{"href":"https:\/\/www2.uepg.br\/secijur\/wp-json\/wp\/v2\/types\/page"}],"author":[{"embeddable":true,"href":"https:\/\/www2.uepg.br\/secijur\/wp-json\/wp\/v2\/users\/24"}],"replies":[{"embeddable":true,"href":"https:\/\/www2.uepg.br\/secijur\/wp-json\/wp\/v2\/comments?post=7"}],"version-history":[{"count":5,"href":"https:\/\/www2.uepg.br\/secijur\/wp-json\/wp\/v2\/pages\/7\/revisions"}],"predecessor-version":[{"id":77,"href":"https:\/\/www2.uepg.br\/secijur\/wp-json\/wp\/v2\/pages\/7\/revisions\/77"}],"wp:attachment":[{"href":"https:\/\/www2.uepg.br\/secijur\/wp-json\/wp\/v2\/media?parent=7"}],"curies":[{"name":"wp","href":"https:\/\/api.w.org\/{rel}","templated":true}]}}