{"id":11,"date":"2020-02-17T10:58:07","date_gmt":"2020-02-17T13:58:07","guid":{"rendered":"http:\/\/www2.uepg.br\/secisa\/?page_id=11"},"modified":"2022-04-19T11:25:18","modified_gmt":"2022-04-19T14:25:18","slug":"historico","status":"publish","type":"page","link":"https:\/\/www2.uepg.br\/secisa\/historico\/","title":{"rendered":"Hist\u00f3rico"},"content":{"rendered":"<p>Os Setores de Conhecimento proporcionam, atrav\u00e9s dos Departamentos, o ensino, a pesquisa e a extens\u00e3o, regendo, em seu \u00e2mbito, as atividades administrativas, did\u00e1tico-pedag\u00f3gicas e cient\u00edficas da Universidade Estadual de Ponta Grossa.<\/p>\n<p>O Setor de Ci\u00eancias Sociais Aplicadas, denominado de Setor IV, \u00e9 um dos seis Setores de Conhecimento em que se estruturam as atividades administrativas, did\u00e1tico-pedag\u00f3gicas e cient\u00edficas da Universidade Estadual de Ponta Grossa.<\/p>\n<p>Foi criado oficialmente em 14 de novembro de 1990, atrav\u00e9s da Resolu\u00e7\u00e3o Universit\u00e1ria n.\u00ba 026, e instalado em 1\u00ba de abril de 1991, congregando os Departamentos de Administra\u00e7\u00e3o, Comunica\u00e7\u00e3o, Contabilidade, Direito, Economia e Servi\u00e7o Social.<\/p>\n<p>Ap\u00f3s a realiza\u00e7\u00e3o da primeira elei\u00e7\u00e3o, foram nomeados o Professor Nelson Osternack Postiglioni, como Diretor e a Professora Gr\u00e1cia Maria Vass\u00e3o Iezak, como Diretora Adjunto, lotados nos departamentos de Economia e Direito, respectivamente, atrav\u00e9s da Portaria R. n.\u00ba 063 de 1\u00ba de abril de 1991. Tamb\u00e9m concorreram \u00e0 elei\u00e7\u00e3o, a Professora Diva Brecailo Abib, do Departamento de Contabilidade, e o Professor Pedro Roseni da Silva, do Departamento de Administra\u00e7\u00e3o.<\/p>\n<p>Em 22 de mar\u00e7o de 1995, foi realizada a segunda elei\u00e7\u00e3o para preenchimento dos cargos de Diretor e Diretor Adjunto, tendo sido vencedora a chapa composta pela Professora Gr\u00e1cia Maria Vass\u00e3o Iezak, como Diretora, e pelo Professor Jofre Fl\u00e1vio Legat, como Diretor Adjunto, lotados nos Departamentos de Direito e Administra\u00e7\u00e3o, respectivamente. A chapa concorrente foi composta pela Professora Diva Brecailo Abib, do Departamento de Contabilidade, e pelo Professor Silas Guimar\u00e3es Moro, do Departamento de Administra\u00e7\u00e3o. A Diretora e o Diretor Adjunto foram nomeados atrav\u00e9s da Portaria R. n.\u00ba 165 de 28 de mar\u00e7o de 1995.<br \/>\n<!--more--><\/p>\n<p>A terceira elei\u00e7\u00e3o deu-se em\u00a0 l7 de mar\u00e7o de 1999, tendo sido vencedora a chapa composta pelas Professoras Candida Leonor Miranda, como Diretora, e Gisele Alves de S\u00e1 Quimelli, como Diretora Adjunto, lotadas nos Departamentos de Administra\u00e7\u00e3o e Servi\u00e7o Social, respectivamente. Tamb\u00e9m concorreram \u00e0 elei\u00e7\u00e3o, os Professores Milton Xavier Brollo e S\u00e9rgio Mauro Mongruel, respectivamente lotados nos Departamentos de Economia e Contabilidade. A nova Dire\u00e7\u00e3o foi nomeada atrav\u00e9s da Portaria R. n.\u00ba\u00a0 73 de 25\/03\/99.<\/p>\n<p>Atrav\u00e9s da P. R. n.\u00ba 259 de 19\/09\/02, a Professora Candida Leonor Miranda foi exonerada do exerc\u00edcio do cargo de Diretora do Setor de Ci\u00eancias Sociais Aplicadas, visto ter assumido a fun\u00e7\u00e3o de Pr\u00f3-Reitor de Gradua\u00e7\u00e3o, conforme a P. R. n.\u00ba 192 de 03\/09\/02.\u00a0 A Professora Gisele Alves de S\u00e1 Quimelli passou a ser a Diretora do Setor de Ci\u00eancias Sociais Aplicadas, a partir da data de 03\/09\/02 at\u00e9 31\/03\/03, atrav\u00e9s da P. R. n.\u00ba 260 de 19\/09\/02.<!--more--><\/p>\n<p>A elei\u00e7\u00e3o para a escolha da quarta gest\u00e3o do Setor de Ci\u00eancias Sociais Aplicadas foi realizada em 19 de mar\u00e7o de 2003, tendo sido vencedora a chapa composta pelos Professores Milton Xavier Brollo, como Diretor e Silas Guimar\u00e3es Moro, como Diretor Adjunto, lotados nos Departamentos de Economia e Administra\u00e7\u00e3o, respectivamente. A chapa concorrente foi composta pelas Professoras Marilisa do Rocio Oliveira e Irvana Chemin Branco, respectivamente lotadas nos Departamentos de Administra\u00e7\u00e3o e Comunica\u00e7\u00e3o. A nova Dire\u00e7\u00e3o foi nomeada atrav\u00e9s da Portaria R. n.\u00ba\u00a0 59 de 31 de mar\u00e7o de 2003.<\/p>\n<p>A elei\u00e7\u00e3o para a escolha da quinta gest\u00e3o do Setor de Ci\u00eancias Sociais Aplicadas foi realizada em 14 de mar\u00e7o de 2007, tendo sido vencedora a chapa composta pelos Professores Milton Xavier Brollo, como Diretor e Joani Alves Ferreira, como Diretor Adjunto, lotados nos Departamentos de Economia e Contabilidade, respectivamente. A chapa concorrente foi composta pelos Professores Gisele Alves de S\u00e1 Quimelli e Luiz Laertes de Freitas, respectivamente lotados nos Departamentos de Servi\u00e7o Social e Administra\u00e7\u00e3o. A nova Dire\u00e7\u00e3o foi nomeada atrav\u00e9s da Portaria R. n.\u00ba\u00a0 65 de 26 de mar\u00e7o de 2003.<\/p>\n<p>A sexta gest\u00e3o do Setor de Ci\u00eancias Sociais Aplicadas foi\u00a0 em 14 de mar\u00e7o de 2007, tendo sido aclamada vencedora a chapa composta pelas Professoras Solange Aparecida Barbosa de Moraes Barros, como Diretora e Marilisa do Rocio Oliveira, como Diretora Adjunta, lotados nos Departamentos de Servi\u00e7o Social e Administra\u00e7\u00e3o, respectivamente. A nova Dire\u00e7\u00e3o foi nomeada atrav\u00e9s da Portaria R. n.\u00ba\u00a0 138 de 04 de abril de 2011.<\/p>\n<p>A s\u00e9tima\u00a0 gest\u00e3o do Setor de Ci\u00eancias Sociais Aplicadas foi\u00a0 em 18 de mar\u00e7o de 2015, tendo sido aclamada vencedora a chapa composta pelas Professoras Emerson Martins Hilgemberg, como Diretor e Everaldo da Silva, como Diretor Adjunto, lotados nos Departamentos de Economia e Contabilidade, respectivamente. A nova Dire\u00e7\u00e3o foi nomeada atrav\u00e9s da Portaria R. n.\u00ba\u00a0 80 de 19 de mar\u00e7o de 2015.<\/p>\n<p>A habilita\u00e7\u00e3o em Com\u00e9rcio Exterior do curso de Administra\u00e7\u00e3o foi autorizada por meio da Res. C.A. n.\u00ba 315 de 24\/11\/97, tendo a sua implanta\u00e7\u00e3o sido efetivada a partir de 1998. A coordena\u00e7\u00e3o de suas atividades \u00e9 de responsabilidade da Comiss\u00e3o de Apoio \u00e0 Implementa\u00e7\u00e3o da Habilita\u00e7\u00e3o de Com\u00e9rcio Exterior do Curso de Administra\u00e7\u00e3o, cuja composi\u00e7\u00e3o obedece \u00e0 designa\u00e7\u00e3o do Reitor.<\/p>\n<p>Com a cria\u00e7\u00e3o do Setor de Ci\u00eancias Jur\u00eddicas, atrav\u00e9s da Resolu\u00e7\u00e3o Universit\u00e1ria n.\u00ba 043 de 22 de outubro de 1998, a partir de 1\u00ba de abril de 1999, o Departamento de Direito deixou de integrar o Setor de Ci\u00eancias Sociais Aplicadas.<\/p>\n<p>Em 10 de dezembro de 2008, a Res. UNIV n\u00b0 41 transferiu o Departamento de Turismo do Setor de Ci\u00eancias Humanas, Letras e Artes para o Setor de Ci\u00eancias Sociais Aplicadas, reordenando sua composi\u00e7\u00e3o da seguinte forma:\u00a0<a href=\"http:\/\/pitangui.uepg.br\/departamentos\/deadm\/\">Departamentos de Administra\u00e7\u00e3o<\/a>,\u00a0<a href=\"http:\/\/www.uepg.br\/departamentos\/dejor\/\">Jornalismo<\/a>,\u00a0<a href=\"http:\/\/www.uepg.br\/departamentos\/decon\/\">Contabilidade<\/a>,\u00a0<a href=\"http:\/\/www.uepg.br\/departamentos\/deecon\/\">Economia<\/a>,\u00a0\u00a0<a href=\"http:\/\/www.uepg.br\/departamentos\/deservi\/\">Servi\u00e7o Social<\/a>\u00a0 e\u00a0<a href=\"http:\/\/pitangui.uepg.br\/departamentos\/detur\/\">Turismo\u00a0<\/a>que\u00a0 oferecem\u00a0\u00a0 respectivamente\u00a0 os\u00a0 seguintes\u00a0\u00a0 cursos\u00a0\u00a0 regulares\u00a0\u00a0 de\u00a0\u00a0 gradua\u00e7\u00e3o:\u00a0 Administra\u00e7\u00e3o\u00a0 e Administra\u00e7\u00e3o \u2013 Com\u00e9rcio Exterior, Comunica\u00e7\u00e3o Social \u2013 Habilita\u00e7\u00e3o em Jornalismo, Ci\u00eancias Cont\u00e1beis, Ci\u00eancias Econ\u00f4micas,\u00a0 \u00a0Servi\u00e7o Social e Turismo.<\/p>\n<p>Atualmente contamos com os seguintes Programas de P\u00f3s- Gradua\u00e7\u00e3o Stricto Sensu.<\/p>\n<table class=\"tabela aligncenter\" border=\"1px\">\n<tbody>\n<tr>\n<td colspan=\"4\"><b>Mestrado e Doutorado Acad\u00eamico<\/b><\/td>\n<\/tr>\n<tr>\n<td>Cursos<\/td>\n<td>\u00c1reas de Concentra\u00e7\u00e3o<\/td>\n<td>In\u00edcio<\/td>\n<td>Conceito CAPES<\/td>\n<\/tr>\n<tr>\n<td><a href=\"http:\/\/www3.uepg.br\/ppgeco\/\">Economia<\/a><\/td>\n<td>Economia<\/td>\n<td>2017<\/td>\n<td>3<\/td>\n<\/tr>\n<tr>\n<td><a href=\"http:\/\/sites.uepg.br\/ppgcsa\/\">Ci\u00eancias Sociais Aplicadas\u00a0 \u00a0 ( Mestrado)<\/a><\/td>\n<td>Cidadania e Pol\u00edticas P\u00fablicas<\/td>\n<td>2000<\/td>\n<td>4<\/td>\n<\/tr>\n<tr>\n<td><a href=\"http:\/\/sites.uepg.br\/ppgcsa\">Ci\u00eancias Sociais Aplicadas\u00a0 \u00a0 \u00a0( Doutorado)<\/a><\/td>\n<td>Cidadania e Pol\u00edticas P\u00fablicas<\/td>\n<td>2013<\/td>\n<td>4<\/td>\n<\/tr>\n<tr>\n<td><a href=\"http:\/\/pitangui.uepg.br\/propesp\/ppgjor\/\">Jornalismo<\/a><\/td>\n<td>Processos Jornal\u00edsticos<\/td>\n<td>2012<\/td>\n<td>3<\/td>\n<\/tr>\n<\/tbody>\n<\/table>\n<p>Em 2011, a habilita\u00e7\u00e3o em Com\u00e9rcio Exterior passou a ser denominada de linha de forma\u00e7\u00e3o em Com\u00e9rcio Exterior do curso de Administra\u00e7\u00e3o, sendo ofertada no turno matutino.<\/p>\n<p>Em 2012, a Res. Univ. n\u00ba 043 de 18\/12\/12 alterou a nomenclatura do Departamento de Comunica\u00e7\u00e3o para Departamento de Jornalismo.<\/p>\n<p>O Setor de Ci\u00eancias Sociais Aplicadas, instalado desde a data de sua cria\u00e7\u00e3o na sala B-107, foi transferido, a partir de fevereiro de 2000, para a sala A-19, e a partir de outubro de 2002, para a sala A-09. Desde 2006,\u00a0 est\u00e1 alocado na sala A-107, no campus da Pra\u00e7a Santos Andrade.<\/p>\n","protected":false},"excerpt":{"rendered":"<p>Os Setores de Conhecimento proporcionam, atrav\u00e9s dos Departamentos, o ensino, a pesquisa e a extens\u00e3o, regendo, em seu \u00e2mbito, as atividades administrativas, did\u00e1tico-pedag\u00f3gicas e cient\u00edficas da Universidade Estadual de Ponta Grossa. O Setor de Ci\u00eancias Sociais Aplicadas, denominado de Setor IV, \u00e9 um dos seis Setores de Conhecimento em que se estruturam as atividades administrativas,&nbsp;&hellip;<\/p>\n","protected":false},"author":24,"featured_media":0,"parent":0,"menu_order":0,"comment_status":"closed","ping_status":"closed","template":"","meta":[],"_links":{"self":[{"href":"https:\/\/www2.uepg.br\/secisa\/wp-json\/wp\/v2\/pages\/11"}],"collection":[{"href":"https:\/\/www2.uepg.br\/secisa\/wp-json\/wp\/v2\/pages"}],"about":[{"href":"https:\/\/www2.uepg.br\/secisa\/wp-json\/wp\/v2\/types\/page"}],"author":[{"embeddable":true,"href":"https:\/\/www2.uepg.br\/secisa\/wp-json\/wp\/v2\/users\/24"}],"replies":[{"embeddable":true,"href":"https:\/\/www2.uepg.br\/secisa\/wp-json\/wp\/v2\/comments?post=11"}],"version-history":[{"count":3,"href":"https:\/\/www2.uepg.br\/secisa\/wp-json\/wp\/v2\/pages\/11\/revisions"}],"predecessor-version":[{"id":312,"href":"https:\/\/www2.uepg.br\/secisa\/wp-json\/wp\/v2\/pages\/11\/revisions\/312"}],"wp:attachment":[{"href":"https:\/\/www2.uepg.br\/secisa\/wp-json\/wp\/v2\/media?parent=11"}],"curies":[{"name":"wp","href":"https:\/\/api.w.org\/{rel}","templated":true}]}}