{"id":260,"date":"2022-04-18T14:05:49","date_gmt":"2022-04-18T17:05:49","guid":{"rendered":"https:\/\/www2.uepg.br\/secisa\/?page_id=260"},"modified":"2026-03-30T14:42:21","modified_gmt":"2026-03-30T17:42:21","slug":"membros","status":"publish","type":"page","link":"https:\/\/www2.uepg.br\/secisa\/membros\/","title":{"rendered":"Membros do Colegiado"},"content":{"rendered":"<h3><em><strong><span style=\"color: #003366\">Membros do Colegiado &#8211; 2026<\/span><\/strong><\/em><\/h3>\n<table width=\"0\">\n<tbody>\n<tr>\n<td rowspan=\"2\" width=\"141\"><strong>SECISA <\/strong><\/td>\n<td width=\"190\"><strong>Sandra Maria Scheffer<\/strong><\/td>\n<td width=\"259\"><strong>\u00a0Diretora<\/strong><\/td>\n<\/tr>\n<tr>\n<td width=\"190\"><strong>Gilmar Batista Mazurek<\/strong><\/td>\n<td width=\"259\"><strong>\u00a0Diretor Adjunto<\/strong><\/td>\n<\/tr>\n<tr>\n<td rowspan=\"2\" width=\"141\">\u00a0<strong>Administra\u00e7\u00e3o<\/strong><\/td>\n<td width=\"190\"><strong>Osvaldo Malta Callegari<\/strong><\/td>\n<td width=\"259\"><strong>Chefe do Depto de Administra\u00e7\u00e3o<\/strong><\/td>\n<\/tr>\n<tr>\n<td width=\"190\"><strong>Adriana Gresielly Fabrini<\/strong><\/p>\n<p><strong>Eug\u00eanio Maur\u00edcio da Silva Neto<\/strong><\/td>\n<td width=\"259\"><strong>Coordenadora do Curso de Administra\u00e7\u00e3o com \u00eanfase em Com\u00e9rcio Exterior Coordenador do Curso de Administra\u00e7\u00e3o<\/strong><\/td>\n<\/tr>\n<tr>\n<td rowspan=\"2\" width=\"141\"><strong>Ci\u00eancias Cont\u00e1beis<\/strong><\/td>\n<td width=\"190\"><strong>Marta Lucia Schaedler<\/strong><\/td>\n<td width=\"259\"><strong>Chefe do depto de Contabilidade<\/strong><\/td>\n<\/tr>\n<tr>\n<td width=\"190\"><strong>H\u00e9lio Dias de Lara<\/strong><\/td>\n<td width=\"259\"><strong>Coordenador de Curso<\/strong><\/td>\n<\/tr>\n<tr>\n<td rowspan=\"2\" width=\"141\"><strong>Ci\u00eancias Econ\u00f4micas<\/strong><\/td>\n<td width=\"190\"><strong>Renato Alves de Oliveira <\/strong><\/td>\n<td width=\"259\"><strong>Chefe do Departamento<\/strong><\/td>\n<\/tr>\n<tr>\n<td width=\"190\"><strong>Luiz Philippe dos Santos Ramos<\/strong><\/td>\n<td width=\"259\">\n<table width=\"0\">\n<tbody>\n<tr>\n<td width=\"241\"><strong>Coordenador de Curso<\/strong><\/td>\n<\/tr>\n<\/tbody>\n<\/table>\n<\/td>\n<\/tr>\n<tr>\n<td rowspan=\"2\" width=\"141\"><strong>Jornalismo<\/strong><\/td>\n<td width=\"190\"><strong>Paula Melani Rocha<\/strong><\/td>\n<td width=\"259\"><strong>Chefe do Depto de Jornalismo<\/strong><\/td>\n<\/tr>\n<tr>\n<td width=\"190\"><strong>Marcelo Engel Bronosky <\/strong><\/td>\n<td width=\"259\"><strong>Coordenador do Curso<\/strong><\/td>\n<\/tr>\n<tr>\n<td rowspan=\"2\" width=\"141\"><strong>Servi\u00e7o Social<\/strong><\/td>\n<td width=\"190\"><strong>Peterson Alexandre Marino<\/strong><\/td>\n<td width=\"259\"><strong>Chefe do Depto de Servi\u00e7o Social<\/strong><\/td>\n<\/tr>\n<tr>\n<td width=\"190\"><strong>Silmara Carneiro Silva<\/strong><\/td>\n<td width=\"259\"><strong>Coordenadora do Curso<\/strong><\/td>\n<\/tr>\n<tr>\n<td rowspan=\"2\" width=\"141\"><strong>Turismo<\/strong><\/td>\n<td width=\"190\"><strong>Val\u00e9ria de Meira Albach<\/strong><\/td>\n<td width=\"259\"><strong>Chefe do Depto de Turismo<\/strong><\/td>\n<\/tr>\n<tr>\n<td width=\"190\"><strong>Luiz Fernando de Souza<\/strong><\/td>\n<td width=\"259\"><strong>Coordenador do Curso<\/strong><\/td>\n<\/tr>\n<tr>\n<td width=\"141\"><strong>Psicologia <\/strong><\/td>\n<td width=\"190\"><strong>Oriomar Skalinski J\u00fanior<\/strong><\/td>\n<td width=\"259\"><strong>Coordenador do Curso<\/strong><\/td>\n<\/tr>\n<tr>\n<td rowspan=\"3\" width=\"141\"><strong>P\u00f3s-Gradua\u00e7\u00e3o<\/strong><\/td>\n<td width=\"190\"><strong>Celso Jos\u00e9 da Costa Junior<\/strong><\/td>\n<td width=\"259\"><strong>Coordenador do Programa de P\u00f3s-Gradua\u00e7\u00e3o de Economia<\/strong><\/td>\n<\/tr>\n<tr>\n<td width=\"190\"><strong>Felipe Sim\u00e3o Pontes<\/strong><\/td>\n<td width=\"259\"><strong>Coordenador do Programa de P\u00f3s-Gradua\u00e7\u00e3o de Jornalismo<\/strong><\/td>\n<\/tr>\n<tr>\n<td width=\"190\"><strong>Lislei Teresinha Preuss<\/strong><\/td>\n<td width=\"259\"><strong>Coordenadora do Programa de P\u00f3s-Gradua\u00e7\u00e3o Ci\u00eancias Sociais Aplicadas<\/strong><\/td>\n<\/tr>\n<tr>\n<td rowspan=\"3\" width=\"141\"><strong>Representantes Docentes<\/strong><\/td>\n<td width=\"190\"><strong>Alysson Luiz Stege<\/strong><\/td>\n<td width=\"259\"><strong>Depto de Economia<\/strong><\/td>\n<\/tr>\n<tr>\n<td width=\"190\"><strong>Gislaine Martinelli Baniski <\/strong><\/td>\n<td width=\"259\"><strong>Depto de Administra\u00e7\u00e3o<\/strong><\/td>\n<\/tr>\n<tr>\n<td width=\"190\"><strong>Jocimar Donizeti do Prado<\/strong><\/td>\n<td width=\"259\"><strong>Depto de Contabilidade\u00a0<\/strong><\/td>\n<\/tr>\n<tr>\n<td width=\"141\"><strong>Curso de Tecnologia em Gest\u00e3o P\u00fablica \u2013 EAD<\/strong><\/td>\n<td width=\"190\"><strong>Marilisa do Rocio Oliveira<\/strong><\/td>\n<td width=\"259\"><strong>Coordenadora do Curso <\/strong><\/td>\n<\/tr>\n<tr>\n<td width=\"141\"><strong>Curso de Gest\u00e3o P\u00fablica &#8211; EAD<\/strong><\/td>\n<td width=\"190\"><strong>R\u00fabia Carla Meier Biscaia <\/strong><\/td>\n<td width=\"259\"><strong>Coordenadora do Curso <\/strong><\/td>\n<\/tr>\n<\/tbody>\n<\/table>\n","protected":false},"excerpt":{"rendered":"<p>Membros do Colegiado &#8211; 2026 SECISA Sandra Maria Scheffer \u00a0Diretora Gilmar Batista Mazurek \u00a0Diretor Adjunto \u00a0Administra\u00e7\u00e3o Osvaldo Malta Callegari Chefe do Depto de Administra\u00e7\u00e3o Adriana Gresielly Fabrini Eug\u00eanio Maur\u00edcio da Silva Neto Coordenadora do Curso de Administra\u00e7\u00e3o com \u00eanfase em Com\u00e9rcio Exterior Coordenador do Curso de Administra\u00e7\u00e3o Ci\u00eancias Cont\u00e1beis Marta Lucia Schaedler Chefe do depto&nbsp;&hellip;<\/p>\n","protected":false},"author":378,"featured_media":0,"parent":0,"menu_order":0,"comment_status":"closed","ping_status":"closed","template":"","meta":[],"_links":{"self":[{"href":"https:\/\/www2.uepg.br\/secisa\/wp-json\/wp\/v2\/pages\/260"}],"collection":[{"href":"https:\/\/www2.uepg.br\/secisa\/wp-json\/wp\/v2\/pages"}],"about":[{"href":"https:\/\/www2.uepg.br\/secisa\/wp-json\/wp\/v2\/types\/page"}],"author":[{"embeddable":true,"href":"https:\/\/www2.uepg.br\/secisa\/wp-json\/wp\/v2\/users\/378"}],"replies":[{"embeddable":true,"href":"https:\/\/www2.uepg.br\/secisa\/wp-json\/wp\/v2\/comments?post=260"}],"version-history":[{"count":22,"href":"https:\/\/www2.uepg.br\/secisa\/wp-json\/wp\/v2\/pages\/260\/revisions"}],"predecessor-version":[{"id":632,"href":"https:\/\/www2.uepg.br\/secisa\/wp-json\/wp\/v2\/pages\/260\/revisions\/632"}],"wp:attachment":[{"href":"https:\/\/www2.uepg.br\/secisa\/wp-json\/wp\/v2\/media?parent=260"}],"curies":[{"name":"wp","href":"https:\/\/api.w.org\/{rel}","templated":true}]}}