{"id":261,"date":"2022-04-18T14:05:49","date_gmt":"2022-04-18T17:05:49","guid":{"rendered":"https:\/\/www2.uepg.br\/secisa\/?page_id=261"},"modified":"2026-03-30T14:15:15","modified_gmt":"2026-03-30T17:15:15","slug":"reunioes","status":"publish","type":"page","link":"https:\/\/www2.uepg.br\/secisa\/reunioes\/","title":{"rendered":"Reuni\u00f5es do Colegiado Setorial"},"content":{"rendered":"<h3 style=\"text-align: center\">Calend\u00e1rio das Reuni\u00f5es do Colegiado &#8211; 2026<\/h3>\n<table style=\"height: 304px\" width=\"200\">\n<tbody>\n<tr>\n<td><b><i>M\u00caS<\/i><\/b><\/td>\n<td><b><i>DATA<\/i><\/b><\/td>\n<\/tr>\n<tr>\n<td>MAR\u00c7O<\/td>\n<td>05\/03<\/td>\n<\/tr>\n<tr>\n<td>ABRIL<\/td>\n<td>16\/04 * antecipada para o dia 02\/04\/2026<\/td>\n<\/tr>\n<tr>\n<td>MAIO<\/td>\n<td>14\/05<\/td>\n<\/tr>\n<tr>\n<td>\u00a0JUNHO<\/td>\n<td>18\/06<\/td>\n<\/tr>\n<tr>\n<td>JULHO<\/td>\n<td>23\/07<\/td>\n<\/tr>\n<tr>\n<td>AGOSTO<\/td>\n<td>13\/08<\/td>\n<\/tr>\n<tr>\n<td>SETEMBRO<\/td>\n<td>17\/09<\/td>\n<\/tr>\n<tr>\n<td>OUTUBRO<\/td>\n<td>22\/10<\/td>\n<\/tr>\n<tr>\n<td>NOVEMBRO<\/td>\n<td>12\/11<\/td>\n<\/tr>\n<tr>\n<td>DEZEMBRO<\/td>\n<td>03\/12<\/td>\n<\/tr>\n<\/tbody>\n<\/table>\n","protected":false},"excerpt":{"rendered":"<p>Calend\u00e1rio das Reuni\u00f5es do Colegiado &#8211; 2026 M\u00caS DATA MAR\u00c7O 05\/03 ABRIL 16\/04 * antecipada para o dia 02\/04\/2026 MAIO 14\/05 \u00a0JUNHO 18\/06 JULHO 23\/07 AGOSTO 13\/08 SETEMBRO 17\/09 OUTUBRO 22\/10 NOVEMBRO 12\/11 DEZEMBRO 03\/12<\/p>\n","protected":false},"author":378,"featured_media":0,"parent":0,"menu_order":0,"comment_status":"closed","ping_status":"closed","template":"","meta":[],"_links":{"self":[{"href":"https:\/\/www2.uepg.br\/secisa\/wp-json\/wp\/v2\/pages\/261"}],"collection":[{"href":"https:\/\/www2.uepg.br\/secisa\/wp-json\/wp\/v2\/pages"}],"about":[{"href":"https:\/\/www2.uepg.br\/secisa\/wp-json\/wp\/v2\/types\/page"}],"author":[{"embeddable":true,"href":"https:\/\/www2.uepg.br\/secisa\/wp-json\/wp\/v2\/users\/378"}],"replies":[{"embeddable":true,"href":"https:\/\/www2.uepg.br\/secisa\/wp-json\/wp\/v2\/comments?post=261"}],"version-history":[{"count":13,"href":"https:\/\/www2.uepg.br\/secisa\/wp-json\/wp\/v2\/pages\/261\/revisions"}],"predecessor-version":[{"id":629,"href":"https:\/\/www2.uepg.br\/secisa\/wp-json\/wp\/v2\/pages\/261\/revisions\/629"}],"wp:attachment":[{"href":"https:\/\/www2.uepg.br\/secisa\/wp-json\/wp\/v2\/media?parent=261"}],"curies":[{"name":"wp","href":"https:\/\/api.w.org\/{rel}","templated":true}]}}