{"id":266,"date":"2022-04-18T14:05:49","date_gmt":"2022-04-18T17:05:49","guid":{"rendered":"https:\/\/www2.uepg.br\/secisa\/?page_id=266"},"modified":"2022-04-27T09:55:42","modified_gmt":"2022-04-27T12:55:42","slug":"pos-graduacao","status":"publish","type":"page","link":"https:\/\/www2.uepg.br\/secisa\/pos-graduacao\/","title":{"rendered":"P\u00f3s-Gradua\u00e7\u00e3o"},"content":{"rendered":"<h3><span style=\"color: #000000\">Conhe\u00e7a os nossos Programas:<\/span><\/h3>\n<p>&nbsp;<\/p>\n<h4><a href=\"https:\/\/www2.uepg.br\/ppgeco\/\">Programa de P\u00f3s-Gradua\u00e7\u00e3o em Economia<\/a><\/h4>\n<h4><a href=\"https:\/\/www2.uepg.br\/ppgjor\/\">Programa de P\u00f3s-Gradua\u00e7\u00e3o em Jornalismo<\/a><\/h4>\n<h4><a href=\"https:\/\/www2.uepg.br\/ppgcsa\/\">Programa de P\u00f3s-Gradua\u00e7\u00e3o em Ci\u00eancias Sociais Aplicadas<\/a><\/h4>\n","protected":false},"excerpt":{"rendered":"<p>Conhe\u00e7a os nossos Programas: &nbsp; Programa de P\u00f3s-Gradua\u00e7\u00e3o em Economia Programa de P\u00f3s-Gradua\u00e7\u00e3o em Jornalismo Programa de P\u00f3s-Gradua\u00e7\u00e3o em Ci\u00eancias Sociais Aplicadas<\/p>\n","protected":false},"author":378,"featured_media":0,"parent":0,"menu_order":0,"comment_status":"closed","ping_status":"closed","template":"","meta":[],"_links":{"self":[{"href":"https:\/\/www2.uepg.br\/secisa\/wp-json\/wp\/v2\/pages\/266"}],"collection":[{"href":"https:\/\/www2.uepg.br\/secisa\/wp-json\/wp\/v2\/pages"}],"about":[{"href":"https:\/\/www2.uepg.br\/secisa\/wp-json\/wp\/v2\/types\/page"}],"author":[{"embeddable":true,"href":"https:\/\/www2.uepg.br\/secisa\/wp-json\/wp\/v2\/users\/378"}],"replies":[{"embeddable":true,"href":"https:\/\/www2.uepg.br\/secisa\/wp-json\/wp\/v2\/comments?post=266"}],"version-history":[{"count":7,"href":"https:\/\/www2.uepg.br\/secisa\/wp-json\/wp\/v2\/pages\/266\/revisions"}],"predecessor-version":[{"id":363,"href":"https:\/\/www2.uepg.br\/secisa\/wp-json\/wp\/v2\/pages\/266\/revisions\/363"}],"wp:attachment":[{"href":"https:\/\/www2.uepg.br\/secisa\/wp-json\/wp\/v2\/media?parent=266"}],"curies":[{"name":"wp","href":"https:\/\/api.w.org\/{rel}","templated":true}]}}