{"id":41,"date":"2022-03-11T10:27:42","date_gmt":"2022-03-11T13:27:42","guid":{"rendered":"http:\/\/www2.uepg.br\/secisa\/?page_id=41"},"modified":"2025-06-24T17:08:06","modified_gmt":"2025-06-24T20:08:06","slug":"contato","status":"publish","type":"page","link":"https:\/\/www2.uepg.br\/secisa\/contato\/","title":{"rendered":"Contato"},"content":{"rendered":"<h4><\/h4>\n<h4 style=\"text-align: center\">SETOR DE CI\u00caNCIAS SOCIAIS APLICADAS<br \/>\nUniversidade Estadual de Ponta Grossa<\/h4>\n<p style=\"text-align: center\"><strong>Endere\u00e7o para correspond\u00eancia:<\/strong><\/p>\n<p style=\"text-align: center\">UNIVERSIDADE ESTADUAL DE PONTA GROSSA<br \/>\nSetor de Ci\u00eancias Sociais Aplicadas<br \/>\n<em>Campus<\/em>\u00a0da Pra\u00e7a Santos Andrade \u2013 Bloco A \u2013 Sala 107<br \/>\nPra\u00e7a Santos Andrade, n.\u00ba 01 \u2013 Centro<br \/>\nCEP 84010-919 \u2013 Ponta Grossa \u2013 PR<\/p>\n<p style=\"text-align: center\">Fone: (42) 3220-3391<br \/>\ne-mail:\u00a0<a href=\"mailto:secisa@uepg.br%20\">secisa@uepg.br\u00a0<\/a><\/p>\n<p>&nbsp;<\/p>\n<p style=\"text-align: center\"><strong>Hor\u00e1rio de atendimento:<\/strong><\/p>\n<p style=\"text-align: center\">O hor\u00e1rio de atendimento do Setor de Ci\u00eancias Sociais Aplicadas \u00e9<\/p>\n<p style=\"text-align: center\">das 08:00 \u00e0s 12:00 horas e das 13:30 \u00e0s 17:00 horas<\/p>\n","protected":false},"excerpt":{"rendered":"<p>SETOR DE CI\u00caNCIAS SOCIAIS APLICADAS Universidade Estadual de Ponta Grossa Endere\u00e7o para correspond\u00eancia: UNIVERSIDADE ESTADUAL DE PONTA GROSSA Setor de Ci\u00eancias Sociais Aplicadas Campus\u00a0da Pra\u00e7a Santos Andrade \u2013 Bloco A \u2013 Sala 107 Pra\u00e7a Santos Andrade, n.\u00ba 01 \u2013 Centro CEP 84010-919 \u2013 Ponta Grossa \u2013 PR Fone: (42) 3220-3391 e-mail:\u00a0secisa@uepg.br\u00a0 &nbsp; Hor\u00e1rio de atendimento:&nbsp;&hellip;<\/p>\n","protected":false},"author":24,"featured_media":0,"parent":0,"menu_order":0,"comment_status":"closed","ping_status":"closed","template":"","meta":[],"_links":{"self":[{"href":"https:\/\/www2.uepg.br\/secisa\/wp-json\/wp\/v2\/pages\/41"}],"collection":[{"href":"https:\/\/www2.uepg.br\/secisa\/wp-json\/wp\/v2\/pages"}],"about":[{"href":"https:\/\/www2.uepg.br\/secisa\/wp-json\/wp\/v2\/types\/page"}],"author":[{"embeddable":true,"href":"https:\/\/www2.uepg.br\/secisa\/wp-json\/wp\/v2\/users\/24"}],"replies":[{"embeddable":true,"href":"https:\/\/www2.uepg.br\/secisa\/wp-json\/wp\/v2\/comments?post=41"}],"version-history":[{"count":6,"href":"https:\/\/www2.uepg.br\/secisa\/wp-json\/wp\/v2\/pages\/41\/revisions"}],"predecessor-version":[{"id":592,"href":"https:\/\/www2.uepg.br\/secisa\/wp-json\/wp\/v2\/pages\/41\/revisions\/592"}],"wp:attachment":[{"href":"https:\/\/www2.uepg.br\/secisa\/wp-json\/wp\/v2\/media?parent=41"}],"curies":[{"name":"wp","href":"https:\/\/api.w.org\/{rel}","templated":true}]}}