{"id":44,"date":"2022-04-18T09:32:53","date_gmt":"2022-04-18T12:32:53","guid":{"rendered":"http:\/\/www2.uepg.br\/secisa\/?page_id=44"},"modified":"2026-03-18T09:29:18","modified_gmt":"2026-03-18T12:29:18","slug":"cursos","status":"publish","type":"page","link":"https:\/\/www2.uepg.br\/secisa\/cursos\/","title":{"rendered":"CURSOS"},"content":{"rendered":"<h2>Cursos de Gradua\u00e7\u00e3o &#8211; Bacharelado:<\/h2>\n<ul>\n<li>Administra\u00e7\u00e3o<\/li>\n<li>Administra\u00e7\u00e3o com \u00eanfase em Com\u00e9rcio Exterior<\/li>\n<li>Ci\u00eancias Cont\u00e1beis<\/li>\n<li>Ci\u00eancias Econ\u00f4micas<\/li>\n<li>Jornalismo<\/li>\n<li>Psicologia<\/li>\n<li>Servi\u00e7o Social<\/li>\n<li>Turismo<\/li>\n<\/ul>\n<h2>Cursos de Gradua\u00e7\u00e3o em EaD:<\/h2>\n<ul>\n<li>Bacharelado em Administra\u00e7\u00e3o P\u00fablica<\/li>\n<li>Tecnologia em Gest\u00e3o P\u00fablica<\/li>\n<li>Tecnologia em Gest\u00e3o Hospitalar<\/li>\n<li>Tecnologia em Log\u00edstica<\/li>\n<\/ul>\n","protected":false},"excerpt":{"rendered":"<p>Cursos de Gradua\u00e7\u00e3o &#8211; Bacharelado: Administra\u00e7\u00e3o Administra\u00e7\u00e3o com \u00eanfase em Com\u00e9rcio Exterior Ci\u00eancias Cont\u00e1beis Ci\u00eancias Econ\u00f4micas Jornalismo Psicologia Servi\u00e7o Social Turismo Cursos de Gradua\u00e7\u00e3o em EaD: Bacharelado em Administra\u00e7\u00e3o P\u00fablica Tecnologia em Gest\u00e3o P\u00fablica Tecnologia em Gest\u00e3o Hospitalar Tecnologia em Log\u00edstica<\/p>\n","protected":false},"author":24,"featured_media":0,"parent":0,"menu_order":0,"comment_status":"closed","ping_status":"closed","template":"","meta":[],"_links":{"self":[{"href":"https:\/\/www2.uepg.br\/secisa\/wp-json\/wp\/v2\/pages\/44"}],"collection":[{"href":"https:\/\/www2.uepg.br\/secisa\/wp-json\/wp\/v2\/pages"}],"about":[{"href":"https:\/\/www2.uepg.br\/secisa\/wp-json\/wp\/v2\/types\/page"}],"author":[{"embeddable":true,"href":"https:\/\/www2.uepg.br\/secisa\/wp-json\/wp\/v2\/users\/24"}],"replies":[{"embeddable":true,"href":"https:\/\/www2.uepg.br\/secisa\/wp-json\/wp\/v2\/comments?post=44"}],"version-history":[{"count":5,"href":"https:\/\/www2.uepg.br\/secisa\/wp-json\/wp\/v2\/pages\/44\/revisions"}],"predecessor-version":[{"id":622,"href":"https:\/\/www2.uepg.br\/secisa\/wp-json\/wp\/v2\/pages\/44\/revisions\/622"}],"wp:attachment":[{"href":"https:\/\/www2.uepg.br\/secisa\/wp-json\/wp\/v2\/media?parent=44"}],"curies":[{"name":"wp","href":"https:\/\/api.w.org\/{rel}","templated":true}]}}