{"id":46,"date":"2020-02-17T13:58:36","date_gmt":"2020-02-17T16:58:36","guid":{"rendered":"http:\/\/www2.uepg.br\/secisa\/?page_id=46"},"modified":"2026-03-18T09:30:57","modified_gmt":"2026-03-18T12:30:57","slug":"estagio-probatorio","status":"publish","type":"page","link":"https:\/\/www2.uepg.br\/secisa\/estagio-probatorio\/","title":{"rendered":"Est\u00e1gio Probat\u00f3rio"},"content":{"rendered":"<p style=\"text-align: center\"><a href=\"https:\/\/docs.google.com\/document\/d\/1oCZQSwmwRerzyuuqrYT4XSEbPK0-YgJ750GV7N_Qlec\/edit?usp=sharing\">Modelo Memorial<\/a><\/p>\n<p style=\"text-align: center\"><a href=\"https:\/\/docs.google.com\/spreadsheets\/d\/1eK2y3d79ZMDT3v3F9uVnJmNi0SgC_MpnLLzyOgHmuXM\/edit?usp=sharing\">Tabela Pontua\u00e7\u00e3o<\/a><\/p>\n<p style=\"text-align: center\"><a href=\"https:\/\/drive.google.com\/file\/d\/177-BP86IsdsP86tO6EmyndSCpgW4HdrT\/view?usp=sharing\">Planilha-Avalia\u00e7\u00e3o Colegiado de Curso<\/a><\/p>\n<p style=\"text-align: center\"><a href=\"https:\/\/drive.google.com\/file\/d\/1095IYNtgBfclJrB3GhweTcPM2skBUBan\/view?usp=sharing\">Docentes- estagio probatorio 2026<\/a><\/p>\n<p style=\"text-align: center\"><a href=\"https:\/\/drive.google.com\/file\/d\/11YM4OvRaw0sJoKIHg-_OCQu7ax4WrU78\/view?usp=sharing\">RESOLU\u00c7\u00c3O CA No 540 DE 7 DE DEZEMBRO DE 2009. \u2013 Est\u00e1gio Probat\u00f3rio<\/a><\/p>\n","protected":false},"excerpt":{"rendered":"<p>Modelo Memorial Tabela Pontua\u00e7\u00e3o Planilha-Avalia\u00e7\u00e3o Colegiado de Curso Docentes- estagio probatorio 2026 RESOLU\u00c7\u00c3O CA No 540 DE 7 DE DEZEMBRO DE 2009. \u2013 Est\u00e1gio Probat\u00f3rio<\/p>\n","protected":false},"author":24,"featured_media":0,"parent":0,"menu_order":0,"comment_status":"closed","ping_status":"closed","template":"","meta":[],"_links":{"self":[{"href":"https:\/\/www2.uepg.br\/secisa\/wp-json\/wp\/v2\/pages\/46"}],"collection":[{"href":"https:\/\/www2.uepg.br\/secisa\/wp-json\/wp\/v2\/pages"}],"about":[{"href":"https:\/\/www2.uepg.br\/secisa\/wp-json\/wp\/v2\/types\/page"}],"author":[{"embeddable":true,"href":"https:\/\/www2.uepg.br\/secisa\/wp-json\/wp\/v2\/users\/24"}],"replies":[{"embeddable":true,"href":"https:\/\/www2.uepg.br\/secisa\/wp-json\/wp\/v2\/comments?post=46"}],"version-history":[{"count":2,"href":"https:\/\/www2.uepg.br\/secisa\/wp-json\/wp\/v2\/pages\/46\/revisions"}],"predecessor-version":[{"id":624,"href":"https:\/\/www2.uepg.br\/secisa\/wp-json\/wp\/v2\/pages\/46\/revisions\/624"}],"wp:attachment":[{"href":"https:\/\/www2.uepg.br\/secisa\/wp-json\/wp\/v2\/media?parent=46"}],"curies":[{"name":"wp","href":"https:\/\/api.w.org\/{rel}","templated":true}]}}