{"id":48,"date":"2022-05-20T09:46:00","date_gmt":"2022-05-20T12:46:00","guid":{"rendered":"http:\/\/www2.uepg.br\/secisa\/?page_id=48"},"modified":"2024-04-08T15:55:21","modified_gmt":"2024-04-08T18:55:21","slug":"liberacao-recursos","status":"publish","type":"page","link":"https:\/\/www2.uepg.br\/secisa\/liberacao-recursos\/","title":{"rendered":"Libera\u00e7\u00e3o Recursos"},"content":{"rendered":"<h3 style=\"text-align: center\"><span style=\"color: #000000\">Distribui\u00e7\u00e3o de Recursos <\/span><\/h3>\n<h3 style=\"text-align: center\"><a href=\"https:\/\/docs.google.com\/document\/d\/1UnczcyKw2aqmzcDKbNeSdTzdhDmvxARn\/edit?usp=sharing&amp;ouid=104599219184816215561&amp;rtpof=true&amp;sd=true\"><strong><span style=\"color: #000000\">Formul\u00e1rio para solicita\u00e7\u00e3o Discente<\/span><\/strong><\/a><\/h3>\n<p>&nbsp;<\/p>\n","protected":false},"excerpt":{"rendered":"<p>Distribui\u00e7\u00e3o de Recursos Formul\u00e1rio para solicita\u00e7\u00e3o Discente &nbsp;<\/p>\n","protected":false},"author":24,"featured_media":0,"parent":0,"menu_order":0,"comment_status":"closed","ping_status":"closed","template":"","meta":[],"_links":{"self":[{"href":"https:\/\/www2.uepg.br\/secisa\/wp-json\/wp\/v2\/pages\/48"}],"collection":[{"href":"https:\/\/www2.uepg.br\/secisa\/wp-json\/wp\/v2\/pages"}],"about":[{"href":"https:\/\/www2.uepg.br\/secisa\/wp-json\/wp\/v2\/types\/page"}],"author":[{"embeddable":true,"href":"https:\/\/www2.uepg.br\/secisa\/wp-json\/wp\/v2\/users\/24"}],"replies":[{"embeddable":true,"href":"https:\/\/www2.uepg.br\/secisa\/wp-json\/wp\/v2\/comments?post=48"}],"version-history":[{"count":16,"href":"https:\/\/www2.uepg.br\/secisa\/wp-json\/wp\/v2\/pages\/48\/revisions"}],"predecessor-version":[{"id":626,"href":"https:\/\/www2.uepg.br\/secisa\/wp-json\/wp\/v2\/pages\/48\/revisions\/626"}],"wp:attachment":[{"href":"https:\/\/www2.uepg.br\/secisa\/wp-json\/wp\/v2\/media?parent=48"}],"curies":[{"name":"wp","href":"https:\/\/api.w.org\/{rel}","templated":true}]}}