{"id":54,"date":"2022-04-19T10:57:42","date_gmt":"2022-04-19T13:57:42","guid":{"rendered":"http:\/\/www2.uepg.br\/secisa\/?page_id=54"},"modified":"2025-07-02T10:17:32","modified_gmt":"2025-07-02T13:17:32","slug":"colegiado-setorial","status":"publish","type":"page","link":"https:\/\/www2.uepg.br\/secisa\/colegiado-setorial\/","title":{"rendered":"COLEGIADO SETORIAL"},"content":{"rendered":"<div id=\"pl-54\"  class=\"panel-layout\" ><div id=\"pg-54-0\"  class=\"panel-grid panel-no-style\" ><div id=\"pgc-54-0-0\"  class=\"panel-grid-cell\" ><div id=\"panel-54-0-0-0\" class=\"so-panel widget widget_sow-accordion panel-first-child panel-last-child\" data-index=\"0\" ><div class=\"panel-widget-style panel-widget-style-for-54-0-0-0\" ><div\n\t\t\t\n\t\t\tclass=\"so-widget-sow-accordion so-widget-sow-accordion-default-c628bb62c1a4-54\"\n\t\t\t\n\t\t><h3 class=\"widget-title\">CONFIRA A PROGRAMA\u00c7\u00c3O DA 2\u00aa MOSTRA DO SECISA : \" Emerg\u00eancia Clim\u00e1tica e o compromisso das Profiss\u00f5es\" <\/h3><div>\n\t<div class=\"sow-accordion\">\n\t\t\t<div class=\"sow-accordion-panel\"\n\t\t\t data-anchor=\"sow-accordion-16758084225de7ed66cdc4b518424956-0\">\n\t\t\t\t<div class=\"sow-accordion-panel-header-container\" role=\"heading\" aria-level=\"2\">\n\t\t\t\t\t<div class=\"sow-accordion-panel-header\" tabindex=\"0\" role=\"button\" id=\"accordion-label-sow-accordion-16758084225de7ed66cdc4b518424956-0\" aria-controls=\"accordion-content-sow-accordion-16758084225de7ed66cdc4b518424956-0\" aria-expanded=\"false\">\n\t\t\t\t\t\t<div class=\"sow-accordion-title sow-accordion-title-icon-left\">\n\t\t\t\t\t\t\t\t\t\t\t\t\t\t\t\t\t\t\t\t\t\t\t\t\t\t\t<\/div>\n\t\t\t\t\t\t<div class=\"sow-accordion-open-close-button\">\n\t\t\t\t\t\t\t<div class=\"sow-accordion-open-button\">\n\t\t\t\t\t\t\t\t<span class=\"sow-icon-ionicons\" data-sow-icon=\"&#xf218;\"\n\t\t \n\t\taria-hidden=\"true\"><\/span>\t\t\t\t\t\t\t<\/div>\n\t\t\t\t\t\t\t<div class=\"sow-accordion-close-button\">\n\t\t\t\t\t\t\t\t<span class=\"sow-icon-ionicons\" data-sow-icon=\"&#xf209;\"\n\t\t \n\t\taria-hidden=\"true\"><\/span>\t\t\t\t\t\t\t<\/div>\n\t\t\t\t\t\t<\/div>\n\t\t\t\t\t<\/div>\n\t\t\t\t<\/div>\n\n\t\t\t<div\n\t\t\t\tclass=\"sow-accordion-panel-content\"\n\t\t\t\trole=\"region\"\n\t\t\t\taria-labelledby=\"accordion-label-sow-accordion-16758084225de7ed66cdc4b518424956-0\"\n\t\t\t\tid=\"accordion-content-sow-accordion-16758084225de7ed66cdc4b518424956-0\"\n\t\t\t\tstyle=\"display: none;\"\t\t\t>\n\t\t\t\t<div class=\"sow-accordion-panel-border\" tabindex=\"0\">\n\t\t\t\t\t<p><a href=\"http:\/\/www2.uepg.br\/secisa\/wp-content\/uploads\/sites\/51\/2025\/07\/Cartaz-2a-Mostra-SECISA.pdf\">Cartaz 2\u00aa Mostra SECISA<\/a><\/p>\n\t\t\t\t<\/div>\n\t\t\t<\/div>\n\t\t<\/div>\n\t\t<\/div>\n<\/div>\n<\/div><\/div><\/div><\/div><\/div><\/div>","protected":false},"excerpt":{"rendered":"<p>CONFIRA A PROGRAMA\u00c7\u00c3O DA 2\u00aa MOSTRA DO SECISA : &#8221; Emerg\u00eancia Clim\u00e1tica e o compromisso das Profiss\u00f5es&#8221; Cartaz 2\u00aa Mostra SECISA<\/p>\n","protected":false},"author":24,"featured_media":0,"parent":0,"menu_order":0,"comment_status":"closed","ping_status":"closed","template":"","meta":[],"_links":{"self":[{"href":"https:\/\/www2.uepg.br\/secisa\/wp-json\/wp\/v2\/pages\/54"}],"collection":[{"href":"https:\/\/www2.uepg.br\/secisa\/wp-json\/wp\/v2\/pages"}],"about":[{"href":"https:\/\/www2.uepg.br\/secisa\/wp-json\/wp\/v2\/types\/page"}],"author":[{"embeddable":true,"href":"https:\/\/www2.uepg.br\/secisa\/wp-json\/wp\/v2\/users\/24"}],"replies":[{"embeddable":true,"href":"https:\/\/www2.uepg.br\/secisa\/wp-json\/wp\/v2\/comments?post=54"}],"version-history":[{"count":35,"href":"https:\/\/www2.uepg.br\/secisa\/wp-json\/wp\/v2\/pages\/54\/revisions"}],"predecessor-version":[{"id":601,"href":"https:\/\/www2.uepg.br\/secisa\/wp-json\/wp\/v2\/pages\/54\/revisions\/601"}],"wp:attachment":[{"href":"https:\/\/www2.uepg.br\/secisa\/wp-json\/wp\/v2\/media?parent=54"}],"curies":[{"name":"wp","href":"https:\/\/api.w.org\/{rel}","templated":true}]}}