{"id":93,"date":"2020-02-17T15:44:49","date_gmt":"2020-02-17T18:44:49","guid":{"rendered":"http:\/\/www2.uepg.br\/secisa\/?page_id=93"},"modified":"2023-08-18T10:39:54","modified_gmt":"2023-08-18T13:39:54","slug":"estrutura-administrativa","status":"publish","type":"page","link":"https:\/\/www2.uepg.br\/secisa\/estrutura-administrativa\/","title":{"rendered":"Estrutura Administrativa"},"content":{"rendered":"<h2 style=\"text-align: center\">DIRE\u00c7\u00c3O DO SETOR DE CI\u00caNCIAS SOCIAIS APLICADAS<\/h2>\n<h2 style=\"text-align: center\">GEST\u00c3O 2023 &#8211; 2027<\/h2>\n<p>&nbsp;<\/p>\n<p><img loading=\"lazy\" class=\"alignnone size-medium wp-image-400 aligncenter\" src=\"http:\/\/www2.uepg.br\/secisa\/wp-content\/uploads\/sites\/51\/2023\/04\/Profa-Sandra-215x300.jpg\" alt=\"Diretora do SECISA\" width=\"215\" height=\"300\" srcset=\"https:\/\/www2.uepg.br\/secisa\/wp-content\/uploads\/sites\/51\/2023\/04\/Profa-Sandra-215x300.jpg 215w, https:\/\/www2.uepg.br\/secisa\/wp-content\/uploads\/sites\/51\/2023\/04\/Profa-Sandra-735x1024.jpg 735w, https:\/\/www2.uepg.br\/secisa\/wp-content\/uploads\/sites\/51\/2023\/04\/Profa-Sandra-768x1070.jpg 768w, https:\/\/www2.uepg.br\/secisa\/wp-content\/uploads\/sites\/51\/2023\/04\/Profa-Sandra-1103x1536.jpg 1103w, https:\/\/www2.uepg.br\/secisa\/wp-content\/uploads\/sites\/51\/2023\/04\/Profa-Sandra-1470x2048.jpg 1470w, https:\/\/www2.uepg.br\/secisa\/wp-content\/uploads\/sites\/51\/2023\/04\/Profa-Sandra-1232x1716.jpg 1232w, https:\/\/www2.uepg.br\/secisa\/wp-content\/uploads\/sites\/51\/2023\/04\/Profa-Sandra-775x1080.jpg 775w, https:\/\/www2.uepg.br\/secisa\/wp-content\/uploads\/sites\/51\/2023\/04\/Profa-Sandra-scaled.jpg 1838w\" sizes=\"(max-width: 215px) 100vw, 215px\" \/><\/p>\n<h3 style=\"text-align: center\"><strong><em>Diretora &#8211; Prof\u00aa Sandra Maria Scheffer<\/em><\/strong><\/h3>\n<h3 style=\"text-align: center\"><img loading=\"lazy\" class=\"alignnone size-medium wp-image-401\" src=\"http:\/\/www2.uepg.br\/secisa\/wp-content\/uploads\/sites\/51\/2023\/04\/Professor-Gilmar-225x300.jpg\" alt=\"Diretor Adjunto do SECISA\" width=\"225\" height=\"300\" srcset=\"https:\/\/www2.uepg.br\/secisa\/wp-content\/uploads\/sites\/51\/2023\/04\/Professor-Gilmar-225x300.jpg 225w, https:\/\/www2.uepg.br\/secisa\/wp-content\/uploads\/sites\/51\/2023\/04\/Professor-Gilmar-768x1024.jpg 768w, https:\/\/www2.uepg.br\/secisa\/wp-content\/uploads\/sites\/51\/2023\/04\/Professor-Gilmar-1152x1536.jpg 1152w, https:\/\/www2.uepg.br\/secisa\/wp-content\/uploads\/sites\/51\/2023\/04\/Professor-Gilmar-1536x2048.jpg 1536w, https:\/\/www2.uepg.br\/secisa\/wp-content\/uploads\/sites\/51\/2023\/04\/Professor-Gilmar-1232x1642.jpg 1232w, https:\/\/www2.uepg.br\/secisa\/wp-content\/uploads\/sites\/51\/2023\/04\/Professor-Gilmar-810x1080.jpg 810w, https:\/\/www2.uepg.br\/secisa\/wp-content\/uploads\/sites\/51\/2023\/04\/Professor-Gilmar-scaled.jpg 1920w\" sizes=\"(max-width: 225px) 100vw, 225px\" \/><\/h3>\n<h3 style=\"text-align: center\"><strong><em>Diretor Adjunto &#8211; Prof. Gilmar Batista Mazurek<\/em><\/strong><\/h3>\n<h4><\/h4>\n<h4 style=\"text-align: center\">SECRETARIA<\/h4>\n<p style=\"text-align: center\"><strong>Cristine Isabel Sim\u00e3o<\/strong><\/p>\n<p style=\"text-align: center\">Fone:\u00a0(42) 3220-3391<br \/>\ne-mail:\u00a0<a href=\"mailto:secisa@uepg.br%20\">secisa@uepg.br<\/a><\/p>\n","protected":false},"excerpt":{"rendered":"<p>DIRE\u00c7\u00c3O DO SETOR DE CI\u00caNCIAS SOCIAIS APLICADAS GEST\u00c3O 2023 &#8211; 2027 &nbsp; Diretora &#8211; Prof\u00aa Sandra Maria Scheffer Diretor Adjunto &#8211; Prof. Gilmar Batista Mazurek SECRETARIA Cristine Isabel Sim\u00e3o Fone:\u00a0(42) 3220-3391 e-mail:\u00a0secisa@uepg.br<\/p>\n","protected":false},"author":24,"featured_media":0,"parent":0,"menu_order":0,"comment_status":"closed","ping_status":"closed","template":"","meta":[],"_links":{"self":[{"href":"https:\/\/www2.uepg.br\/secisa\/wp-json\/wp\/v2\/pages\/93"}],"collection":[{"href":"https:\/\/www2.uepg.br\/secisa\/wp-json\/wp\/v2\/pages"}],"about":[{"href":"https:\/\/www2.uepg.br\/secisa\/wp-json\/wp\/v2\/types\/page"}],"author":[{"embeddable":true,"href":"https:\/\/www2.uepg.br\/secisa\/wp-json\/wp\/v2\/users\/24"}],"replies":[{"embeddable":true,"href":"https:\/\/www2.uepg.br\/secisa\/wp-json\/wp\/v2\/comments?post=93"}],"version-history":[{"count":10,"href":"https:\/\/www2.uepg.br\/secisa\/wp-json\/wp\/v2\/pages\/93\/revisions"}],"predecessor-version":[{"id":426,"href":"https:\/\/www2.uepg.br\/secisa\/wp-json\/wp\/v2\/pages\/93\/revisions\/426"}],"wp:attachment":[{"href":"https:\/\/www2.uepg.br\/secisa\/wp-json\/wp\/v2\/media?parent=93"}],"curies":[{"name":"wp","href":"https:\/\/api.w.org\/{rel}","templated":true}]}}