{"id":149,"date":"2022-05-18T08:42:54","date_gmt":"2022-05-18T11:42:54","guid":{"rendered":"https:\/\/www2.uepg.br\/segecon\/?page_id=149"},"modified":"2022-07-12T09:13:56","modified_gmt":"2022-07-12T12:13:56","slug":"historico-conselhos","status":"publish","type":"page","link":"https:\/\/www2.uepg.br\/segecon\/historico-conselhos\/","title":{"rendered":"Hist\u00f3rico &#8211; Conselhos"},"content":{"rendered":"<h4 style=\"text-align: left\">Conselhos s\u00e3o \u00f3rg\u00e3os colegiados que t\u00eam por fun\u00e7\u00e3o a tomada de decis\u00f5es e os registros do seu aparecimento nas sociedades organizadas vem desde a Antiguidade. A trajet\u00f3ria Hist\u00f3rica dos Conselhos Educacionais se fez presente ao longo dos s\u00e9culos (TEIXEIRA, 2004, p. 692).<\/h4>\n<h4 style=\"text-align: center\"><img loading=\"lazy\" class=\" wp-image-805 alignleft\" src=\"https:\/\/www2.uepg.br\/segecon\/wp-content\/uploads\/sites\/245\/2022\/07\/Tavola-redonda-300x245.jpg\" alt=\"\" width=\"356\" height=\"288\" \/><\/h4>\n<h4 style=\"text-align: left\">No Brasil a exist\u00eancia dos Conselhos ocorreu desde o Imp\u00e9rio (TEIXEIRA, 2004, p. 693, por\u00e9m a participa\u00e7\u00e3o social nas pol\u00edticas p\u00fablicas atrav\u00e9s desses Colegiados passa a ter legitimidade a partir da Constitui\u00e7\u00e3o Federal de 1988, estabelecendo-se como fundamentos do sistema de governo do pa\u00eds a soberania e cidadania (SANTOS JR, 2000, p. 206), sendo recrudescida na Lei n\u00ba 9.394\/1996 (Lei de Diretrizes e Bases da Educa\u00e7\u00e3o &#8211; LDB), Art. 53, \u00a7 \u00fanico, inciso I ao V, e, Art. 56.<\/h4>\n<h4 style=\"text-align: left\">Portanto, nas Universidades estes espa\u00e7os s\u00e3o de extrema import\u00e2ncia para que os cidad\u00e3os que os integram possam participar e se comprometer com a gest\u00e3o da educa\u00e7\u00e3o de maneira democr\u00e1tica, e, depreende-se ent\u00e3o, que \u00e9 fundamental o papel do Conselho no exerc\u00edcio das atividades essenciais que comp\u00f5em o trip\u00e9 de uma Institui\u00e7\u00e3o de Ensino Superior &#8211; o Ensino, a Pesquisa e a Extens\u00e3o.<\/h4>\n<p>&nbsp;<\/p>\n<h3><\/h3>\n<h3 style=\"text-align: center\">HIST\u00d3RICO DOS CONSELHOS SUPERIORES NA UEPG<\/h3>\n<h4>Os Conselhos Superiores &#8211; Universit\u00e1ria, de Administra\u00e7\u00e3o e, de Ensino, Pesquisa e Extens\u00e3o &#8211; tiveram sua origem no ato de cria\u00e7\u00e3o da UEPG patente na estrutura universit\u00e1ria, que foi objeto de reconhecimento da da institui\u00e7\u00e3o atrav\u00e9s do Decreto Federal n\u00ba 73.269, de 07 de dezembro de 1973.<\/h4>\n<h4>O Plano de Reestrutura\u00e7\u00e3o da Universidade Estadual de Ponta Grossa, aprovado pelo Conselho Federal de Educa\u00e7\u00e3o no Processo de Reconhecimento da UEPG (Parecer n\u00ba 2.175 de 07 de novembro de 1973), cont\u00e9m em seu T\u00edtulo II, Cap\u00edtulo III, a seguinte reda\u00e7\u00e3o:<\/h4>\n<h4><em>&#8220;&#8230;ORGANIZA\u00c7\u00c3O ADMINISTRATIVA<\/em><\/h4>\n<h4><em>Art. 12 A Administra\u00e7\u00e3o Superior ser\u00e1 exercida pelos seguintes \u00f3rg\u00e3os:<\/em><\/h4>\n<h4><em>I &#8211; Conselho Universit\u00e1rio<\/em><\/h4>\n<h4><em>II &#8211; Conselho de Administra\u00e7\u00e3o<\/em><\/h4>\n<h4><em>III &#8211; Conselho de Ensino, Pesquisa e Extens\u00e3o<\/em><\/h4>\n<h4><em>IV &#8211; Reitoria&#8230;&#8221;<\/em><\/h4>\n<p>&nbsp;<\/p>\n<h4>A primeira reuni\u00e3o de Instala\u00e7\u00e3o dos Conselhos, conforme Ata n\u00ba 01\/73, da reuni\u00e3o do Conselho Universit\u00e1rio, ocorreu no dia 01 de junho de 1973, \u00e0s 19h30m, na Sala de Reuni\u00f5es da Reitora &#8211; Campus Central (Pra\u00e7a Santos Andrade s\/n\u00ba), sob a Presid\u00eancia do Reitor Professor <em>\u00c1lvaro Augusto Cunha Rocha<\/em> e demais Conselheiros:<\/h4>\n<h4 style=\"text-align: center\">&#8211; Prof. Odeni Villaca Mongruel &#8211; Vice-Reitor<\/h4>\n<h4 style=\"text-align: center\">&#8211; Prof. Osm\u00e1rio Pimental dos Santos<\/h4>\n<h4 style=\"text-align: center\">&#8211; Prof. Oswaldo Sowek<\/h4>\n<h4 style=\"text-align: center\">&#8211; Prof. Waldir Silva Capote<\/h4>\n<h4 style=\"text-align: center\">&#8211; Prof. Alcione Borges de Andrade<\/h4>\n<h4 style=\"text-align: center\">&#8211; Prof. Daniel Albach Tavares<\/h4>\n<h4 style=\"text-align: center\">&#8211; Prof. Fernando Machuca<\/h4>\n<h4 style=\"text-align: center\">&#8211; Dr. Rubens Pereira da Silva<\/h4>\n<h4 style=\"text-align: center\">&#8211; Prof. Wolfgang Jo\u00e3o Meyer<\/h4>\n<h4 style=\"text-align: center\">&#8211; Prof. Rubens Edgard F\u00fcrstenberg<\/h4>\n<h4 style=\"text-align: center\">&#8211; Prof. Dalton Nadal<\/h4>\n<h4 style=\"text-align: center\">&#8211; Professor Le\u00f4nidas Justus<\/h4>\n<h4 style=\"text-align: center\">&#8211; Prof. Jos\u00e9 Bittencourt de S\u00e1<\/h4>\n<h4 style=\"text-align: center\">&#8211; Prof. Antonio Armando Cardoso de Aguiar<\/h4>\n<h4 style=\"text-align: center\">&#8211; Prof. Manoel Lobo da Silva Brasil<\/h4>\n<h4 style=\"text-align: center\">&#8211; Professor Alfredo Berger<\/h4>\n","protected":false},"excerpt":{"rendered":"<p>Conselhos s\u00e3o \u00f3rg\u00e3os colegiados que t\u00eam por fun\u00e7\u00e3o a tomada de decis\u00f5es e os registros do seu aparecimento nas sociedades organizadas vem desde a Antiguidade. A trajet\u00f3ria Hist\u00f3rica dos Conselhos Educacionais se fez presente ao longo dos s\u00e9culos (TEIXEIRA, 2004, p. 692). No Brasil a exist\u00eancia dos Conselhos ocorreu desde o Imp\u00e9rio (TEIXEIRA, 2004, p.&nbsp;&hellip;<\/p>\n","protected":false},"author":378,"featured_media":0,"parent":0,"menu_order":0,"comment_status":"closed","ping_status":"closed","template":"","meta":[],"_links":{"self":[{"href":"https:\/\/www2.uepg.br\/segecon\/wp-json\/wp\/v2\/pages\/149"}],"collection":[{"href":"https:\/\/www2.uepg.br\/segecon\/wp-json\/wp\/v2\/pages"}],"about":[{"href":"https:\/\/www2.uepg.br\/segecon\/wp-json\/wp\/v2\/types\/page"}],"author":[{"embeddable":true,"href":"https:\/\/www2.uepg.br\/segecon\/wp-json\/wp\/v2\/users\/378"}],"replies":[{"embeddable":true,"href":"https:\/\/www2.uepg.br\/segecon\/wp-json\/wp\/v2\/comments?post=149"}],"version-history":[{"count":18,"href":"https:\/\/www2.uepg.br\/segecon\/wp-json\/wp\/v2\/pages\/149\/revisions"}],"predecessor-version":[{"id":806,"href":"https:\/\/www2.uepg.br\/segecon\/wp-json\/wp\/v2\/pages\/149\/revisions\/806"}],"wp:attachment":[{"href":"https:\/\/www2.uepg.br\/segecon\/wp-json\/wp\/v2\/media?parent=149"}],"curies":[{"name":"wp","href":"https:\/\/api.w.org\/{rel}","templated":true}]}}