{"id":151,"date":"2022-05-18T08:42:54","date_gmt":"2022-05-18T11:42:54","guid":{"rendered":"https:\/\/www2.uepg.br\/segecon\/?page_id=151"},"modified":"2026-04-02T17:32:09","modified_gmt":"2026-04-02T20:32:09","slug":"calendario-reunioes","status":"publish","type":"page","link":"https:\/\/www2.uepg.br\/segecon\/calendario-reunioes\/","title":{"rendered":"Calend\u00e1rio &#8211; Reuni\u00f5es"},"content":{"rendered":"<p>&nbsp;<\/p>\n<p class=\"style7\" align=\"center\"><span style=\"font-size: medium\">TABELA DAS REUNI\u00d5ES PLEN\u00c1RIAS &#8211;\u00a0<em><u>CA &#8211; CEPE &#8211; COU<\/u><\/em><\/span><\/p>\n<p align=\"center\">Datas limites para o ano de\u00a0<u><strong>2026<\/strong><\/u>:<\/p>\n<p align=\"center\"><strong>Chegada<\/strong>\u00a0dos processos \u00e0 SEGECON<\/p>\n<p align=\"center\"><strong>Fechamento<\/strong>\u00a0da Pauta<\/p>\n<p>&nbsp;<\/p>\n<p align=\"center\">Resolu\u00e7\u00e3o UNIV n\u00ba 46 de 18 de dezembro de 2014 &#8211; Regimento Interno do Conselho Universit\u00e1rio<\/p>\n<p align=\"justify\">&#8220;<em>Art. 9\u00ba Os Conselheiros ser\u00e3o notificados sobre a pauta da sess\u00e3o, por meio eletr\u00f4nico, com anteced\u00eancia m\u00ednima de\u00a0<strong>2 (dois) dias \u00fateis<\/strong>, da realiza\u00e7\u00e3o das sess\u00f5es.<\/em><\/p>\n<p align=\"justify\"><em>Art. 11 Os Processos a serem inseridos na pauta de cada reuni\u00e3o, dever\u00e3o ser encaminhados \u00e0 SEGECON com no m\u00ednimo\u00a0<strong>1 (um) dia \u00fatil\u00a0<\/strong><strong>de anteced\u00eancia \u00e0 publica\u00e7\u00e3o da pauta<\/strong>, com exce\u00e7\u00e3o das reuni\u00f5es extraordin\u00e1rias.<\/em>&#8220;<\/p>\n<h2><\/h2>\n<h2 class=\"style28\" style=\"text-align: center\"><strong>Calend\u00e1rio Anual de Reuni\u00f5es dos Conselhos Superiores <\/strong><\/h2>\n<h2 class=\"style28\" style=\"text-align: center\"><strong>2026<\/strong><\/h2>\n<p>&nbsp;<\/p>\n<p style=\"text-align: center\"><img loading=\"lazy\" class=\"aligncenter wp-image-2365 size-large\" src=\"https:\/\/www2.uepg.br\/segecon\/wp-content\/uploads\/sites\/245\/2026\/04\/calendario-2026-1024x789.jpg\" alt=\"\" width=\"1024\" height=\"789\" srcset=\"https:\/\/www2.uepg.br\/segecon\/wp-content\/uploads\/sites\/245\/2026\/04\/calendario-2026-1024x789.jpg 1024w, https:\/\/www2.uepg.br\/segecon\/wp-content\/uploads\/sites\/245\/2026\/04\/calendario-2026-300x231.jpg 300w, https:\/\/www2.uepg.br\/segecon\/wp-content\/uploads\/sites\/245\/2026\/04\/calendario-2026-768x592.jpg 768w, https:\/\/www2.uepg.br\/segecon\/wp-content\/uploads\/sites\/245\/2026\/04\/calendario-2026.jpg 1102w\" sizes=\"(max-width: 1024px) 100vw, 1024px\" \/><\/p>\n<p>&nbsp;<\/p>\n<p><img loading=\"lazy\" class=\"aligncenter wp-image-1044\" src=\"https:\/\/www2.uepg.br\/segecon\/wp-content\/uploads\/sites\/245\/2023\/02\/Legenda-300x120.jpg\" alt=\"\" width=\"500\" height=\"200\" srcset=\"https:\/\/www2.uepg.br\/segecon\/wp-content\/uploads\/sites\/245\/2023\/02\/Legenda-300x120.jpg 300w, https:\/\/www2.uepg.br\/segecon\/wp-content\/uploads\/sites\/245\/2023\/02\/Legenda-768x308.jpg 768w, https:\/\/www2.uepg.br\/segecon\/wp-content\/uploads\/sites\/245\/2023\/02\/Legenda.jpg 911w\" sizes=\"(max-width: 500px) 100vw, 500px\" \/><\/p>\n<h2><\/h2>\n<p>&nbsp;<\/p>\n<h2><\/h2>\n<h2><\/h2>\n<h2><\/h2>\n<h1><\/h1>\n<h1><\/h1>\n<h1><\/h1>\n<h2 class=\"style28\" style=\"text-align: center\"><strong>Tabela das Reuni\u00f5es dos Conselhos Superiores\u00a0<\/strong><strong>2026<\/strong><\/h2>\n<p><img loading=\"lazy\" class=\"wp-image-2367 size-full aligncenter\" src=\"https:\/\/www2.uepg.br\/segecon\/wp-content\/uploads\/sites\/245\/2026\/04\/tabela-2026.jpg\" alt=\"\" width=\"577\" height=\"471\" srcset=\"https:\/\/www2.uepg.br\/segecon\/wp-content\/uploads\/sites\/245\/2026\/04\/tabela-2026.jpg 577w, https:\/\/www2.uepg.br\/segecon\/wp-content\/uploads\/sites\/245\/2026\/04\/tabela-2026-300x245.jpg 300w\" sizes=\"(max-width: 577px) 100vw, 577px\" \/><\/p>\n","protected":false},"excerpt":{"rendered":"<p>&nbsp; TABELA DAS REUNI\u00d5ES PLEN\u00c1RIAS &#8211;\u00a0CA &#8211; CEPE &#8211; COU Datas limites para o ano de\u00a02026: Chegada\u00a0dos processos \u00e0 SEGECON Fechamento\u00a0da Pauta &nbsp; Resolu\u00e7\u00e3o UNIV n\u00ba 46 de 18 de dezembro de 2014 &#8211; Regimento Interno do Conselho Universit\u00e1rio &#8220;Art. 9\u00ba Os Conselheiros ser\u00e3o notificados sobre a pauta da sess\u00e3o, por meio eletr\u00f4nico, com anteced\u00eancia&nbsp;&hellip;<\/p>\n","protected":false},"author":378,"featured_media":0,"parent":0,"menu_order":0,"comment_status":"closed","ping_status":"closed","template":"","meta":[],"_links":{"self":[{"href":"https:\/\/www2.uepg.br\/segecon\/wp-json\/wp\/v2\/pages\/151"}],"collection":[{"href":"https:\/\/www2.uepg.br\/segecon\/wp-json\/wp\/v2\/pages"}],"about":[{"href":"https:\/\/www2.uepg.br\/segecon\/wp-json\/wp\/v2\/types\/page"}],"author":[{"embeddable":true,"href":"https:\/\/www2.uepg.br\/segecon\/wp-json\/wp\/v2\/users\/378"}],"replies":[{"embeddable":true,"href":"https:\/\/www2.uepg.br\/segecon\/wp-json\/wp\/v2\/comments?post=151"}],"version-history":[{"count":45,"href":"https:\/\/www2.uepg.br\/segecon\/wp-json\/wp\/v2\/pages\/151\/revisions"}],"predecessor-version":[{"id":2370,"href":"https:\/\/www2.uepg.br\/segecon\/wp-json\/wp\/v2\/pages\/151\/revisions\/2370"}],"wp:attachment":[{"href":"https:\/\/www2.uepg.br\/segecon\/wp-json\/wp\/v2\/media?parent=151"}],"curies":[{"name":"wp","href":"https:\/\/api.w.org\/{rel}","templated":true}]}}