{"id":167,"date":"2022-05-18T08:53:28","date_gmt":"2022-05-18T11:53:28","guid":{"rendered":"https:\/\/www2.uepg.br\/segecon\/?page_id=167"},"modified":"2022-06-03T14:48:11","modified_gmt":"2022-06-03T17:48:11","slug":"competencia-cou","status":"publish","type":"page","link":"https:\/\/www2.uepg.br\/segecon\/competencia-cou\/","title":{"rendered":"Compet\u00eancia Conselho Universit\u00e1rio"},"content":{"rendered":"<h4 style=\"text-align: center\"><strong>Estatuto da Universidade Estadual de Ponta Grossa<\/strong><\/h4>\n<p>&nbsp;<\/p>\n<h4 style=\"text-align: center\"><strong>CONSELHO UNIVERSIT\u00c1RIO<\/strong><\/h4>\n<p>&nbsp;<\/p>\n<h4>Art. 13 Compete ao Conselho Universit\u00e1rio<\/h4>\n<blockquote>\n<h4>I &#8211; tra\u00e7ar a pol\u00edtica universit\u00e1ria;<\/h4>\n<h4>II- aprovar o calend\u00e1rio universit\u00e1rio;<\/h4>\n<h4>III &#8211; homologar a proposta or\u00e7ament\u00e1ria da Universidade;<\/h4>\n<h4>IV &#8211; homologar a presta\u00e7\u00e3o de contas da Universidade;<\/h4>\n<h4>V &#8211; aprovar por proposta do Reitor ou dos Colegiados Setoriais a concess\u00e3o de t\u00edtulo de Doutor <em>Honoris Causa<\/em>, de Professor <em>Honoris Causa<\/em> e de Professor Em\u00e9rito;<\/h4>\n<h4>VI &#8211; alterar o presente Estatuto e Regimento Geral por delibera\u00e7\u00e3o favor\u00e1vel de dois ter\u00e7os (2\/3) de seus membros;<\/h4>\n<h4>VII &#8211; aprovar os planos de expans\u00e3o, desenvolvimento e diretor da Universidade;<\/h4>\n<h4>VIII &#8211; aprovar o Regimento Geral da Universidade e homologar regimentos internos;<\/h4>\n<h4>IX &#8211; reconhecer a representa\u00e7\u00e3o de \u00f3rg\u00e3os estudantis legalmente constitu\u00eddos e seus respectivos regimentos;<\/h4>\n<h4>X &#8211; deliberar sobre decis\u00f5es divergentes dos Conselhos de Ensino, Pesquisa e Extens\u00e3o e de Administra\u00e7\u00e3o, e julgar recursos e vetos em \u00faltima inst\u00e2ncia;<\/h4>\n<h4>XI &#8211; instituir pr\u00eamios honor\u00edficos como est\u00edmulo a atividades universit\u00e1rias;<\/h4>\n<h4>XII &#8211; avocar, por proposta do Reitor, ou de dois ter\u00e7os (2\/3) de seus membros, a decis\u00e3o de qualquer assunto de interesse relevante, da compet\u00eancia de inst\u00e2ncias inferiores da Universidade;<\/h4>\n<h4>XIII &#8211; conhecer, em \u00faltima inst\u00e2ncia, ou de dois ter\u00e7os (2\/3) de seus membros, a decis\u00e3o de qualquer assunto de interesse relevante, de compet\u00eancia de inst\u00e2ncias inferiores da Universidade;<\/h4>\n<h4>XIV &#8211; decidir sobre a oportunidade e a forma de homenagear pessoas que tenham prestado contribui\u00e7\u00e3o relevante \u00e0 Universidade ou a qualquer ramo das Ci\u00eancias, Letras e Artes, atrav\u00e9s de placas, medalhas, fotografias ou outras formas de reconhecimento honor\u00edfico;<\/h4>\n<h4>XV &#8211; homologar o resultado da Consulta \u00e0 Comunidade Universit\u00e1ria para escolha de Reitor e Vice-Reitor;<\/h4>\n<h4>XVI &#8211; deliberar sobre os casos omissos neste Estatuto, desde que, por sua natureza n\u00e3o sejam de compet\u00eancia de outros \u00f3rg\u00e3os.<\/h4>\n<p><strong>\u00a0<\/strong><\/p><\/blockquote>\n","protected":false},"excerpt":{"rendered":"<p>Estatuto da Universidade Estadual de Ponta Grossa &nbsp; CONSELHO UNIVERSIT\u00c1RIO &nbsp; Art. 13 Compete ao Conselho Universit\u00e1rio I &#8211; tra\u00e7ar a pol\u00edtica universit\u00e1ria; II- aprovar o calend\u00e1rio universit\u00e1rio; III &#8211; homologar a proposta or\u00e7ament\u00e1ria da Universidade; IV &#8211; homologar a presta\u00e7\u00e3o de contas da Universidade; V &#8211; aprovar por proposta do Reitor ou dos Colegiados&nbsp;&hellip;<\/p>\n","protected":false},"author":378,"featured_media":0,"parent":0,"menu_order":0,"comment_status":"closed","ping_status":"closed","template":"","meta":[],"_links":{"self":[{"href":"https:\/\/www2.uepg.br\/segecon\/wp-json\/wp\/v2\/pages\/167"}],"collection":[{"href":"https:\/\/www2.uepg.br\/segecon\/wp-json\/wp\/v2\/pages"}],"about":[{"href":"https:\/\/www2.uepg.br\/segecon\/wp-json\/wp\/v2\/types\/page"}],"author":[{"embeddable":true,"href":"https:\/\/www2.uepg.br\/segecon\/wp-json\/wp\/v2\/users\/378"}],"replies":[{"embeddable":true,"href":"https:\/\/www2.uepg.br\/segecon\/wp-json\/wp\/v2\/comments?post=167"}],"version-history":[{"count":13,"href":"https:\/\/www2.uepg.br\/segecon\/wp-json\/wp\/v2\/pages\/167\/revisions"}],"predecessor-version":[{"id":663,"href":"https:\/\/www2.uepg.br\/segecon\/wp-json\/wp\/v2\/pages\/167\/revisions\/663"}],"wp:attachment":[{"href":"https:\/\/www2.uepg.br\/segecon\/wp-json\/wp\/v2\/media?parent=167"}],"curies":[{"name":"wp","href":"https:\/\/api.w.org\/{rel}","templated":true}]}}