{"id":168,"date":"2022-05-18T08:53:28","date_gmt":"2022-05-18T11:53:28","guid":{"rendered":"https:\/\/www2.uepg.br\/segecon\/?page_id=168"},"modified":"2026-04-08T09:51:50","modified_gmt":"2026-04-08T12:51:50","slug":"composicao-cou","status":"publish","type":"page","link":"https:\/\/www2.uepg.br\/segecon\/composicao-cou\/","title":{"rendered":"Composi\u00e7\u00e3o Conselho Universit\u00e1rio"},"content":{"rendered":"<p align=\"center\">UNIVERSIDADE ESTADUAL DE PONTA GROSSA<\/p>\n<p align=\"center\">SECRETARIA GERAL DOS CONSELHOS SUPERIORES<\/p>\n<p align=\"right\"><strong>(Estatuto da UEPG)<\/strong><\/p>\n<p align=\"center\"><strong>\u00a0<\/strong><strong>CAP\u00cdTULO<\/strong><strong>\u00a0II<\/strong><\/p>\n<p align=\"center\"><em>Do Conselho Universit\u00e1rio<\/em><\/p>\n<p><strong>\u00a0<\/strong><\/p>\n<p align=\"justify\"><strong>Art. 11.<\/strong>\u00a0O Conselho Universit\u00e1rio, \u00f3rg\u00e3o consultivo e deliberativo, comp\u00f5e-se sob a presid\u00eancia do Reitor, dos membros do Conselho de Administra\u00e7\u00e3o e do Conselho de Ensino, Pesquisa e Extens\u00e3o, de um (1) representante do Governo do Estado do Paran\u00e1, designado pela Secretaria de Estado respons\u00e1vel pelo Ensino Superior, de um (1) representante da Comunidade, designado pelo Poder P\u00fablico Municipal e de um (1) representante da Associa\u00e7\u00e3o dos Professores Aposentados da Universidade Estadual de Ponta Grossa.<\/p>\n<p align=\"justify\"><strong>Art. 12.<\/strong>\u00a0Os mandatos dos Conselheiros t\u00eam dura\u00e7\u00e3o consignada nos artigos 14 e 16, \u00e0 exce\u00e7\u00e3o dos mandatos dos representantes do Governo do Estado, da Comunidade e da Associa\u00e7\u00e3o dos Professores Aposentados da Universidade Estadual de Ponta Grossa especificados no artigo anterior, cuja dura\u00e7\u00e3o \u00e9 de dois (2) anos.<\/p>\n<blockquote>\n<p align=\"justify\">\n<\/blockquote>\n<h1 align=\"center\"><strong>COMPOSI\u00c7\u00c3O<\/strong><\/h1>\n<p align=\"center\">REITOR\/PRESID\u00caNCIA: Miguel Sanches Neto<\/p>\n<p align=\"center\">Vice-Reitor\/Vice-Presid\u00eancia:\u00a0Ivo Mottin Demiate<\/p>\n<p>&nbsp;<\/p>\n<p style=\"text-align: center\">PR\u00d3-REITORIA DE ASSUNTOS ADMINISTRATIVOS &#8211; PROAD<\/p>\n<p style=\"text-align: center\"><em>Emerson Martins Hilgemberg &#8211; Titular<\/em><\/p>\n<p style=\"text-align: center\"><em>Ana Paula de Freitas Pacheco &#8211; Suplente<\/em><\/p>\n<p style=\"text-align: center\">PR\u00d3-REITORIA DE GRADUA\u00c7\u00c3O &#8211; PROGRAD<\/p>\n<p style=\"text-align: center\"><em>Miguel Archanjo de Freitas J\u00fanior &#8211; Titular<\/em><\/p>\n<p style=\"text-align: center\"><em>Cristiane Aparecida Woytichoski &#8211; Suplente<\/em><\/p>\n<p style=\"text-align: center\">PR\u00d3-REITORIA DE PESQUISA E P\u00d3S-GRADUA\u00c7\u00c3O &#8211; PROPESP<\/p>\n<p style=\"text-align: center\"><em>Ren\u00ea Francisco Hellman &#8211; Titular<\/em><\/p>\n<p style=\"text-align: center\"><em>Barbara Cel\u00e2nia Fiorin &#8211; Suplente<\/em><\/p>\n<p style=\"text-align: center\">PR\u00d3-REITORIA DE EXTENS\u00c3O E ASSUNTOS CULTURAIS &#8211; PROEX<\/p>\n<p style=\"text-align: center\"><em>Beatriz Gomes Nadal- Titular<\/em><\/p>\n<p style=\"text-align: center\"><em>Marina Tolentino Marinho\u00a0 &#8211; Suplente<\/em><\/p>\n<p style=\"text-align: center\">PR\u00d3-REITORIA DE GEST\u00c3O DE PESSOAS &#8211; PROGESP<\/p>\n<p style=\"text-align: center\"><em>Eliane de F\u00e1tima Rauski &#8211; Titular<\/em><\/p>\n<p style=\"text-align: center\"><em>Joel de Oliveira Correia J\u00fanior &#8211; Suplente<\/em><\/p>\n<p style=\"text-align: center\">PR\u00d3-REITORIA DE PLANEJAMENTO &#8211; PROPLAN<\/p>\n<p style=\"text-align: center\"><em>Andrea Tedesco &#8211; Titular<\/em><\/p>\n<p style=\"text-align: center\"><em>Guilherme Araujo Vuitik &#8211; Suplente<\/em><\/p>\n<p style=\"text-align: center\">PR\u00d3-REITORIA DE ASSUNTOS ESTUDANTIS &#8211; PRAE<\/p>\n<p style=\"text-align: center\"><em>Ione da Silva Jovino &#8211; Titular<\/em><\/p>\n<p style=\"text-align: center\"><em>Gilmara de C\u00e1ssia Ventura &#8211; Suplente<\/em><\/p>\n<p style=\"text-align: center\">SETOR DE ENGENHARIAS, CI\u00caNCIAS AGR\u00c1RIAS E DE TECNOLOGIA &#8211; SECATE<\/p>\n<p style=\"text-align: center\"><em>Adilson Luiz Chinelatto &#8211; Titular<\/em><\/p>\n<p style=\"text-align: center\"><em>Ana Cl\u00e1udia Barana &#8211; Suplente<\/em><\/p>\n<p style=\"text-align: center\">SETOR DE CI\u00caNCIAS BIOL\u00d3GICAS E DA SA\u00daDE &#8211; SEBISA<\/p>\n<p style=\"text-align: center\"><em>J\u00falio C\u00e9sar Min\u00e9 &#8211; Titular<\/em><\/p>\n<p style=\"text-align: center\"><em>Gon\u00e7alo Cassins Moreira do Carmo &#8211; Suplente<\/em><\/p>\n<p style=\"text-align: center\">SETOR DE CI\u00caNCIAS EXATAS E NATURAIS &#8211; SEXATAS<\/p>\n<p style=\"text-align: center\"><em>Adriano Gon\u00e7alves Viana &#8211; Titular<\/em><\/p>\n<p style=\"text-align: center\"><em>Margarete Aparecida dos Santos &#8211; Suplente<\/em><\/p>\n<p style=\"text-align: center\">SETOR DE CI\u00caNCIAS HUMANAS, LETRAS E ARTES &#8211; SECIHLA<\/p>\n<p style=\"text-align: center\"><em>Silvana Oliveira &#8211; Titular<\/em><\/p>\n<p style=\"text-align: center\"><em>Ros\u00e2ngela Maria Silva Petuba &#8211; Suplente<\/em><\/p>\n<p style=\"text-align: center\">SETOR DE CI\u00caNCIAS JUR\u00cdDICAS &#8211; SECIJUR<\/p>\n<p style=\"text-align: center\"><em>Adriana Timoteo dos Santos &#8211; Titular<\/em><\/p>\n<p style=\"text-align: center\"><em>Marcelo Alves da Silva &#8211; Suplente<\/em><\/p>\n<p style=\"text-align: center\">SETOR DE CI\u00caNCIAS SOCIAIS APLICADAS &#8211; SECISA<\/p>\n<p style=\"text-align: center\"><em>Sandra Maria Scheffer &#8211; Titular<\/em><\/p>\n<p style=\"text-align: center\"><em>Gilmar Batista Mazurek &#8211; Suplente<\/em><\/p>\n<p style=\"text-align: center\">REPRESENTANTE DO SETOR DE CI\u00caNCIAS EXATAS E NATURAIS NO CEPE<\/p>\n<p style=\"text-align: center\"><em>Airton Kist &#8211; Titular<\/em><\/p>\n<p style=\"text-align: center\"><em>Deyse M\u00e1rcia Pacheco Gebert &#8211; Suplente<\/em><\/p>\n<p style=\"text-align: center\"><em>\u00a0&#8211; Titular<\/em><\/p>\n<p style=\"text-align: center\"><em>\u00a0&#8211; Suplente<\/em><\/p>\n<p style=\"text-align: center\">REPRESENTANTE DO SETOR DE ENGENHARIAS, CI\u00caNCIAS AGR\u00c1RIAS E DE TECNOLOGIA NO CEPE<\/p>\n<p style=\"text-align: center\"><em>Marina Tolentino Marinho &#8211; Titular<\/em><\/p>\n<p style=\"text-align: center\"><em>Adriana Scoton Antonio Chinelatto &#8211; Suplente<\/em><\/p>\n<p style=\"text-align: center\"><em>Eliane Dalva Godoy &#8211; Titular<\/em><\/p>\n<p style=\"text-align: center\"><em>Mauricio Zadra Pacheco &#8211; Suplente<\/em><\/p>\n<p style=\"text-align: center\">REPRESENTANTE DO SETOR DE CI\u00caNCIAS BIOL\u00d3GICAS E DA SA\u00daDE NO CEPE<\/p>\n<p style=\"text-align: center\"><em>Bruno Pedroso &#8211; Titular<\/em><\/p>\n<p style=\"text-align: center\"><em>Cristina Berger Fadel &#8211; Suplente<\/em><\/p>\n<p style=\"text-align: center\"><em>J\u00falio C\u00e9sar Min\u00e9 &#8211; Titular<\/em><\/p>\n<p style=\"text-align: center\"><em>Iriane Eger &#8211; Suplente<\/em><\/p>\n<p style=\"text-align: center\">REPRESENTANTE DO SETOR DE CI\u00caNCIAS SOCIAIS APLICADAS NO CEPE<\/p>\n<p style=\"text-align: center\"><em>Silas Guimar\u00e3es Moro &#8211; Titular<\/em><\/p>\n<p style=\"text-align: center\"><em>Sandro Rog\u00e9rio Camargo &#8211; Suplente<\/em><\/p>\n<p style=\"text-align: center\"><em>Cleide Lavoratti &#8211; Titular<\/em><\/p>\n<p style=\"text-align: center\"><em>Karina Janz Woitowicz &#8211; Suplente<\/em><\/p>\n<p style=\"text-align: center\">REPRESENTANTE DO SETOR DE CI\u00caNCAIS HUMANAS, LETRAS E ARTES NO CEPE<\/p>\n<p style=\"text-align: center\"><em>Paulo Rog\u00e9rio de Almeida &#8211; Titular<\/em><\/p>\n<p style=\"text-align: center\"><em>\u00c9rico Ribas Machado &#8211; Suplente<\/em><\/p>\n<p style=\"text-align: center\"><em>Patricia Lucia Vosgrau de Freitas &#8211; Titular<\/em><\/p>\n<p style=\"text-align: center\"><em>Adriana Rodrigues Suarez &#8211; Suplente<\/em><\/p>\n<p style=\"text-align: center\">REPRESENTANTE DO SETOR DE CI\u00caNCIAS JUR\u00cdDICAS NO CEPE<\/p>\n<p style=\"text-align: center\"><em>Elisabeth M\u00f4nica Hasse Becker Neiverth &#8211; Titular<\/em><\/p>\n<p style=\"text-align: center\"><em>Volney Campos dos Santos &#8211; Suplente<\/em><\/p>\n<p style=\"text-align: center\"><em>Luana Marcia de Oliveira Billerbeck &#8211; Titular<\/em><\/p>\n<p style=\"text-align: center\"><em>Dirc\u00e9ia Moreira &#8211; Suplente<\/em><\/p>\n<p style=\"text-align: center\">REPRESENTANTES DO CORPO DOCENTE<\/p>\n<p style=\"text-align: center\"><em>Sinvaldo Baglie<\/em><em>\u00a0&#8211; Titular<\/em><\/p>\n<p style=\"text-align: center\"><em>Valeska Gracioso Carlos<\/em><em>\u00a0&#8211; Suplente<\/em><\/p>\n<p style=\"text-align: center\"><em>Carlos Ubiratan da Costa Schier &#8211; Titular<\/em><\/p>\n<p style=\"text-align: center\"><em>Natasha Santos Lise<\/em><em>\u00a0&#8211; Suplente<\/em><\/p>\n<p style=\"text-align: center\">REPRESENTANTES DO CORPO T\u00c9CNICO UNIVERSIT\u00c1RIO<\/p>\n<p style=\"text-align: center\"><em>Felipe Thiago Wozniak Silva &#8211; Titular<\/em><\/p>\n<p style=\"text-align: center\"><em>Roseli Walus Nogueira &#8211; Suplente<\/em><\/p>\n<p style=\"text-align: center\"><em>Rog\u00e9rio Boita &#8211; Titular<\/em><\/p>\n<p style=\"text-align: center\"><em>Rosi Eliane de C\u00e1ssia Batista &#8211; Suplente<\/em><\/p>\n<p style=\"text-align: center\">REPRESENTANTES DO CORPO DISCENTE DOS CURSOS DE GRADUA\u00c7\u00c3O<\/p>\n<p style=\"text-align: center\"><i>&#8211;<\/i><\/p>\n<p style=\"text-align: center\">DIRETORA DA BIBLIOTECA CENTRAL &#8211; BICEN<\/p>\n<p style=\"text-align: center\"><em>Maria L\u00facia Cazarin Beserra Madruga &#8211; Titular<\/em><\/p>\n<p style=\"text-align: center\">REPRESENTANTE DO ESTADO DO PARAN\u00c1, DESIGNADO PELA SETI<\/p>\n<p style=\"text-align: center\"><em>Sandra Borsoi &#8211; Titular<\/em><\/p>\n<p style=\"text-align: center\"><em>Irvana Chemin Branco &#8211; Suplente<\/em><\/p>\n<p style=\"text-align: center\">REPRESENTANTE DO GOVERNO MUNICIPAL<\/p>\n<p style=\"text-align: center\"><em>Elizabeth Silveira Schmidt &#8211; Titular<\/em><\/p>\n<p style=\"text-align: center\"><em>Tania Maria Sviercoski Pinto &#8211; Suplente<\/em><\/p>\n<p style=\"text-align: center\">REPRESENTANTE DA ASSOCIA\u00c7\u00c3O DOS PROFESSORES APOSENTADOS DA UEPG<\/p>\n<p style=\"text-align: center\"><em>Z\u00e9lia Maria Lopes Marochi &#8211; Titular<\/em><\/p>\n<p style=\"text-align: center\"><em>Teresa Jussara Luporini &#8211; Suplente<\/em><\/p>\n<p style=\"text-align: center\">PROCURADORIA JUR\u00cdDICA &#8211; PROJUR<\/p>\n<p style=\"text-align: center\"><em>Adriana de F\u00e1tima Pilatti Ferreira Campagnoli<\/em><\/p>\n<p style=\"text-align: center\">N\u00daCLEO DE TECNOLOGIA DA INFORMA\u00c7\u00c3O &#8211; NTI<\/p>\n<p style=\"text-align: center\"><em>Luiz Gustavo Barros<\/em><\/p>\n<p style=\"text-align: center\">PREFEITURA DO <em>CAMPUS<\/em> UNIVERSIT\u00c1RIO &#8211; PRECAM<\/p>\n<p style=\"text-align: center\"><em>Elias Pereira<\/em><\/p>\n<p style=\"text-align: center\">COORDENADORIA DE COMUNICA\u00c7\u00c3O SOCIAL &#8211; CCOM<\/p>\n<p style=\"text-align: center\"><em>Luciane Pereira da Silva Navarro<\/em><\/p>\n<p style=\"text-align: center\">CONTROLADORIA GERAL<\/p>\n<p style=\"text-align: center\"><em>Cristiane Galv\u00e3o Fidelis<\/em><\/p>\n<p>&nbsp;<\/p>\n<p>(*) Atualizado em 08\/04\/2026<\/p>\n<p>&nbsp;<\/p>\n<p>&nbsp;<\/p>\n<p>&nbsp;<\/p>\n","protected":false},"excerpt":{"rendered":"<p>UNIVERSIDADE ESTADUAL DE PONTA GROSSA SECRETARIA GERAL DOS CONSELHOS SUPERIORES (Estatuto da UEPG) \u00a0CAP\u00cdTULO\u00a0II Do Conselho Universit\u00e1rio \u00a0 Art. 11.\u00a0O Conselho Universit\u00e1rio, \u00f3rg\u00e3o consultivo e deliberativo, comp\u00f5e-se sob a presid\u00eancia do Reitor, dos membros do Conselho de Administra\u00e7\u00e3o e do Conselho de Ensino, Pesquisa e Extens\u00e3o, de um (1) representante do Governo do Estado do&nbsp;&hellip;<\/p>\n","protected":false},"author":378,"featured_media":0,"parent":0,"menu_order":0,"comment_status":"closed","ping_status":"closed","template":"","meta":[],"_links":{"self":[{"href":"https:\/\/www2.uepg.br\/segecon\/wp-json\/wp\/v2\/pages\/168"}],"collection":[{"href":"https:\/\/www2.uepg.br\/segecon\/wp-json\/wp\/v2\/pages"}],"about":[{"href":"https:\/\/www2.uepg.br\/segecon\/wp-json\/wp\/v2\/types\/page"}],"author":[{"embeddable":true,"href":"https:\/\/www2.uepg.br\/segecon\/wp-json\/wp\/v2\/users\/378"}],"replies":[{"embeddable":true,"href":"https:\/\/www2.uepg.br\/segecon\/wp-json\/wp\/v2\/comments?post=168"}],"version-history":[{"count":37,"href":"https:\/\/www2.uepg.br\/segecon\/wp-json\/wp\/v2\/pages\/168\/revisions"}],"predecessor-version":[{"id":2375,"href":"https:\/\/www2.uepg.br\/segecon\/wp-json\/wp\/v2\/pages\/168\/revisions\/2375"}],"wp:attachment":[{"href":"https:\/\/www2.uepg.br\/segecon\/wp-json\/wp\/v2\/media?parent=168"}],"curies":[{"name":"wp","href":"https:\/\/api.w.org\/{rel}","templated":true}]}}