{"id":172,"date":"2022-05-18T08:53:29","date_gmt":"2022-05-18T11:53:29","guid":{"rendered":"https:\/\/www2.uepg.br\/segecon\/?page_id=172"},"modified":"2022-06-03T15:08:11","modified_gmt":"2022-06-03T18:08:11","slug":"competencia-ca","status":"publish","type":"page","link":"https:\/\/www2.uepg.br\/segecon\/competencia-ca\/","title":{"rendered":"Compet\u00eancia Conselho de Administra\u00e7\u00e3o"},"content":{"rendered":"<h4 align=\"center\">Estatuto da Universidade Estadual de Ponta Grossa<\/h4>\n<h4 class=\"style4\" align=\"center\">CONSELHO DE ADMINISTRA\u00c7\u00c3O<\/h4>\n<h4><\/h4>\n<p>&nbsp;<\/p>\n<h4 align=\"justify\">Art. 15 &#8211; Compete ao Conselho de Administra\u00e7\u00e3o<\/h4>\n<h4 align=\"justify\">I &#8211; exercer a orienta\u00e7\u00e3o administrativa da Universidade;<\/h4>\n<h4 align=\"justify\">II &#8211; aprovar os conv\u00eanios firmados entre a Universidade e outras institui\u00e7\u00f5es;<\/h4>\n<h4 align=\"justify\">III &#8211; deliberar sobre proposi\u00e7\u00f5es, aprovada pelo Conselho de Ensino, Pesquisa e Extens\u00e3o, para cria\u00e7\u00e3o, modifica\u00e7\u00e3o, agrega\u00e7\u00e3o, amplia\u00e7\u00e3o e supress\u00e3o de Setores de Conhecimento, Departamentos e Cursos;<\/h4>\n<h4 align=\"justify\">IV &#8211; fixar, por proposta da Reitoria, ouvido o Conselho de Ensino, Pesquisa e Extens\u00e3o, o n\u00famero de docentes em cada Departamento;<\/h4>\n<h4 align=\"justify\">V &#8211; aprovar o Or\u00e7amento Geral da Universidade, para homologa\u00e7\u00e3o pelo Conselho Universit\u00e1rio;<\/h4>\n<h4 align=\"justify\">VI &#8211; deliberar sobre acordos entre unidades universit\u00e1rias e entidades oficiais ou particulares para realiza\u00e7\u00e3o de atividades did\u00e1ticas, de pesquisa, bem como as concernentes \u00e0 extens\u00e3o de servi\u00e7os \u00e0 coletividade;<\/h4>\n<h4 align=\"justify\">VII &#8211; aprovar a presta\u00e7\u00e3o de contas da Universidade para posterior homologa\u00e7\u00e3o pelo Conselho Universit\u00e1rio;<\/h4>\n<h4 align=\"justify\">VIII &#8211; deliberar anualmente sobre o Calend\u00e1rio Universit\u00e1rio, no que tange \u00e0s atividades administrativas;<\/h4>\n<h4 align=\"justify\">IX &#8211; deliberar sobre as propostas de cria\u00e7\u00e3o, modifica\u00e7\u00e3o, fus\u00e3o e extin\u00e7\u00e3o de \u00f3rg\u00e3os e\/ou unidades administrativas;<\/h4>\n<h4 align=\"justify\">X &#8211; deliberar sobre relota\u00e7\u00e3o de cargos e fun\u00e7\u00f5es, propostas pelo Reitor, e sob proposi\u00e7\u00e3o do Conselho de Ensino, Pesquisa e Extens\u00e3o, quando se trata de cargo ou fun\u00e7\u00e3o docente;<\/h4>\n<h4 align=\"justify\">XI &#8211; deliberar sobre normas de concess\u00e3o de bolsas de estudo e sobre afastamento remunerado;<\/h4>\n<h4 align=\"justify\">XII &#8211; deliberar sobre a aliena\u00e7\u00e3o de bens m\u00f3veis da Universidade;<\/h4>\n<h4 align=\"justify\">XIII &#8211; autorizar a aquisi\u00e7\u00e3o de bens im\u00f3veis, assim como a aliena\u00e7\u00e3o, a cess\u00e3o e o arrendamento de tais bens, pertencentes \u00e0 Universidade, ouvido o Conselho Universit\u00e1rio;<\/h4>\n<h4 align=\"justify\">XIV &#8211; fixar, periodicamente, os valores correspondentes a anuidades, taxas, contribui\u00e7\u00f5es, emolumentos e vantagens, atendendo ao que estabelece a legisla\u00e7\u00e3o vigente, bem como o valor da hora- aula suplementar;<\/h4>\n<h4 align=\"justify\">XV &#8211; fixar, por proposta da Reitoria, o n\u00famero de servidores, em cada categoria e n\u00edvel;<\/h4>\n<h4 align=\"justify\">XVI &#8211; instituir pr\u00eamios pecuni\u00e1rios;<\/h4>\n<h4 align=\"justify\">XVII &#8211; aprovar o regulamento dos servidores da Universidade, assim como posteriores emendas;<\/h4>\n<h4 align=\"justify\">XVIII &#8211; deliberar anualmente sobre o n\u00famero de vagas para cada curso, mediante proposta origin\u00e1ria do Conselho de Ensino, Pesquisa e Extens\u00e3o;<\/h4>\n<h4 align=\"justify\">\u00a0XIX &#8211; fixar o n\u00famero m\u00ednimo de horas-aula semanais para cada regime de trabalho;<\/h4>\n<h4 align=\"justify\">XX &#8211; deliberar sobre os procedimentos administrativos e calend\u00e1rios relativos ao concurso vestibular e ao processo seletivo seriado;<\/h4>\n<h4 align=\"justify\">XXI &#8211; aprovar regulamentos e normas administrativas;<\/h4>\n<h4 align=\"justify\">XXII deliberar sobre regimentos internos, e posteriormente encaminhar para a homologa\u00e7\u00e3o do Conselho Universit\u00e1rio;<\/h4>\n<h4 align=\"justify\">XXIII &#8211; autorizar a concess\u00e3o de licen\u00e7a sem vencimentos aos docentes e agentes universit\u00e1rios;<\/h4>\n<h4 align=\"justify\">XXIV &#8211; aprovar a inclus\u00e3o no regimente de tempo integral e dedica\u00e7\u00e3o exclusiva e autorizar a altera\u00e7\u00e3o de regime de trabalho;<\/h4>\n<h4 align=\"justify\">XXV &#8211; autorizar a realiza\u00e7\u00e3o de teste seletivo e respectivas contrata\u00e7\u00f5es;<\/h4>\n<h4 align=\"justify\">XXVI &#8211; autorizar a realiza\u00e7\u00e3o de concurso p\u00fablico e respectivas contrata\u00e7\u00f5es;<\/h4>\n<h4 align=\"justify\">XXVII &#8211; aprovar a parte administrativo-financeira dos projetos pedag\u00f3gicos de gradua\u00e7\u00e3o, sequenciais e de p\u00f3s-gradua\u00e7\u00e3o;<\/h4>\n<h4 align=\"justify\">XVIII &#8211; aprovar os processos de prote\u00e7\u00e3o de direitos de propriedade intelectual avaliados pela Ag\u00eancia de Inova\u00e7\u00e3o e Propriedade Intelectual &#8211; AGIPI.<\/h4>\n<h4 align=\"justify\">\u00a71\u00ba Os conv\u00eanios e acordos referidos nos incisos II e VI deste artigo, ap\u00f3s aprovados pelo Conselho de Administra\u00e7\u00e3o, que se constitu\u00edrem em modelo-padr\u00e3o, poder\u00e3o ser utilizados nas demais situa\u00e7\u00f5es id\u00eanticas, sem necessidade de nova aprova\u00e7\u00e3o pelo Conselho de Administra\u00e7\u00e3o.<\/h4>\n<h4 align=\"justify\">\u00a72\u00ba Das decis\u00f5es do Conselho de Administra\u00e7\u00e3o, s\u00f3 caber\u00e1 recurso, ao Conselho Universit\u00e1rio, em caso de ilegalidade gen\u00e9rica ou infra\u00e7\u00e3o de disposi\u00e7\u00e3o estatut\u00e1ria ou regimental, no prazo de quinze (15) dias.<\/h4>\n","protected":false},"excerpt":{"rendered":"<p>Estatuto da Universidade Estadual de Ponta Grossa CONSELHO DE ADMINISTRA\u00c7\u00c3O &nbsp; Art. 15 &#8211; Compete ao Conselho de Administra\u00e7\u00e3o I &#8211; exercer a orienta\u00e7\u00e3o administrativa da Universidade; II &#8211; aprovar os conv\u00eanios firmados entre a Universidade e outras institui\u00e7\u00f5es; III &#8211; deliberar sobre proposi\u00e7\u00f5es, aprovada pelo Conselho de Ensino, Pesquisa e Extens\u00e3o, para cria\u00e7\u00e3o, modifica\u00e7\u00e3o,&nbsp;&hellip;<\/p>\n","protected":false},"author":378,"featured_media":0,"parent":0,"menu_order":0,"comment_status":"closed","ping_status":"closed","template":"","meta":[],"_links":{"self":[{"href":"https:\/\/www2.uepg.br\/segecon\/wp-json\/wp\/v2\/pages\/172"}],"collection":[{"href":"https:\/\/www2.uepg.br\/segecon\/wp-json\/wp\/v2\/pages"}],"about":[{"href":"https:\/\/www2.uepg.br\/segecon\/wp-json\/wp\/v2\/types\/page"}],"author":[{"embeddable":true,"href":"https:\/\/www2.uepg.br\/segecon\/wp-json\/wp\/v2\/users\/378"}],"replies":[{"embeddable":true,"href":"https:\/\/www2.uepg.br\/segecon\/wp-json\/wp\/v2\/comments?post=172"}],"version-history":[{"count":11,"href":"https:\/\/www2.uepg.br\/segecon\/wp-json\/wp\/v2\/pages\/172\/revisions"}],"predecessor-version":[{"id":666,"href":"https:\/\/www2.uepg.br\/segecon\/wp-json\/wp\/v2\/pages\/172\/revisions\/666"}],"wp:attachment":[{"href":"https:\/\/www2.uepg.br\/segecon\/wp-json\/wp\/v2\/media?parent=172"}],"curies":[{"name":"wp","href":"https:\/\/api.w.org\/{rel}","templated":true}]}}