{"id":178,"date":"2022-05-18T08:53:29","date_gmt":"2022-05-18T11:53:29","guid":{"rendered":"https:\/\/www2.uepg.br\/segecon\/?page_id=178"},"modified":"2026-04-08T09:45:07","modified_gmt":"2026-04-08T12:45:07","slug":"composicao-cepe","status":"publish","type":"page","link":"https:\/\/www2.uepg.br\/segecon\/composicao-cepe\/","title":{"rendered":"Composi\u00e7\u00e3o CEPE"},"content":{"rendered":"<h4 class=\"style11\" align=\"center\">COMPOSI\u00c7\u00c3O<\/h4>\n<blockquote>\n<h5 align=\"center\">Reitor\/Presidente:<em>\u00a0Miguel Sanches Neto<\/em><\/h5>\n<h5 align=\"center\">Vice-Reitor\/Vice-Presidente:\u00a0<em>Ivo Mottin Demiate<\/em><\/h5>\n<h5 align=\"center\">Chefe Secretaria Executiva:\u00a0<em>Ilse Renate Lauer Sanson<\/em><\/h5>\n<p>&nbsp;<\/p><\/blockquote>\n<h4 align=\"center\">SETOR DE CI\u00caNCIAS BIOL\u00d3GICAS E DA SA\u00daDE &#8211; SEBISA<\/h4>\n<p style=\"text-align: center\">Bruno Pedroso &#8211; <em>Titular<\/em><\/p>\n<p style=\"text-align: center\">Cristina Berger Fadel &#8211; <em>Suplente<\/em><\/p>\n<p style=\"text-align: center\">J\u00falio C\u00e9sar Min\u00e9 &#8211; <em>Titular<\/em><\/p>\n<p style=\"text-align: center\">Iriane Eger &#8211; Suplente<\/p>\n<p>&nbsp;<\/p>\n<h4 align=\"center\">SETOR DE CI\u00caNCIAS HUMANAS, LETRAS E ARTES &#8211; SECIHLA<\/h4>\n<p style=\"text-align: center\">Paulo Rog\u00e9rio de Almeida &#8211; <em>Titular<\/em><\/p>\n<p style=\"text-align: center\">\u00c9rico Ribas Machado<em> &#8211; Suplente<\/em><\/p>\n<p style=\"text-align: center\">Patricia Lucia Vosgrau de Freitas &#8211; <em>Titular<\/em><\/p>\n<p style=\"text-align: center\">Adriana Rodrigues Suarez &#8211; <em>Suplente<\/em><\/p>\n<p>&nbsp;<\/p>\n<h4 align=\"center\">SETOR DE ENGENHARIAS, CI\u00caNCIAS AGR\u00c1RIAS E DE TECNOLOGIA &#8211; SECATE<\/h4>\n<p style=\"text-align: center\">Marina Tolentino Marinho &#8211; <em>Titular<\/em><\/p>\n<p style=\"text-align: center\">Adriana Scoton Antonio Chinelatto &#8211; <em>Suplente<\/em><\/p>\n<p style=\"text-align: center\">Eliane Dalva Godoy &#8211; <em>Titular<\/em><\/p>\n<p style=\"text-align: center\">Mauricio Zadra Pacheco &#8211; <em>Suplente<\/em><\/p>\n<p>&nbsp;<\/p>\n<h4 align=\"center\">SETOR DE CI\u00caNCAS EXATAS E NATURAIS &#8211; SEXATAS<\/h4>\n<p style=\"text-align: center\">Airton Kist &#8211; <em>Titular<\/em><\/p>\n<p style=\"text-align: center\">Deyse M\u00e1rcia Pacheco Gebert &#8211; <em>Suplente<\/em><\/p>\n<p style=\"text-align: center\">\u00a0&#8211; <em>Titular<\/em><\/p>\n<p style=\"text-align: center\">\u00a0&#8211; <em>Suplente<\/em><\/p>\n<p>&nbsp;<\/p>\n<h4 style=\"text-align: center\" align=\"center\">SETOR DE CI\u00caNCAS JUR\u00cdDICAS &#8211; SECIJUR<\/h4>\n<p style=\"text-align: center\">Elisabeth M\u00f4nica Hasse Becker Neiverth &#8211; <em>Titular<\/em><\/p>\n<p style=\"text-align: center\">Volney Campos dos Santos &#8211; <em>Suplente<\/em><\/p>\n<p style=\"text-align: center\">Luana Marcia de Oliveira Billerbeck &#8211; <em>Titular<\/em><\/p>\n<p style=\"text-align: center\">Dirc\u00e9ia Moreira &#8211; <em>Suplente<\/em><\/p>\n<p>&nbsp;<\/p>\n<h4 style=\"text-align: center\" align=\"center\">SETOR DE CI\u00caNCAS SOCIAS APLICADAS &#8211; SECISA<\/h4>\n<p style=\"text-align: center\">Silas Guimar\u00e3es Moro &#8211; <em>Titular<\/em><\/p>\n<p style=\"text-align: center\">Sandro Rog\u00e9rio Camargo<em>\u00a0&#8211; Suplente<\/em><\/p>\n<p style=\"text-align: center\">Cleide Lavoratti &#8211; <em>Titular<\/em><\/p>\n<p style=\"text-align: center\">\u00a0 Karina Janz Woitowicz &#8211; <em>Suplente<\/em><\/p>\n<p>&nbsp;<\/p>\n<h4 style=\"text-align: center\" align=\"center\">REPRESENTANTE DISCENTE<\/h4>\n<p style=\"text-align: center\">&#8211;<\/p>\n<p>&nbsp;<\/p>\n<p>&nbsp;<\/p>\n<blockquote>\n<div align=\"center\"><\/div>\n<div style=\"text-align: left\" align=\"center\">*Atualizado em 08\/04\/2026<\/div>\n<\/blockquote>\n","protected":false},"excerpt":{"rendered":"<p>COMPOSI\u00c7\u00c3O Reitor\/Presidente:\u00a0Miguel Sanches Neto Vice-Reitor\/Vice-Presidente:\u00a0Ivo Mottin Demiate Chefe Secretaria Executiva:\u00a0Ilse Renate Lauer Sanson &nbsp; SETOR DE CI\u00caNCIAS BIOL\u00d3GICAS E DA SA\u00daDE &#8211; SEBISA Bruno Pedroso &#8211; Titular Cristina Berger Fadel &#8211; Suplente J\u00falio C\u00e9sar Min\u00e9 &#8211; Titular Iriane Eger &#8211; Suplente &nbsp; SETOR DE CI\u00caNCIAS HUMANAS, LETRAS E ARTES &#8211; SECIHLA Paulo Rog\u00e9rio de Almeida&nbsp;&hellip;<\/p>\n","protected":false},"author":378,"featured_media":0,"parent":0,"menu_order":0,"comment_status":"closed","ping_status":"closed","template":"","meta":[],"_links":{"self":[{"href":"https:\/\/www2.uepg.br\/segecon\/wp-json\/wp\/v2\/pages\/178"}],"collection":[{"href":"https:\/\/www2.uepg.br\/segecon\/wp-json\/wp\/v2\/pages"}],"about":[{"href":"https:\/\/www2.uepg.br\/segecon\/wp-json\/wp\/v2\/types\/page"}],"author":[{"embeddable":true,"href":"https:\/\/www2.uepg.br\/segecon\/wp-json\/wp\/v2\/users\/378"}],"replies":[{"embeddable":true,"href":"https:\/\/www2.uepg.br\/segecon\/wp-json\/wp\/v2\/comments?post=178"}],"version-history":[{"count":32,"href":"https:\/\/www2.uepg.br\/segecon\/wp-json\/wp\/v2\/pages\/178\/revisions"}],"predecessor-version":[{"id":2374,"href":"https:\/\/www2.uepg.br\/segecon\/wp-json\/wp\/v2\/pages\/178\/revisions\/2374"}],"wp:attachment":[{"href":"https:\/\/www2.uepg.br\/segecon\/wp-json\/wp\/v2\/media?parent=178"}],"curies":[{"name":"wp","href":"https:\/\/api.w.org\/{rel}","templated":true}]}}