{"id":456,"date":"2022-05-19T12:14:02","date_gmt":"2022-05-19T15:14:02","guid":{"rendered":"https:\/\/www2.uepg.br\/segecon\/?page_id=456"},"modified":"2025-04-03T11:57:43","modified_gmt":"2025-04-03T14:57:43","slug":"composicao-camaras","status":"publish","type":"page","link":"https:\/\/www2.uepg.br\/segecon\/composicao-camaras\/","title":{"rendered":"Composi\u00e7\u00e3o C\u00e2maras"},"content":{"rendered":"<p>O CEPE, previsto no Estatuto do Regimento da Universidade Estadual de Ponta Grossa, \u00f3rg\u00e3o consultivo e deliberativo em mat\u00e9ria concernente ao ensino, pesquisa e extens\u00e3o, tem a sua seguinte constitui\u00e7\u00e3o:<\/p>\n<p>I &#8211; Reitor;<\/p>\n<p>II &#8211; Vice-Reitor<\/p>\n<p>III &#8211; Dois (02) representantes do Corpo Docente de cada Setor de Conhecimento, escolhidos por sus pares, em processo eletivo realizado no \u00e2mbito do setor respectivo, nomeados pelo Reitor, com mandato de dois (2) anos, permitida uma recondu\u00e7\u00e3o;<\/p>\n<p>IV &#8211; dois (02) representantes do Corpo Discente dos Cursos de Gradua\u00e7\u00e3o, regularmente matriculados nesta Universidade, escolhido por seus pares em processo eletivo, atrav\u00e9s\u00a0 do voto direto, nomeados pelo Reitor, para o mandato de dois (2) anos;<\/p>\n<p>V &#8211; um (01) representante do Corpo Discente dos Programas de P\u00f3s-Gradua\u00e7\u00e3o <em>Stricto sensu<\/em>, escolhido em processo eletivo, atrav\u00e9s\u00a0 do voto direto, nomeados pelo Reitor, para o mandato de um (1) ano, para compor a C\u00e2mara de Pesquisa e P\u00f3s-Gradua\u00e7\u00e3o;<\/p>\n<p>\u00a71\u00ba A representa\u00e7\u00e3o de que trata o inciso III deste artigo ser\u00e1 renovada anualmente, em 50% (cinquenta por cento) de sua composi\u00e7\u00e3o abrangendo, em cada Setor, um titular e seu respectivo suplente.<\/p>\n<p>\u00a72\u00ba Em caso de vac\u00e2ncia na representa\u00e7\u00e3o por falta de titular e suplente, ser\u00e1 realizada elei\u00e7\u00e3o para escolha de representante no Setor, que completar\u00e1 o mandato.<\/p>\n<p>&nbsp;<\/p>\n<p>O CEPE, conforme Regimento Interno est\u00e1 subdivido em C\u00e2maras, as quais analisam assuntos de Ensino, de Extens\u00e3o, de Pesquisa e P\u00f3s-Gradua\u00e7\u00e3o respectivamente, atrav\u00e9s de legisla\u00e7\u00f5es internas e externas, bem como delibera\u00e7\u00f5es sobre curr\u00edculos e programas.<\/p>\n<p>H\u00e1 ainda a C\u00e2mara de Assuntos Extraordin\u00e1rios respons\u00e1vel pela an\u00e1lise de casos at\u00edpicos \u00e0s outras tr\u00eas C\u00e2maras, embora possuam liga\u00e7\u00e3o de trato educacional.<\/p>\n<p>Essas C\u00e2maras s\u00e3o constitu\u00eddas\u00a0 por um m\u00e1ximo de 07 (sete) Conselheiros, sendo qu\u00f3rum m\u00ednimo para delibera\u00e7\u00e3o 04 (quatro) Conselheiros.<\/p>\n<p>As propostas a serem apreciadas pelo Conselho de Ensino, Pesquisa e Extens\u00e3o ser\u00e3o inicialmente distribu\u00eddas \u00e0s C\u00e2maras de acordo com o objeto de aprecia\u00e7\u00e3o de cada C\u00e2mara.<\/p>\n<p>O CEPE atualmente \u00e9 composto pelos seguintes Conselheiros:<\/p>\n<p>&nbsp;<\/p>\n<p style=\"text-align: center\"><strong>C\u00c2MARA DE ASSUNTOS EXTRAORDIN\u00c1RIOS<\/strong><\/p>\n<p style=\"text-align: center\"><em>Presidente<\/em>: Silas Guimar\u00e3es Moro<\/p>\n<p style=\"text-align: center\">Membros: Alexandre Camilo J\u00fanior<\/p>\n<p style=\"text-align: center\">Bruno Pedroso<\/p>\n<p style=\"text-align: center\">Marina Tolentino Marinho<\/p>\n<p style=\"text-align: center\">Ren\u00ea Francisco Hellman<\/p>\n<p style=\"text-align: center\">Simone de F\u00e1tima Flach<\/p>\n<p>&nbsp;<\/p>\n<p style=\"text-align: center\"><strong>C\u00c2MARA DE EXTENS\u00c3O<\/strong><\/p>\n<p style=\"text-align: center\"><em>Presidente<\/em>: Gerusa Clazer Halila Possagno<\/p>\n<p style=\"text-align: center\">Adriana de Souza Martins<\/p>\n<p style=\"text-align: center\">Airton Kist<\/p>\n<p style=\"text-align: center\">Cleise Maria de Almeida Tupich Hilgemberg<\/p>\n<p style=\"text-align: center\">Elisabeth M\u00f4nica Hasse Becker Neiverth<\/p>\n<p style=\"text-align: center\">Paulo Rog\u00e9rio de Almeida<\/p>\n<p>&nbsp;<\/p>\n<p style=\"text-align: center\"><strong>C\u00c2MARA DE GRADUA\u00c7\u00c3O<\/strong><\/p>\n<p style=\"text-align: center\"><em>Presidente<\/em>: Alexandre Camilo J\u00fanior<\/p>\n<p style=\"text-align: center\">Bruno Pedroso<\/p>\n<p style=\"text-align: center\">Marina Tolentino Marinho<\/p>\n<p style=\"text-align: center\">Ren\u00ea Francisco Hellman<\/p>\n<p style=\"text-align: center\">Silas Guimar\u00e3es Moro<\/p>\n<p style=\"text-align: center\">Simone de F\u00e1tima Flach<\/p>\n<p>&nbsp;<\/p>\n<p style=\"text-align: center\"><strong>C\u00c2MARA DE PESQUISA E P\u00d3S-GRADUA\u00c7\u00c3O<\/strong><\/p>\n<p style=\"text-align: center\"><em>Presidente<\/em>: Airton Kist<\/p>\n<p style=\"text-align: center\">Adriana de Souza Martins<\/p>\n<p style=\"text-align: center\">Cleise Maria de Almeida Tupich Hilgemberg<\/p>\n<p style=\"text-align: center\">Elisabeth M\u00f4nica Hasse Becker Neiverth<\/p>\n<p style=\"text-align: center\">Gerusa Clazer Halila Possagno<\/p>\n<p style=\"text-align: center\">Paulo Rog\u00e9rio de Almeida<\/p>\n<p>&nbsp;<\/p>\n","protected":false},"excerpt":{"rendered":"<p>O CEPE, previsto no Estatuto do Regimento da Universidade Estadual de Ponta Grossa, \u00f3rg\u00e3o consultivo e deliberativo em mat\u00e9ria concernente ao ensino, pesquisa e extens\u00e3o, tem a sua seguinte constitui\u00e7\u00e3o: I &#8211; Reitor; II &#8211; Vice-Reitor III &#8211; Dois (02) representantes do Corpo Docente de cada Setor de Conhecimento, escolhidos por sus pares, em processo&nbsp;&hellip;<\/p>\n","protected":false},"author":378,"featured_media":0,"parent":0,"menu_order":0,"comment_status":"closed","ping_status":"closed","template":"","meta":[],"_links":{"self":[{"href":"https:\/\/www2.uepg.br\/segecon\/wp-json\/wp\/v2\/pages\/456"}],"collection":[{"href":"https:\/\/www2.uepg.br\/segecon\/wp-json\/wp\/v2\/pages"}],"about":[{"href":"https:\/\/www2.uepg.br\/segecon\/wp-json\/wp\/v2\/types\/page"}],"author":[{"embeddable":true,"href":"https:\/\/www2.uepg.br\/segecon\/wp-json\/wp\/v2\/users\/378"}],"replies":[{"embeddable":true,"href":"https:\/\/www2.uepg.br\/segecon\/wp-json\/wp\/v2\/comments?post=456"}],"version-history":[{"count":28,"href":"https:\/\/www2.uepg.br\/segecon\/wp-json\/wp\/v2\/pages\/456\/revisions"}],"predecessor-version":[{"id":2141,"href":"https:\/\/www2.uepg.br\/segecon\/wp-json\/wp\/v2\/pages\/456\/revisions\/2141"}],"wp:attachment":[{"href":"https:\/\/www2.uepg.br\/segecon\/wp-json\/wp\/v2\/media?parent=456"}],"curies":[{"name":"wp","href":"https:\/\/api.w.org\/{rel}","templated":true}]}}