{"id":130,"date":"2025-08-07T10:10:39","date_gmt":"2025-08-07T13:10:39","guid":{"rendered":"https:\/\/www2.uepg.br\/semana-do-lixo\/?page_id=130"},"modified":"2025-08-13T11:58:38","modified_gmt":"2025-08-13T14:58:38","slug":"sobre","status":"publish","type":"page","link":"https:\/\/www2.uepg.br\/semana-do-lixo\/sobre\/","title":{"rendered":"FEIRA DE CI\u00caNCIAS"},"content":{"rendered":"<p class=\"ds-markdown-paragraph\">A\u00a0<strong>Feira de Ci\u00eancias<\/strong>\u00a0\u00e9 o encerramento da\u00a0<strong>I Semana do &#8220;Lixo&#8221;<\/strong>, ocorrendo no dia\u00a0<strong>12\/09\/2025<\/strong>, em dois turnos:<\/p>\n<ul>\n<li>\n<p class=\"ds-markdown-paragraph\"><strong>Manh\u00e3:<\/strong>\u00a09h \u00e0s 11h30<\/p>\n<\/li>\n<li>\n<p class=\"ds-markdown-paragraph\"><strong>Tarde:<\/strong>\u00a014h \u00e0s 16h30<\/p>\n<\/li>\n<\/ul>\n<p><strong>Local:<\/strong> Centro de Conviv\u00eancia &#8211; Campus Uvaranas (UEPG).<\/p>\n<p class=\"ds-markdown-paragraph\"><strong>P\u00fablico-alvo:<\/strong>\u00a0Comunidade interna e externa da UEPG (estudantes, professores e p\u00fablico geral).<\/p>\n<p class=\"ds-markdown-paragraph\">Neste espa\u00e7o din\u00e2mico, ser\u00e3o apresentados experimentos, prot\u00f3tipos e projetos inovadores sobre gest\u00e3o de res\u00edduos, alinhados aos\u00a0<strong>5Rs da sustentabilidade<\/strong>\u00a0(Recusar, Repensar, Reduzir, Reutilizar e Reciclar). Entre as atra\u00e7\u00f5es, destacam-se:<\/p>\n<ul>\n<li>\n<p class=\"ds-markdown-paragraph\">Demonstra\u00e7\u00f5es de\u00a0<strong>compostagem dom\u00e9stica<\/strong>\u00a0e t\u00e9cnicas de reciclagem.<\/p>\n<\/li>\n<li>\n<p class=\"ds-markdown-paragraph\">Jogos educativos sobre\u00a0<strong>separa\u00e7\u00e3o de lixo<\/strong>\u00a0e impacto ambiental.<\/p>\n<\/li>\n<li>\n<p class=\"ds-markdown-paragraph\">Maquetes de\u00a0<strong>cidades sustent\u00e1veis<\/strong>\u00a0e solu\u00e7\u00f5es para redu\u00e7\u00e3o de res\u00edduos.<\/p>\n<\/li>\n<li>V\u00eddeos de conscientiza\u00e7\u00e3o, sendo eles:<\/li>\n<\/ul>\n<p style=\"padding-left: 40px\">&#8211; Do Bueiro ao Mar<br \/>\nO curta mostra o caminho que a \u00e1gua faz, do bueiro at\u00e9 o mar, mostrando as diferen\u00e7as entre os sistemas de drenagem urbana e de coleta de esgoto, al\u00e9m de sensibilizar o espectador acerca da import\u00e2ncia do saneamento e gest\u00e3o dos res\u00edduos para a qualidade ambiental de nossos rios, mares e oceanos.<br \/>\nDura\u00e7\u00e3o: 00:09:41<\/p>\n<p style=\"padding-left: 40px\">&#8211; Escassez da \u00c1gua<br \/>\nO curta traz informa\u00e7\u00f5es sobre a distribui\u00e7\u00e3o de \u00e1gua no Brasil, abordando temas sobre seguran\u00e7a h\u00eddrica e escassez de \u00e1gua. Traz \u00e0 tona ainda a discuss\u00e3o sobre o racismo ambiental, uma vez que as popula\u00e7\u00f5es n\u00e3o brancas e com menor recurso financeiro est\u00e3o mais suscet\u00edveis a sofrer com desastres ambientais, doen\u00e7as infectocontagiosas e escassez de \u00e1gua.<br \/>\nDura\u00e7\u00e3o: 00:05:14<\/p>\n<p class=\"ds-markdown-paragraph\">A Feira de Ci\u00eancias refor\u00e7a o compromisso da UEPG com a\u00a0<strong>populariza\u00e7\u00e3o da ci\u00eancia<\/strong>\u00a0e a constru\u00e7\u00e3o de um futuro mais sustent\u00e1vel, integrando teoria e pr\u00e1tica de forma acess\u00edvel e interativa.<\/p>\n","protected":false},"excerpt":{"rendered":"<p>A\u00a0Feira de Ci\u00eancias\u00a0\u00e9 o encerramento da\u00a0I Semana do &#8220;Lixo&#8221;, ocorrendo no dia\u00a012\/09\/2025, em dois turnos: Manh\u00e3:\u00a09h \u00e0s 11h30 Tarde:\u00a014h \u00e0s 16h30 Local: Centro de Conviv\u00eancia &#8211; Campus Uvaranas (UEPG). P\u00fablico-alvo:\u00a0Comunidade interna e externa da UEPG (estudantes, professores e p\u00fablico geral). Neste espa\u00e7o din\u00e2mico, ser\u00e3o apresentados experimentos, prot\u00f3tipos e projetos inovadores sobre gest\u00e3o de res\u00edduos, alinhados&nbsp;&hellip;<\/p>\n","protected":false},"author":378,"featured_media":220,"parent":0,"menu_order":4,"comment_status":"closed","ping_status":"closed","template":"","meta":[],"_links":{"self":[{"href":"https:\/\/www2.uepg.br\/semana-do-lixo\/wp-json\/wp\/v2\/pages\/130"}],"collection":[{"href":"https:\/\/www2.uepg.br\/semana-do-lixo\/wp-json\/wp\/v2\/pages"}],"about":[{"href":"https:\/\/www2.uepg.br\/semana-do-lixo\/wp-json\/wp\/v2\/types\/page"}],"author":[{"embeddable":true,"href":"https:\/\/www2.uepg.br\/semana-do-lixo\/wp-json\/wp\/v2\/users\/378"}],"replies":[{"embeddable":true,"href":"https:\/\/www2.uepg.br\/semana-do-lixo\/wp-json\/wp\/v2\/comments?post=130"}],"version-history":[{"count":8,"href":"https:\/\/www2.uepg.br\/semana-do-lixo\/wp-json\/wp\/v2\/pages\/130\/revisions"}],"predecessor-version":[{"id":267,"href":"https:\/\/www2.uepg.br\/semana-do-lixo\/wp-json\/wp\/v2\/pages\/130\/revisions\/267"}],"wp:featuredmedia":[{"embeddable":true,"href":"https:\/\/www2.uepg.br\/semana-do-lixo\/wp-json\/wp\/v2\/media\/220"}],"wp:attachment":[{"href":"https:\/\/www2.uepg.br\/semana-do-lixo\/wp-json\/wp\/v2\/media?parent=130"}],"curies":[{"name":"wp","href":"https:\/\/api.w.org\/{rel}","templated":true}]}}