{"id":131,"date":"2025-08-07T10:10:39","date_gmt":"2025-08-07T13:10:39","guid":{"rendered":"https:\/\/www2.uepg.br\/semana-do-lixo\/?page_id=131"},"modified":"2025-08-13T11:49:30","modified_gmt":"2025-08-13T14:49:30","slug":"cronograma","status":"publish","type":"page","link":"https:\/\/www2.uepg.br\/semana-do-lixo\/cronograma\/","title":{"rendered":"CRONOGRAMA"},"content":{"rendered":"<p>A seguir o cronograma das Atividades.<\/p>\n<p>Para participar das Visitas e Oficinas \u00e9 necess\u00e1ria a inscri\u00e7\u00e3o, nas demais atividades ter\u00e1 leitura de QR Code para registrar presen\u00e7a.<\/p>\n<p>&nbsp;<\/p>\n<table style=\"border-collapse: collapse\">\n<tbody>\n<tr>\n<th style=\"border: 1px solid black;text-align: center\">Dia\\Atividade<\/th>\n<th style=\"border: 1px solid black;text-align: center\">Visitas<\/th>\n<th style=\"border: 1px solid black;text-align: center\">Palestras<\/th>\n<th style=\"border: 1px solid black;text-align: center\">Oficinas<\/th>\n<th style=\"border: 1px solid black;text-align: center\">Mesa Redonda<\/th>\n<th style=\"border: 1px solid black;text-align: center\">Feira de Ci\u00eancias<\/th>\n<\/tr>\n<tr>\n<td style=\"border: 1px solid black;text-align: center\"><em>08\/09\/2025<\/em><\/td>\n<td style=\"border: 1px solid black\">\n<p style=\"text-align: center\">13:30<\/p>\n<p style=\"text-align: center\">Zero Res\u00edduos<\/p>\n<\/td>\n<td style=\"border: 1px solid black\">\n<p style=\"text-align: center\">19:00<\/p>\n<p style=\"text-align: center\">&#8220;Do descarte \u00e0 reutiliza\u00e7\u00e3o: os 5Rs como ferramentas de mudan\u00e7a\u00a0no mundo dos pl\u00e1sticos&#8221;<\/p>\n<p><strong>Local:<\/strong> Audit\u00f3rio do Centro Integrar- Campus Uvaranas (UEPG)<\/td>\n<td style=\"border: 1px solid black\"><\/td>\n<td style=\"border: 1px solid black\"><\/td>\n<td style=\"border: 1px solid black\"><\/td>\n<\/tr>\n<tr>\n<td style=\"border: 1px solid black;text-align: center\"><em>09\/09\/2025<\/em><\/td>\n<td style=\"border: 1px solid black\"><\/td>\n<td style=\"border: 1px solid black\"><\/td>\n<td style=\"border: 1px solid black\"><\/td>\n<td style=\"border: 1px solid black\">\n<p style=\"text-align: center\">14:00<\/p>\n<p style=\"text-align: center\">&#8220;Os 5R da sustentabilidade: repensando\u00a0 o consumo\u00a0e o futuro do planeta\u201d<\/p>\n<p><strong>Local:<\/strong>\u00a0Audit\u00f3rio do Centro Integrar- Campus Uvaranas (UEPG)<\/td>\n<td style=\"border: 1px solid black\"><\/td>\n<\/tr>\n<tr>\n<td style=\"border: 1px solid black;text-align: center\"><em>10\/09\/2025<\/em><\/td>\n<td style=\"border: 1px solid black\">\n<p style=\"text-align: center\">13:00<\/p>\n<p>ACAMARO e Hungaro<\/td>\n<td style=\"border: 1px solid black\">\n<p style=\"text-align: center\">19:00<\/p>\n<p style=\"text-align: center\">&#8220;Educa\u00e7\u00e3o para Sustentabilidade e Ensino de Ci\u00eancias&#8221;<\/p>\n<p><strong>Local:<\/strong> Audit\u00f3rio do Centro Integrar &#8211; Campus Uvaranas (UEPG)<\/td>\n<td style=\"border: 1px solid black\"><\/td>\n<td style=\"border: 1px solid black\"><\/td>\n<td style=\"border: 1px solid black\"><\/td>\n<\/tr>\n<tr>\n<td style=\"border: 1px solid black;text-align: center\"><em>11\/09\/2025<\/em><\/td>\n<td style=\"border: 1px solid black\"><\/td>\n<td style=\"border: 1px solid black\"><\/td>\n<td style=\"border: 1px solid black\">09:00 \u2013 Oficina 1<br \/>\n<strong>Local:<\/strong> Bloco L128 &#8211; Campus Uvaranas (UEPG)<\/p>\n<p>14:00 \u2013 Oficina 2<br \/>\n<strong>Local: <\/strong>CSA60 &#8211; \u00a0Campus Uvaranas (UEPG)<\/p>\n<p>14:00 \u2013 Oficina 3<br \/>\n<strong>Local: <\/strong>Hall Tecnol\u00f3gico &#8211; Campus Uvaranas (UEPG)<\/p>\n<p>14:00 \u2013 Oficina 4<br \/>\n<strong>Local: <\/strong>CSA58\u00a0 &#8211; \u00a0Campus Uvaranas (UEPG)<\/p>\n<p>14:00 \u2013 Oficina 5<br \/>\n<strong>Local:<\/strong> CSA36 &#8211; Campus Uvaranas (UEPG)<\/p>\n<p>16:00 \u2013 Oficina 6<br \/>\n<strong>Local:<\/strong> Bloco L128 &#8211; Campus Uvaranas (UEPG)<\/td>\n<td style=\"border: 1px solid black\"><\/td>\n<td style=\"border: 1px solid black\"><\/td>\n<\/tr>\n<tr>\n<td style=\"border: 1px solid black;text-align: center\"><em>12\/09\/2025<\/em><\/td>\n<td style=\"border: 1px solid black\"><\/td>\n<td style=\"border: 1px solid black\"><\/td>\n<td style=\"border: 1px solid black\"><\/td>\n<td style=\"border: 1px solid black\"><\/td>\n<td style=\"border: 1px solid black\">09:00 \u2013 11:30 e\u00a014:00 \u2013 16:30<\/p>\n<p><strong>Local:<\/strong> Centro de Conviv\u00eancia &#8211; Campus Uvaranas (UEPG)<\/td>\n<\/tr>\n<\/tbody>\n<\/table>\n","protected":false},"excerpt":{"rendered":"<p>A seguir o cronograma das Atividades. Para participar das Visitas e Oficinas \u00e9 necess\u00e1ria a inscri\u00e7\u00e3o, nas demais atividades ter\u00e1 leitura de QR Code para registrar presen\u00e7a. &nbsp; Dia\\Atividade Visitas Palestras Oficinas Mesa Redonda Feira de Ci\u00eancias 08\/09\/2025 13:30 Zero Res\u00edduos 19:00 &#8220;Do descarte \u00e0 reutiliza\u00e7\u00e3o: os 5Rs como ferramentas de mudan\u00e7a\u00a0no mundo dos pl\u00e1sticos&#8221;&nbsp;&hellip;<\/p>\n","protected":false},"author":378,"featured_media":160,"parent":0,"menu_order":3,"comment_status":"closed","ping_status":"closed","template":"","meta":[],"_links":{"self":[{"href":"https:\/\/www2.uepg.br\/semana-do-lixo\/wp-json\/wp\/v2\/pages\/131"}],"collection":[{"href":"https:\/\/www2.uepg.br\/semana-do-lixo\/wp-json\/wp\/v2\/pages"}],"about":[{"href":"https:\/\/www2.uepg.br\/semana-do-lixo\/wp-json\/wp\/v2\/types\/page"}],"author":[{"embeddable":true,"href":"https:\/\/www2.uepg.br\/semana-do-lixo\/wp-json\/wp\/v2\/users\/378"}],"replies":[{"embeddable":true,"href":"https:\/\/www2.uepg.br\/semana-do-lixo\/wp-json\/wp\/v2\/comments?post=131"}],"version-history":[{"count":53,"href":"https:\/\/www2.uepg.br\/semana-do-lixo\/wp-json\/wp\/v2\/pages\/131\/revisions"}],"predecessor-version":[{"id":266,"href":"https:\/\/www2.uepg.br\/semana-do-lixo\/wp-json\/wp\/v2\/pages\/131\/revisions\/266"}],"wp:featuredmedia":[{"embeddable":true,"href":"https:\/\/www2.uepg.br\/semana-do-lixo\/wp-json\/wp\/v2\/media\/160"}],"wp:attachment":[{"href":"https:\/\/www2.uepg.br\/semana-do-lixo\/wp-json\/wp\/v2\/media?parent=131"}],"curies":[{"name":"wp","href":"https:\/\/api.w.org\/{rel}","templated":true}]}}