{"id":133,"date":"2025-08-07T10:10:39","date_gmt":"2025-08-07T13:10:39","guid":{"rendered":"https:\/\/www2.uepg.br\/semana-do-lixo\/?page_id=133"},"modified":"2025-08-13T11:19:39","modified_gmt":"2025-08-13T14:19:39","slug":"visitas","status":"publish","type":"page","link":"https:\/\/www2.uepg.br\/semana-do-lixo\/visitas\/","title":{"rendered":"VISITAS"},"content":{"rendered":"<p>VISITAS T\u00c9CNICAS: CONHECENDO SOLU\u00c7\u00d5ES SUSTENT\u00c1VEIS PARA O LIXO<\/p>\n<p>Como parte da programa\u00e7\u00e3o da <strong>I Semana do &#8220;Lixo&#8221;<\/strong>, ser\u00e3o realizadas visitas t\u00e9cnicas a locais que exemplificam pr\u00e1ticas inovadoras no manejo de res\u00edduos e gera\u00e7\u00e3o de energia sustent\u00e1vel. Essas atividades visam proporcionar aos participantes uma experi\u00eancia pr\u00e1tica, conectando teoria e realidade no combate aos desafios ambientais.<\/p>\n<p><em>1. Visita \u00e0 Zero Res\u00edduos<\/em><br \/>\nData: 08\/09\/2025 | Hor\u00e1rio: 13h30 | P\u00fablico: Comunidade interna da UEPG<\/p>\n<p>Os participantes ter\u00e3o a oportunidade de conhecer:<br \/>\n&#8211; Tecnologias de tratamento de res\u00edduos que minimizam o impacto ambiental.<br \/>\n&#8211; Processos de gera\u00e7\u00e3o de energia limpa a partir de biog\u00e1s, demonstrando como res\u00edduos org\u00e2nicos podem ser transformados em recursos energ\u00e9ticos.<\/p>\n<p><em>2. Visita \u00e0 ACAMARO e Hungaro<\/em><br \/>\nData: 10\/09\/2025 | Hor\u00e1rio: 13h | P\u00fablico: Comunidade interna da UEPG<\/p>\n<p>Nesta visita, ser\u00e3o explorados:<br \/>\n&#8211; Modelos de cooperativas de reciclagem, destacando a import\u00e2ncia da economia circular e da inclus\u00e3o social de catadores.<br \/>\n&#8211; Sistemas de log\u00edstica reversa e reaproveitamento de materiais, com foco em reduzir o volume de res\u00edduos destinados a aterros.<\/p>\n<p>Objetivos das Visitas<br \/>\n&#8211; Ampliar o conhecimento t\u00e9cnico sobre gest\u00e3o de res\u00edduos e energias renov\u00e1veis.<br \/>\n&#8211; Inspirar a\u00e7\u00f5es locais a partir de exemplos reais de sustentabilidade.<br \/>\n&#8211; Promover a integra\u00e7\u00e3o entre universidade, setor produtivo e iniciativas comunit\u00e1rias.<\/p>\n<p>Essas visitas refor\u00e7am o compromisso da UEPG com os Objetivos de Desenvolvimento Sustent\u00e1vel (ODS), especialmente ODS 7 (Energia Limpa), ODS 11 (Cidades Sustent\u00e1veis) e ODS 12 (Consumo Respons\u00e1vel).<\/p>\n<p>Participe e veja na pr\u00e1tica como o &#8220;lixo&#8221; pode se tornar solu\u00e7\u00e3o!<\/p>\n<p>#VisitasT\u00e9cnicas #Sustentabilidade #UEPG<\/p>\n<h1 style=\"text-align: center\"><a href=\"https:\/\/forms.gle\/FdSJm5UMVCm9E2PS9\">INSCRI\u00c7\u00d5ES<\/a><\/h1>\n","protected":false},"excerpt":{"rendered":"<p>VISITAS T\u00c9CNICAS: CONHECENDO SOLU\u00c7\u00d5ES SUSTENT\u00c1VEIS PARA O LIXO Como parte da programa\u00e7\u00e3o da I Semana do &#8220;Lixo&#8221;, ser\u00e3o realizadas visitas t\u00e9cnicas a locais que exemplificam pr\u00e1ticas inovadoras no manejo de res\u00edduos e gera\u00e7\u00e3o de energia sustent\u00e1vel. Essas atividades visam proporcionar aos participantes uma experi\u00eancia pr\u00e1tica, conectando teoria e realidade no combate aos desafios ambientais. 1.&nbsp;&hellip;<\/p>\n","protected":false},"author":378,"featured_media":164,"parent":0,"menu_order":2,"comment_status":"closed","ping_status":"closed","template":"","meta":[],"_links":{"self":[{"href":"https:\/\/www2.uepg.br\/semana-do-lixo\/wp-json\/wp\/v2\/pages\/133"}],"collection":[{"href":"https:\/\/www2.uepg.br\/semana-do-lixo\/wp-json\/wp\/v2\/pages"}],"about":[{"href":"https:\/\/www2.uepg.br\/semana-do-lixo\/wp-json\/wp\/v2\/types\/page"}],"author":[{"embeddable":true,"href":"https:\/\/www2.uepg.br\/semana-do-lixo\/wp-json\/wp\/v2\/users\/378"}],"replies":[{"embeddable":true,"href":"https:\/\/www2.uepg.br\/semana-do-lixo\/wp-json\/wp\/v2\/comments?post=133"}],"version-history":[{"count":9,"href":"https:\/\/www2.uepg.br\/semana-do-lixo\/wp-json\/wp\/v2\/pages\/133\/revisions"}],"predecessor-version":[{"id":258,"href":"https:\/\/www2.uepg.br\/semana-do-lixo\/wp-json\/wp\/v2\/pages\/133\/revisions\/258"}],"wp:featuredmedia":[{"embeddable":true,"href":"https:\/\/www2.uepg.br\/semana-do-lixo\/wp-json\/wp\/v2\/media\/164"}],"wp:attachment":[{"href":"https:\/\/www2.uepg.br\/semana-do-lixo\/wp-json\/wp\/v2\/media?parent=133"}],"curies":[{"name":"wp","href":"https:\/\/api.w.org\/{rel}","templated":true}]}}