{"id":134,"date":"2025-08-07T10:10:39","date_gmt":"2025-08-07T13:10:39","guid":{"rendered":"https:\/\/www2.uepg.br\/semana-do-lixo\/?page_id=134"},"modified":"2025-09-05T14:57:06","modified_gmt":"2025-09-05T17:57:06","slug":"oficinas","status":"publish","type":"page","link":"https:\/\/www2.uepg.br\/semana-do-lixo\/oficinas\/","title":{"rendered":"OFICINAS"},"content":{"rendered":"<p>As oficinas da\u00a0<strong>I Semana do &#8220;Lixo&#8221;<\/strong>\u00a0s\u00e3o atividades pr\u00e1ticas e interativas que visam engajar a comunidade em a\u00e7\u00f5es sustent\u00e1veis e na conscientiza\u00e7\u00e3o sobre a gest\u00e3o de res\u00edduos. Cada oficina aborda temas espec\u00edficos, com hor\u00e1rios e p\u00fablicos definidos para garantir ampla participa\u00e7\u00e3o:<\/p>\n<p><strong>Data: 11\/09\/2025<\/strong><\/p>\n<p><em>09h<\/em>: Oficina 1 &#8211; &#8220;Compostagem Dom\u00e9stica em Reator: Transformando Res\u00edduos Org\u00e2nicos em Fertilizante&#8221;<br \/>\nProf. Dr. Sandro Xavier de Campos (DEQUIM &#8211; UEPG)<br \/>\nLocal: Bloco L128 &#8211; Campus Uvaranas (UEPG)<br \/>\nP\u00fablico alvo: comunidade externa da UEPG<\/p>\n<p><em>14h<\/em>: Oficina 2 &#8211; &#8220;Minha Cidade Ideal&#8221;<br \/>\nPET INTERALFA<br \/>\nLocal:\u00a0CSA60 \u2013 \u00a0Campus Uvaranas (UEPG)<br \/>\nP\u00fablico alvo: comunidade externa da UEPG<\/p>\n<p><em>14h<\/em>: Oficina 3 &#8211; &#8220;Ca\u00e7a ao Tesouro Recicl\u00e1vel&#8221;<br \/>\nPET INTERALFA<br \/>\nLocal:\u00a0Hall Tecnol\u00f3gico \u2013 Campus Uvaranas (UEPG)<br \/>\nP\u00fablico alvo: comunidade externa da UEPG<\/p>\n<p><em>14h<\/em>: Oficina 4 &#8211; &#8220;Decomposi\u00e7\u00e3o: Quem Some Primeiro?&#8221;<br \/>\nPET INTERALFA<br \/>\nLocal:\u00a0CSA58\u00a0 \u2013 \u00a0Campus Uvaranas (UEPG)<br \/>\nP\u00fablico alvo: comunidade externa da UEPG<\/p>\n<p><em>16h<\/em>: Oficina 5 &#8211; &#8220;Do \u00d3leo ao Sab\u00e3o: Transformando Res\u00edduos em Solu\u00e7\u00f5es&#8221;<br \/>\nProfa. Dra. Jacqueline Aparecida Marques (DEQUIM &#8211; UEPG)<br \/>\nLocal: Bloco L128 &#8211; Campus Uvaranas (UEPG)<br \/>\nP\u00fablico alvo: comunidade externa da UEPG<\/p>\n<h1 style=\"text-align: center\"><a href=\"https:\/\/forms.gle\/BFdXf6rtmFDaJPPo7\">INSCRI\u00c7\u00d5ES<\/a><\/h1>\n","protected":false},"excerpt":{"rendered":"<p>As oficinas da\u00a0I Semana do &#8220;Lixo&#8221;\u00a0s\u00e3o atividades pr\u00e1ticas e interativas que visam engajar a comunidade em a\u00e7\u00f5es sustent\u00e1veis e na conscientiza\u00e7\u00e3o sobre a gest\u00e3o de res\u00edduos. Cada oficina aborda temas espec\u00edficos, com hor\u00e1rios e p\u00fablicos definidos para garantir ampla participa\u00e7\u00e3o: Data: 11\/09\/2025 09h: Oficina 1 &#8211; &#8220;Compostagem Dom\u00e9stica em Reator: Transformando Res\u00edduos Org\u00e2nicos em Fertilizante&#8221;&nbsp;&hellip;<\/p>\n","protected":false},"author":378,"featured_media":172,"parent":0,"menu_order":3,"comment_status":"closed","ping_status":"closed","template":"","meta":[],"_links":{"self":[{"href":"https:\/\/www2.uepg.br\/semana-do-lixo\/wp-json\/wp\/v2\/pages\/134"}],"collection":[{"href":"https:\/\/www2.uepg.br\/semana-do-lixo\/wp-json\/wp\/v2\/pages"}],"about":[{"href":"https:\/\/www2.uepg.br\/semana-do-lixo\/wp-json\/wp\/v2\/types\/page"}],"author":[{"embeddable":true,"href":"https:\/\/www2.uepg.br\/semana-do-lixo\/wp-json\/wp\/v2\/users\/378"}],"replies":[{"embeddable":true,"href":"https:\/\/www2.uepg.br\/semana-do-lixo\/wp-json\/wp\/v2\/comments?post=134"}],"version-history":[{"count":14,"href":"https:\/\/www2.uepg.br\/semana-do-lixo\/wp-json\/wp\/v2\/pages\/134\/revisions"}],"predecessor-version":[{"id":281,"href":"https:\/\/www2.uepg.br\/semana-do-lixo\/wp-json\/wp\/v2\/pages\/134\/revisions\/281"}],"wp:featuredmedia":[{"embeddable":true,"href":"https:\/\/www2.uepg.br\/semana-do-lixo\/wp-json\/wp\/v2\/media\/172"}],"wp:attachment":[{"href":"https:\/\/www2.uepg.br\/semana-do-lixo\/wp-json\/wp\/v2\/media?parent=134"}],"curies":[{"name":"wp","href":"https:\/\/api.w.org\/{rel}","templated":true}]}}