{"id":6,"date":"2020-04-20T14:56:52","date_gmt":"2020-04-20T17:56:52","guid":{"rendered":"http:\/\/www2.uepg.br\/semana-do-lixo\/?page_id=6"},"modified":"2025-08-18T10:28:24","modified_gmt":"2025-08-18T13:28:24","slug":"home","status":"publish","type":"page","link":"https:\/\/www2.uepg.br\/semana-do-lixo\/","title":{"rendered":"HOME"},"content":{"rendered":"<div id=\"pl-6\"  class=\"panel-layout\" ><div id=\"pg-6-0\"  class=\"panel-grid panel-no-style\" ><div id=\"pgc-6-0-0\"  class=\"panel-grid-cell\" ><div id=\"panel-6-0-0-0\" class=\"so-panel widget widget_sow-editor panel-first-child panel-last-child\" data-index=\"0\" ><div class=\"panel-widget-style panel-widget-style-for-6-0-0-0\" ><div\n\t\t\t\n\t\t\tclass=\"so-widget-sow-editor so-widget-sow-editor-base\"\n\t\t\t\n\t\t>\n<div class=\"siteorigin-widget-tinymce textwidget\">\n\t<h1><img loading=\"lazy\" class=\"alignnone size-medium wp-image-271 aligncenter\" src=\"https:\/\/www2.uepg.br\/semana-do-lixo\/wp-content\/uploads\/sites\/290\/2025\/08\/download-300x294.png\" alt=\"\" width=\"300\" height=\"294\" srcset=\"https:\/\/www2.uepg.br\/semana-do-lixo\/wp-content\/uploads\/sites\/290\/2025\/08\/download-300x294.png 300w, https:\/\/www2.uepg.br\/semana-do-lixo\/wp-content\/uploads\/sites\/290\/2025\/08\/download.png 645w\" sizes=\"(max-width: 300px) 100vw, 300px\" \/><\/h1>\n<h1 style=\"text-align: center\">SOBRE<\/h1>\n<p>A\u00a0 <strong>I Semana do \"Lixo\"<\/strong> \u00e9 um evento extensionista organizado pelo Departamento de Qu\u00edmica da Universidade Estadual de Ponta Grossa (UEPG), em parceria com docentes de diversos setores da institui\u00e7\u00e3o. O projeto tem como objetivo central promover a conscientiza\u00e7\u00e3o ambiental sobre os impactos do descarte inadequado de res\u00edduos s\u00f3lidos e org\u00e2nicos, incentivando pr\u00e1ticas sustent\u00e1veis por meio de atividades educativas, cient\u00edficas e interativas.<\/p>\n<p><em>P\u00fablico-Alvo<\/em>: Estudantes de escolas p\u00fablicas e privadas, acad\u00eamicos da UEPG e a comunidade em geral.<\/p>\n<p>Per\u00edodo de Realiza\u00e7\u00e3o: 08 a 12 de setembro de 2025, no Campus Uvaranas da UEPG, em Ponta Grossa-PR.<\/p>\n<p><em>Atividades Programadas:<\/em><br \/>\n- Palestras com especialistas em sustentabilidade e educa\u00e7\u00e3o ambiental.<br \/>\n- Mesas-redondas para debates sobre os desafios e solu\u00e7\u00f5es no manejo de res\u00edduos.<br \/>\n- Oficinas pr\u00e1ticas, como compostagem dom\u00e9stica e transforma\u00e7\u00e3o de \u00f3leo em sab\u00e3o (precisa de inscri\u00e7\u00e3o).<br \/>\n- Visitas t\u00e9cnicas a locais como a Zero Res\u00edduos (precisa de inscri\u00e7\u00e3o).<br \/>\n- Feira de Ci\u00eancias para exposi\u00e7\u00e3o de ideias e tecnologias sustent\u00e1veis.<\/p>\n<p><em>Objetivos:<\/em><br \/>\n- Discutir os impactos ambientais e sociais do lixo urbano.<br \/>\n- Estimular a ado\u00e7\u00e3o dos 5Rs da sustentabilidade (Recusar, Repensar, Reduzir, Reutilizar e Reciclar).<br \/>\n- Fortalecer a educa\u00e7\u00e3o ambiental como ferramenta de transforma\u00e7\u00e3o social.<\/p>\n<p><em>Impacto:<\/em> O evento est\u00e1 alinhado a m\u00faltiplos Objetivos de Desenvolvimento Sustent\u00e1vel (ODS) da ONU, incluindo Educa\u00e7\u00e3o de Qualidade, Cidades Sustent\u00e1veis e Consumo Respons\u00e1vel.<\/p>\n<p><em>Equipe coordenadora do evento:<\/em><\/p>\n<p style=\"padding-left: 40px\">Coordena\u00e7\u00e3o: Profa. Dra. Luciana de Boer Pinheiro de Souza (DEQUIM\/UEPG).<br \/>\nProf. Dr. Adriano Gon\u00e7alves Viana (DEQUIM\/UEPG).<br \/>\nProfa. Dra. Ana Claudia Barana (DEA\/UEPG).<br \/>\nProfa. Dra. Josie Agatha Parrilha da Silva (DEARTES\/UEPG).<br \/>\nProfa. Dra. Margarete Aparecida dos Santos (DEMAT\/UEPG).<br \/>\nProfa. Dra. Marilei Casturina Mandes Sandri (DEQUIM\/UEPG).<br \/>\nProfa. Dra. Patricia Los Weinert (DEQUIM\/UEPG).<br \/>\nProf. Dr. Rodrigo de C\u00e1ssio da Silva (DEBIO\/UEPG).<br \/>\nProf. Dr. Sandro Xavier de Campos (DEQUIM\/UEPG).<\/p>\n<p>Uma iniciativa para repensar h\u00e1bitos, inspirar a\u00e7\u00f5es coletivas e construir um futuro mais sustent\u00e1vel.<\/p>\n<p>#Sustentabilidade #Educa\u00e7\u00e3oAmbiental #UEPG<\/p>\n<h4 style=\"text-align: center\"><strong>\u00daltimas Not\u00edcias<\/strong><\/h4>\n\t\t<div class=\"wppsac-slick-carousel-wrp wppsac-clearfix \">\r\n\t\t\t<div id=\"wppsac-post-carousel-1\" class=\"wppsac-post-slider-init wppsac-post-carousel design-1\">\r\n\t\t\t\t\r\n<div class=\"wppsac-carousel-slides\">\r\n\t\t<div class=\"wppsac-post-content-position\">\r\n\t\t\t\t\t<div class=\"wppsac-post-categories\"><ul class=\"wppsac-post-categories-list\"><li><a href=\"https:\/\/www2.uepg.br\/semana-do-lixo\/category\/sem-categoria\/\" rel=\"category\"> Sem categoria <\/a><\/li><\/ul><\/div>\r\n\t\t\t  \t<h2 class=\"wppsac-post-title\">\r\n\t\t\t<a href=\"https:\/\/www2.uepg.br\/semana-do-lixo\/ola-mundo\/\">Ol\u00e1, mundo!<\/a>\r\n\t\t<\/h2>\r\n\t\t\t\t\t<div class=\"wppsac-post-date\">\r\n\t\t\t\t20 de abril de 2020\t\t\t<\/div>\r\n\t\t\t\t\t<\/div>\r\n<\/div>\t\t\t<\/div>\r\n\t\t\t<div class=\"wppsac-carousel-conf wppsac-hide\" data-conf=\"{&quot;slides_to_show&quot;:&quot;4&quot;,&quot;slides_to_scroll&quot;:1,&quot;dots&quot;:&quot;false&quot;,&quot;arrows&quot;:&quot;true&quot;,&quot;autoplay&quot;:&quot;true&quot;,&quot;autoplay_interval&quot;:&quot;19500&quot;,&quot;speed&quot;:500,&quot;rtl&quot;:&quot;false&quot;,&quot;lazyload&quot;:&quot;&quot;}\"><\/div>\r\n\t\t<\/div>\r\n\t\n<\/div>\n<\/div><\/div><\/div><\/div><\/div><div id=\"pg-6-1\"  class=\"panel-grid panel-no-style\" ><div id=\"pgc-6-1-0\"  class=\"panel-grid-cell\" ><div id=\"panel-6-1-0-0\" class=\"so-panel widget widget_sow-button panel-first-child panel-last-child\" data-index=\"1\" ><div class=\"panel-widget-style panel-widget-style-for-6-1-0-0\" ><div\n\t\t\t\n\t\t\tclass=\"so-widget-sow-button so-widget-sow-button-atom-f28947f507e4-1\"\n\t\t\t\n\t\t><div class=\"ow-button-base ow-button-align-center\">\n\t<a href=\"https:\/\/www2.uepg.br\/semana-do-lixo\/noticias\/\" class=\"ow-icon-placement-left ow-button-hover\" \t\t>\n\t\t<span>\n\t\t\t\n\t\t\tveja todas as not\u00edcias\t\t<\/span>\n\t<\/a>\n<\/div>\n<\/div><\/div><\/div><\/div><\/div><\/div>","protected":false},"excerpt":{"rendered":"<p>SOBRE A\u00a0 I Semana do &#8220;Lixo&#8221; \u00e9 um evento extensionista organizado pelo Departamento de Qu\u00edmica da Universidade Estadual de Ponta Grossa (UEPG), em parceria com docentes de diversos setores da institui\u00e7\u00e3o. O projeto tem como objetivo central promover a conscientiza\u00e7\u00e3o ambiental sobre os impactos do descarte inadequado de res\u00edduos s\u00f3lidos e org\u00e2nicos, incentivando pr\u00e1ticas sustent\u00e1veis&nbsp;&hellip;<\/p>\n","protected":false},"author":24,"featured_media":225,"parent":0,"menu_order":1,"comment_status":"closed","ping_status":"closed","template":"","meta":[],"_links":{"self":[{"href":"https:\/\/www2.uepg.br\/semana-do-lixo\/wp-json\/wp\/v2\/pages\/6"}],"collection":[{"href":"https:\/\/www2.uepg.br\/semana-do-lixo\/wp-json\/wp\/v2\/pages"}],"about":[{"href":"https:\/\/www2.uepg.br\/semana-do-lixo\/wp-json\/wp\/v2\/types\/page"}],"author":[{"embeddable":true,"href":"https:\/\/www2.uepg.br\/semana-do-lixo\/wp-json\/wp\/v2\/users\/24"}],"replies":[{"embeddable":true,"href":"https:\/\/www2.uepg.br\/semana-do-lixo\/wp-json\/wp\/v2\/comments?post=6"}],"version-history":[{"count":25,"href":"https:\/\/www2.uepg.br\/semana-do-lixo\/wp-json\/wp\/v2\/pages\/6\/revisions"}],"predecessor-version":[{"id":274,"href":"https:\/\/www2.uepg.br\/semana-do-lixo\/wp-json\/wp\/v2\/pages\/6\/revisions\/274"}],"wp:featuredmedia":[{"embeddable":true,"href":"https:\/\/www2.uepg.br\/semana-do-lixo\/wp-json\/wp\/v2\/media\/225"}],"wp:attachment":[{"href":"https:\/\/www2.uepg.br\/semana-do-lixo\/wp-json\/wp\/v2\/media?parent=6"}],"curies":[{"name":"wp","href":"https:\/\/api.w.org\/{rel}","templated":true}]}}