{"id":11,"date":"2020-04-20T14:57:56","date_gmt":"2020-04-20T17:57:56","guid":{"rendered":"http:\/\/www2.uepg.br\/sexatas\/?page_id=11"},"modified":"2026-04-09T15:18:35","modified_gmt":"2026-04-09T18:18:35","slug":"informes","status":"publish","type":"page","link":"https:\/\/www2.uepg.br\/sexatas\/informes\/","title":{"rendered":"Informes"},"content":{"rendered":"<div id=\"pl-11\"  class=\"panel-layout\" ><div id=\"pg-11-0\"  class=\"panel-grid panel-no-style\" ><div id=\"pgc-11-0-0\"  class=\"panel-grid-cell\" ><div id=\"panel-11-0-0-0\" class=\"so-panel widget widget_sow-accordion panel-first-child panel-last-child\" data-index=\"0\" ><div\n\t\t\t\n\t\t\tclass=\"so-widget-sow-accordion so-widget-sow-accordion-default-7f158b849c7f-11\"\n\t\t\t\n\t\t><div>\n\t<div class=\"sow-accordion\">\n\t\t\t<div class=\"sow-accordion-panel sow-accordion-panel-open\"\n\t\t\t data-anchor=\"2026\">\n\t\t\t\t<div class=\"sow-accordion-panel-header-container\" role=\"heading\" aria-level=\"2\">\n\t\t\t\t\t<div class=\"sow-accordion-panel-header\" tabindex=\"0\" role=\"button\" id=\"accordion-label-2026\" aria-controls=\"accordion-content-2026\" aria-expanded=\"true\">\n\t\t\t\t\t\t<div class=\"sow-accordion-title sow-accordion-title-icon-left\">\n\t\t\t\t\t\t\t\t\t\t\t\t\t\t2026\t\t\t\t\t\t\t\t\t\t\t\t\t<\/div>\n\t\t\t\t\t\t<div class=\"sow-accordion-open-close-button\">\n\t\t\t\t\t\t\t<div class=\"sow-accordion-open-button\">\n\t\t\t\t\t\t\t\t<span class=\"sow-icon-ionicons\" data-sow-icon=\"&#xf218;\"\n\t\t \n\t\taria-hidden=\"true\"><\/span>\t\t\t\t\t\t\t<\/div>\n\t\t\t\t\t\t\t<div class=\"sow-accordion-close-button\">\n\t\t\t\t\t\t\t\t<span class=\"sow-icon-ionicons\" data-sow-icon=\"&#xf209;\"\n\t\t \n\t\taria-hidden=\"true\"><\/span>\t\t\t\t\t\t\t<\/div>\n\t\t\t\t\t\t<\/div>\n\t\t\t\t\t<\/div>\n\t\t\t\t<\/div>\n\n\t\t\t<div\n\t\t\t\tclass=\"sow-accordion-panel-content\"\n\t\t\t\trole=\"region\"\n\t\t\t\taria-labelledby=\"accordion-label-2026\"\n\t\t\t\tid=\"accordion-content-2026\"\n\t\t\t\t\t\t\t>\n\t\t\t\t<div class=\"sow-accordion-panel-border\" tabindex=\"0\">\n\t\t\t\t\t<p>Em 2026 foi recebido um Carro Polo placa UNB 7J47 para uso dos Docentes e Discentes do SEXATAS em atividades de Ensino, Pesquisa e Extens\u00e3o.<\/p>\n<p>As regras de uso e as responsabilidades do condutor se encontram nos documento a seguir:<\/p>\n<p><a href=\"https:\/\/drive.google.com\/file\/d\/1uBCkdwkD0-Dy4FIfd1g4lXduTMPLnPEG\/view?usp=sharing\">Termo de Responsabilidade<\/a>, <a href=\"https:\/\/drive.google.com\/file\/d\/1JyqsnfCvN28ftawqpnPe4-g06cI_hYIz\/view?usp=sharing\">Orienta\u00e7\u00f5es Condutor<\/a><\/p>\n<p>ATEN\u00c7\u00c3O: as solicita\u00e7\u00f5es de uso devem ser realizadas via SEI utilizando a ficha pr\u00f3pria da CLOG disponibilizada na inclus\u00e3o de documentos no processo.<\/p>\n\t\t\t\t<\/div>\n\t\t\t<\/div>\n\t\t<\/div>\n\t\t\t<div class=\"sow-accordion-panel\"\n\t\t\t data-anchor=\"2025\">\n\t\t\t\t<div class=\"sow-accordion-panel-header-container\" role=\"heading\" aria-level=\"2\">\n\t\t\t\t\t<div class=\"sow-accordion-panel-header\" tabindex=\"0\" role=\"button\" id=\"accordion-label-2025\" aria-controls=\"accordion-content-2025\" aria-expanded=\"false\">\n\t\t\t\t\t\t<div class=\"sow-accordion-title sow-accordion-title-icon-left\">\n\t\t\t\t\t\t\t\t\t\t\t\t\t\t2025\t\t\t\t\t\t\t\t\t\t\t\t\t<\/div>\n\t\t\t\t\t\t<div class=\"sow-accordion-open-close-button\">\n\t\t\t\t\t\t\t<div class=\"sow-accordion-open-button\">\n\t\t\t\t\t\t\t\t<span class=\"sow-icon-ionicons\" data-sow-icon=\"&#xf218;\"\n\t\t \n\t\taria-hidden=\"true\"><\/span>\t\t\t\t\t\t\t<\/div>\n\t\t\t\t\t\t\t<div class=\"sow-accordion-close-button\">\n\t\t\t\t\t\t\t\t<span class=\"sow-icon-ionicons\" data-sow-icon=\"&#xf209;\"\n\t\t \n\t\taria-hidden=\"true\"><\/span>\t\t\t\t\t\t\t<\/div>\n\t\t\t\t\t\t<\/div>\n\t\t\t\t\t<\/div>\n\t\t\t\t<\/div>\n\n\t\t\t<div\n\t\t\t\tclass=\"sow-accordion-panel-content\"\n\t\t\t\trole=\"region\"\n\t\t\t\taria-labelledby=\"accordion-label-2025\"\n\t\t\t\tid=\"accordion-content-2025\"\n\t\t\t\tstyle=\"display: none;\"\t\t\t>\n\t\t\t\t<div class=\"sow-accordion-panel-border\" tabindex=\"0\">\n\t\t\t\t\t<p><a href=\"https:\/\/drive.google.com\/file\/d\/1DZR5tTqEyV8BWEqjCeefBEWqwzrkLOZp\/view?usp=sharing\">Edital SEXATAS 08\/2025<\/a> - Edital de Aux\u00edlio Docente. <a href=\"https:\/\/docs.google.com\/document\/d\/1bmxfmwFq4Yy9pZz264SYrPR_Iy8oUiOP\/edit?usp=sharing&amp;ouid=108910050852540404470&amp;rtpof=true&amp;sd=true\">Formul\u00e1rios<\/a>.<\/p>\n<p><a href=\"https:\/\/drive.google.com\/file\/d\/1LVN9yWFwLEBva-8PQmGHOQSEYpxrmcZk\/view?usp=sharing\">Edital SEXATAS 09\/2025<\/a> - Edital de Aux\u00edlio Discente. <a href=\"https:\/\/docs.google.com\/document\/d\/1nbJTJizPcgchy7HQujlgMmVI2b0fyQS_\/edit?usp=sharing&amp;ouid=108910050852540404470&amp;rtpof=true&amp;sd=true\">Formul\u00e1rios<\/a>.<\/p>\n<p><a href=\"https:\/\/legislacao.apps.uepg.br\/documentosPublico\/12912025-12-0825.pdf\">Resolu\u00e7\u00e3o de Aprova\u00e7\u00e3o dos Relat\u00f3rios de 2020<\/a><\/p>\n<p><a href=\"https:\/\/legislacao.apps.uepg.br\/documentosPublico\/12922025-12-0825.pdf\">Resolu\u00e7\u00e3o de Aprova\u00e7\u00e3o dos Relat\u00f3rios de 2021<\/a><\/p>\n\t\t\t\t<\/div>\n\t\t\t<\/div>\n\t\t<\/div>\n\t\t\t<div class=\"sow-accordion-panel\"\n\t\t\t data-anchor=\"2024\">\n\t\t\t\t<div class=\"sow-accordion-panel-header-container\" role=\"heading\" aria-level=\"2\">\n\t\t\t\t\t<div class=\"sow-accordion-panel-header\" tabindex=\"0\" role=\"button\" id=\"accordion-label-2024\" aria-controls=\"accordion-content-2024\" aria-expanded=\"false\">\n\t\t\t\t\t\t<div class=\"sow-accordion-title sow-accordion-title-icon-left\">\n\t\t\t\t\t\t\t\t\t\t\t\t\t\t2024\t\t\t\t\t\t\t\t\t\t\t\t\t<\/div>\n\t\t\t\t\t\t<div class=\"sow-accordion-open-close-button\">\n\t\t\t\t\t\t\t<div class=\"sow-accordion-open-button\">\n\t\t\t\t\t\t\t\t<span class=\"sow-icon-ionicons\" data-sow-icon=\"&#xf218;\"\n\t\t \n\t\taria-hidden=\"true\"><\/span>\t\t\t\t\t\t\t<\/div>\n\t\t\t\t\t\t\t<div class=\"sow-accordion-close-button\">\n\t\t\t\t\t\t\t\t<span class=\"sow-icon-ionicons\" data-sow-icon=\"&#xf209;\"\n\t\t \n\t\taria-hidden=\"true\"><\/span>\t\t\t\t\t\t\t<\/div>\n\t\t\t\t\t\t<\/div>\n\t\t\t\t\t<\/div>\n\t\t\t\t<\/div>\n\n\t\t\t<div\n\t\t\t\tclass=\"sow-accordion-panel-content\"\n\t\t\t\trole=\"region\"\n\t\t\t\taria-labelledby=\"accordion-label-2024\"\n\t\t\t\tid=\"accordion-content-2024\"\n\t\t\t\tstyle=\"display: none;\"\t\t\t>\n\t\t\t\t<div class=\"sow-accordion-panel-border\" tabindex=\"0\">\n\t\t\t\t\t<p><a href=\"https:\/\/drive.google.com\/file\/d\/18fE6yUojofVy80XtBjJ2HBPLu3TfdSz1\/view?usp=sharing\">Edital SEXATAS 01\/2024<\/a> - Elei\u00e7\u00e3o de Chefe e Vice Chefe do Departamento de Matem\u00e1tica e Estat\u00edstica.<\/p>\n<p><a href=\"http:\/\/Edital SEXATAS 01\/2024 - Elei\u00e7\u00e3o de Chefe e Vice Chefe do Departamento de Matem\u00e1tica e Estat\u00edstica.\">Edital SEXATAS 05\/2024<\/a> - Elei\u00e7\u00e3o de Chefe e Vice Chefe do Departamento de Geoci\u00eancias.<\/p>\n<p><a href=\"https:\/\/drive.google.com\/file\/d\/1pWERMg_Skf6mR_3fd_1_mzLGbSPMsOgQ\/view?usp=sharing\">Edital SEXATAS 06\/2024<\/a> - Elei\u00e7\u00e3o de Coordenador e Vice Coordenador do Curso de Licenciatura em Matem\u00e1tica.<\/p>\n<p><a href=\"https:\/\/drive.google.com\/file\/d\/1eIrXpskFZiq5NWnnwIq0gZ0tRCifJqKm\/view?usp=sharing\">Edital SEXATAS 03\/2024<\/a> - Edital de Aux\u00edlio Docente.<\/p>\n<p><a href=\"https:\/\/drive.google.com\/file\/d\/1z784_ox33azVR-Kn32aJ4Xjj5HqYXdeL\/view?usp=sharing\">Edital SEXATAS 04\/2024<\/a> - Edital de Aux\u00edlio Discente.<\/p>\n<p>&nbsp;<\/p>\n<p>&nbsp;<\/p>\n\t\t\t\t<\/div>\n\t\t\t<\/div>\n\t\t<\/div>\n\t\t\t<div class=\"sow-accordion-panel\"\n\t\t\t data-anchor=\"2023\">\n\t\t\t\t<div class=\"sow-accordion-panel-header-container\" role=\"heading\" aria-level=\"2\">\n\t\t\t\t\t<div class=\"sow-accordion-panel-header\" tabindex=\"0\" role=\"button\" id=\"accordion-label-2023\" aria-controls=\"accordion-content-2023\" aria-expanded=\"false\">\n\t\t\t\t\t\t<div class=\"sow-accordion-title sow-accordion-title-icon-left\">\n\t\t\t\t\t\t\t\t\t\t\t\t\t\t2023\t\t\t\t\t\t\t\t\t\t\t\t\t<\/div>\n\t\t\t\t\t\t<div class=\"sow-accordion-open-close-button\">\n\t\t\t\t\t\t\t<div class=\"sow-accordion-open-button\">\n\t\t\t\t\t\t\t\t<span class=\"sow-icon-ionicons\" data-sow-icon=\"&#xf218;\"\n\t\t \n\t\taria-hidden=\"true\"><\/span>\t\t\t\t\t\t\t<\/div>\n\t\t\t\t\t\t\t<div class=\"sow-accordion-close-button\">\n\t\t\t\t\t\t\t\t<span class=\"sow-icon-ionicons\" data-sow-icon=\"&#xf209;\"\n\t\t \n\t\taria-hidden=\"true\"><\/span>\t\t\t\t\t\t\t<\/div>\n\t\t\t\t\t\t<\/div>\n\t\t\t\t\t<\/div>\n\t\t\t\t<\/div>\n\n\t\t\t<div\n\t\t\t\tclass=\"sow-accordion-panel-content\"\n\t\t\t\trole=\"region\"\n\t\t\t\taria-labelledby=\"accordion-label-2023\"\n\t\t\t\tid=\"accordion-content-2023\"\n\t\t\t\tstyle=\"display: none;\"\t\t\t>\n\t\t\t\t<div class=\"sow-accordion-panel-border\" tabindex=\"0\">\n\t\t\t\t\t<p>Monitoria 2\u00ba semestre de 2023 - <a href=\"https:\/\/www2.uepg.br\/sexatas\/wp-content\/uploads\/sites\/205\/2023\/09\/ilovepdf_merged.pdf\">Licenciatura em Matem\u00e1tica<\/a>, <a href=\"https:\/\/www2.uepg.br\/sexatas\/wp-content\/uploads\/sites\/205\/2023\/09\/DEP-DE-QUIMICA.pdf\">Licenciatura em Qu\u00edmica<\/a> e <a href=\"https:\/\/www2.uepg.br\/sexatas\/wp-content\/uploads\/sites\/205\/2023\/09\/SEI_UEPG-1608504-Edital.pdf\">Bacharelado em Qu\u00edmica Tecnol\u00f3gica<\/a>.<\/p>\n<p><a href=\"https:\/\/www2.uepg.br\/sexatas\/wp-content\/uploads\/sites\/205\/2023\/07\/SEI_UEPG-1541175-Portaria.pdf\">Portaria de representa\u00e7\u00e3o discente do SEXATAS, mandato de 01\/08\/2023 a 31\/07\/2025.<\/a><\/p>\n<p><a href=\"https:\/\/legislacao.apps.uepg.br\/documentosPublico\/2362023-06-1252.pdf\">Representantes Docente no Colegiado Setorial do Setor de Ci\u00eancias Exatas e Naturais, no per\u00edodo de 19\/06\/2023 a 18\/06\/2025.<\/a><\/p>\n<p><a href=\"https:\/\/www2.uepg.br\/proplan\/pro-reitoria\/protocolo-geral\/\">Ficha de tramita\u00e7\u00e3o para protocolar processos via SEI<\/a><\/p>\n<p><a href=\"https:\/\/www2.uepg.br\/sexatas\/wp-content\/uploads\/sites\/205\/2023\/05\/Edital_009_2023auxilio_Docentes-OS-PROAD-04_2023.pdf\">Edital de aux\u00edlio docente.<\/a><\/p>\n<p><a href=\"https:\/\/www2.uepg.br\/sexatas\/wp-content\/uploads\/sites\/205\/2023\/05\/Edital_010_2023auxilio_Discentes-OS-PROAD-04_2023.pdf\">Edital de aux\u00edlio discente.<\/a><\/p>\n<p><a href=\"https:\/\/drive.google.com\/file\/d\/1W4JKyO1qqeUBoMyU4nBmCy40HrhTAhIf\/view?usp=sharing\">Edital de Representa\u00e7\u00e3o Discente<\/a><\/p>\n\t\t\t\t<\/div>\n\t\t\t<\/div>\n\t\t<\/div>\n\t\t<\/div>\n<\/div>\n<\/div><\/div><\/div><\/div><\/div>","protected":false},"excerpt":{"rendered":"<p>2026 Em 2026 foi recebido um Carro Polo placa UNB 7J47 para uso dos Docentes e Discentes do SEXATAS em atividades de Ensino, Pesquisa e Extens\u00e3o. As regras de uso e as responsabilidades do condutor se encontram nos documento a seguir: Termo de Responsabilidade, Orienta\u00e7\u00f5es Condutor ATEN\u00c7\u00c3O: as solicita\u00e7\u00f5es de uso devem ser realizadas via&nbsp;&hellip;<\/p>\n","protected":false},"author":24,"featured_media":0,"parent":0,"menu_order":0,"comment_status":"closed","ping_status":"closed","template":"","meta":[],"_links":{"self":[{"href":"https:\/\/www2.uepg.br\/sexatas\/wp-json\/wp\/v2\/pages\/11"}],"collection":[{"href":"https:\/\/www2.uepg.br\/sexatas\/wp-json\/wp\/v2\/pages"}],"about":[{"href":"https:\/\/www2.uepg.br\/sexatas\/wp-json\/wp\/v2\/types\/page"}],"author":[{"embeddable":true,"href":"https:\/\/www2.uepg.br\/sexatas\/wp-json\/wp\/v2\/users\/24"}],"replies":[{"embeddable":true,"href":"https:\/\/www2.uepg.br\/sexatas\/wp-json\/wp\/v2\/comments?post=11"}],"version-history":[{"count":56,"href":"https:\/\/www2.uepg.br\/sexatas\/wp-json\/wp\/v2\/pages\/11\/revisions"}],"predecessor-version":[{"id":401,"href":"https:\/\/www2.uepg.br\/sexatas\/wp-json\/wp\/v2\/pages\/11\/revisions\/401"}],"wp:attachment":[{"href":"https:\/\/www2.uepg.br\/sexatas\/wp-json\/wp\/v2\/media?parent=11"}],"curies":[{"name":"wp","href":"https:\/\/api.w.org\/{rel}","templated":true}]}}