{"id":121,"date":"2021-08-12T16:09:03","date_gmt":"2021-08-12T19:09:03","guid":{"rendered":"https:\/\/www2.uepg.br\/sexatas\/?page_id=121"},"modified":"2023-05-23T15:34:28","modified_gmt":"2023-05-23T18:34:28","slug":"historico","status":"publish","type":"page","link":"https:\/\/www2.uepg.br\/sexatas\/historico\/","title":{"rendered":"Hist\u00f3rico"},"content":{"rendered":"<p><img loading=\"lazy\" class=\"alignnone size-medium wp-image-264 alignleft\" src=\"https:\/\/www2.uepg.br\/sexatas\/wp-content\/uploads\/sites\/205\/2023\/05\/middle-ages-3207162_1280-300x300.png\" alt=\"\" width=\"300\" height=\"300\" srcset=\"https:\/\/www2.uepg.br\/sexatas\/wp-content\/uploads\/sites\/205\/2023\/05\/middle-ages-3207162_1280-300x300.png 300w, https:\/\/www2.uepg.br\/sexatas\/wp-content\/uploads\/sites\/205\/2023\/05\/middle-ages-3207162_1280-1024x1024.png 1024w, https:\/\/www2.uepg.br\/sexatas\/wp-content\/uploads\/sites\/205\/2023\/05\/middle-ages-3207162_1280-150x150.png 150w, https:\/\/www2.uepg.br\/sexatas\/wp-content\/uploads\/sites\/205\/2023\/05\/middle-ages-3207162_1280-768x768.png 768w, https:\/\/www2.uepg.br\/sexatas\/wp-content\/uploads\/sites\/205\/2023\/05\/middle-ages-3207162_1280-1232x1232.png 1232w, https:\/\/www2.uepg.br\/sexatas\/wp-content\/uploads\/sites\/205\/2023\/05\/middle-ages-3207162_1280-1080x1080.png 1080w, https:\/\/www2.uepg.br\/sexatas\/wp-content\/uploads\/sites\/205\/2023\/05\/middle-ages-3207162_1280.png 1280w\" sizes=\"(max-width: 300px) 100vw, 300px\" \/><\/p>\n<p>A Universidade Estadual de Ponta Grossa &#8211; UEPG, foi criada pela Lei Estadual n\u00ba 6034 de 06\/11\/69, pelo decreto 18.111 de 28\/01\/70 e resultou da incorpora\u00e7\u00e3o das Faculdades Estaduais j\u00e1 existentes que funcionavam isoladamente.<\/p>\n<p>Em 1972 foi implantada na UEPG a Reforma Universit\u00e1ria, que veio para reformular todo o ensino superior no pa\u00eds. Com a aprova\u00e7\u00e3o do Estatuto, do Regimento Geral e do Plano de Reestrutura\u00e7\u00e3o pelo Governo Federal, em 1973 a nova estrutura come\u00e7ou a operar. Com esta nova estrutura come\u00e7am a funcionar tr\u00eas setores de conhecimento na UEPG, dentre eles o Setor de Ci\u00eancias Exatas e Naturais &#8211; SEXATAS.<\/p>\n<p>Inicialmente, o Setor foi constitu\u00eddo pelos Departamentos de Matem\u00e1tica e F\u00edsica, Geoci\u00eancias e Qu\u00edmica e pelos cursos de Licenciatura em Geografia (iniciado em 1962) e Licenciatura e Bacharelado em Matem\u00e1tica (iniciado em 1949).<\/p>\n<p>1962 &#8211; o curso de Bacharelado em Matem\u00e1tica foi desativado.<\/p>\n<p>1974 &#8211; foi criado o curso de Engenharia Civil, e o mesmo come\u00e7ou a funcionar em mar\u00e7o deste mesmo ano. Em 31\/12\/1975 foi criado o Departamento de Engenharia Civil (Res. SG\/015 de 21\/12\/1975).<\/p>\n<p>1983 &#8211; o Curso de Licenciatura em Ci\u00eancias come\u00e7a a funcionar com as seguintes habilita\u00e7\u00f5es: F\u00edsica, Qu\u00edmica e Biologia. Esta \u00faltima habilita\u00e7\u00e3o evoluiu para um curso de Ci\u00eancias Biol\u00f3gicas e se integrou ao Setor de Sa\u00fade da UEPG, juntamente com o respectivo Departamento que foi criado para atender esta \u00e1rea do conhecimento. Neste mesmo ano come\u00e7aram a funcionar os cursos de Agronomia e Bacharelado em Geografia.<\/p>\n<p>1985 &#8211; foi criado o Departamento de Inform\u00e1tica, o Departamento de Agronomia e, em mar\u00e7o deste mesmo ano come\u00e7ou a funcionar o curso de Processamento de Dados.<\/p>\n<p>1985 &#8211; foi desativada a Habilita\u00e7\u00e3o em Matem\u00e1tica do Curso de Licenciatura em Ci\u00eancias;<\/p>\n<p>Em 1986 foi desativada a Licenciatura em Ci\u00eancias, que funcionava com as Habilita\u00e7\u00f5es em F\u00edsica e Qu\u00edmica.<\/p>\n<p>1987 &#8211; atrav\u00e9s da Resolu\u00e7\u00e3o CA n\u00ba 117 de 21\/08\/87 o Departamento de Matem\u00e1tica e F\u00edsica foi desmembrado, dando origem ao Departamento de F\u00edsica. O Departamento de Matem\u00e1tica passou a ser denominado Departamento de Matem\u00e1tica e Estat\u00edstica.<\/p>\n<p>1990 &#8211; atrav\u00e9s da Resolu\u00e7\u00e3o UEPG n\u00ba 132\/89, de 14\/09\/89, foi criado o curso de Licenciatura em F\u00edsica.<\/p>\n<p>Em dezembro de 1990, pela Res. Univ. no 026, foi criado o Setor de Ci\u00eancias Agr\u00e1rias e de Tecnologia, que recebeu os cursos de Agronomia, Engenharia Civil e Processamento de Dados, e os Departamentos de Agronomia, Engenharia Civil e Inform\u00e1tica. O Setor de Ci\u00eancias Exatas e Naturais passou a ser integrado com os Departamentos de F\u00edsica, Geoci\u00eancias, Matem\u00e1tica e Qu\u00edmica e os cursos de Licenciatura em F\u00edsica, Licenciatura e Bacharelado em Geografia e Licenciatura em Matem\u00e1tica.<\/p>\n<p>1991 &#8211; atrav\u00e9s da Resolu\u00e7\u00e3o UEPG n\u00ba 153\/90, de 14\/11\/90, foi criado o curso de Bacharelado em F\u00edsica;<br \/>\n1994 &#8211; atrav\u00e9s da Resolu\u00e7\u00e3o UEPG n\u00ba 165\/93, de 30\/09\/93, foi criado o curso de Licenciatura em Qu\u00edmica.<\/p>\n<p>Dessa forma, atualmente o SEXATAS \u00e9 composto pelos Departamentos de F\u00edsica, Geoci\u00eancias, Matem\u00e1tica e Estat\u00edstica e Qu\u00edmica.<\/p>\n","protected":false},"excerpt":{"rendered":"<p>A Universidade Estadual de Ponta Grossa &#8211; UEPG, foi criada pela Lei Estadual n\u00ba 6034 de 06\/11\/69, pelo decreto 18.111 de 28\/01\/70 e resultou da incorpora\u00e7\u00e3o das Faculdades Estaduais j\u00e1 existentes que funcionavam isoladamente. Em 1972 foi implantada na UEPG a Reforma Universit\u00e1ria, que veio para reformular todo o ensino superior no pa\u00eds. Com a&nbsp;&hellip;<\/p>\n","protected":false},"author":378,"featured_media":0,"parent":0,"menu_order":0,"comment_status":"closed","ping_status":"closed","template":"","meta":[],"_links":{"self":[{"href":"https:\/\/www2.uepg.br\/sexatas\/wp-json\/wp\/v2\/pages\/121"}],"collection":[{"href":"https:\/\/www2.uepg.br\/sexatas\/wp-json\/wp\/v2\/pages"}],"about":[{"href":"https:\/\/www2.uepg.br\/sexatas\/wp-json\/wp\/v2\/types\/page"}],"author":[{"embeddable":true,"href":"https:\/\/www2.uepg.br\/sexatas\/wp-json\/wp\/v2\/users\/378"}],"replies":[{"embeddable":true,"href":"https:\/\/www2.uepg.br\/sexatas\/wp-json\/wp\/v2\/comments?post=121"}],"version-history":[{"count":13,"href":"https:\/\/www2.uepg.br\/sexatas\/wp-json\/wp\/v2\/pages\/121\/revisions"}],"predecessor-version":[{"id":288,"href":"https:\/\/www2.uepg.br\/sexatas\/wp-json\/wp\/v2\/pages\/121\/revisions\/288"}],"wp:attachment":[{"href":"https:\/\/www2.uepg.br\/sexatas\/wp-json\/wp\/v2\/media?parent=121"}],"curies":[{"name":"wp","href":"https:\/\/api.w.org\/{rel}","templated":true}]}}