{"id":123,"date":"2021-08-12T16:10:41","date_gmt":"2021-08-12T19:10:41","guid":{"rendered":"https:\/\/www2.uepg.br\/sexatas\/?page_id=123"},"modified":"2023-06-22T16:23:20","modified_gmt":"2023-06-22T19:23:20","slug":"setorial","status":"publish","type":"page","link":"https:\/\/www2.uepg.br\/sexatas\/setorial\/","title":{"rendered":"Colegiado Setorial"},"content":{"rendered":"<p>O Setor de Ci\u00eancias Exatas e Naturais &#8211; SEXATAS, \u00e9 uma unidade administrativa da UEPG que congrega os departamentos de F\u00edsica, Geoci\u00eancias, Matem\u00e1tica e Qu\u00edmica, e os cursos de Bacharelado em F\u00edsica, Licenciatura em F\u00edsica, Bacharelado em Geografia, Licenciatura em Geografia presencial e \u00e0 dist\u00e2ncia, Bacharelado em Matem\u00e1tica Aplicada, Licenciatura em Matem\u00e1tica presencial e \u00e0 dist\u00e2ncia,\u00a0 Bacharelado em Qu\u00edmica Tecnol\u00f3gica e Licenciatura em Qu\u00edmica.<\/p>\n<p>A sua administra\u00e7\u00e3o \u00e9 realizada por um diretor e um diretor adjunto, eleitos pelos professores dos departamentos que constituem o setor, e uma secretaria setorial. Tamb\u00e9m, pela natureza p\u00fablica e democr\u00e1tica da universidade, cada setor de conhecimento possui um colegiado setorial consultivo e deliberativo.<\/p>\n<p>\u00c9 responsabilidade da dire\u00e7\u00e3o setorial: a condu\u00e7\u00e3o do setor, a representa\u00e7\u00e3o junto \u00e0 administra\u00e7\u00e3o superior da institui\u00e7\u00e3o, \u00e0 administra\u00e7\u00e3o p\u00fablica de outras inst\u00e2ncias, institui\u00e7\u00f5es cient\u00edficas, culturais e particulares. Tamb\u00e9m, presidir o colegiado setorial e encaminhar ao Reitor as decis\u00f5es deste, bem como o relat\u00f3rio anual de atividades.<\/p>\n<p>O colegiado setorial \u00e9 composto pelo diretor e diretor adjunto do setor, chefes de departamentos, coordenadores de cursos e tr\u00eas professores eleitos pelos seus pares e um representante discente. Sua principal fun\u00e7\u00e3o \u00e9 a an\u00e1lise e delibera\u00e7\u00e3o sobre os assuntos envolvendo o ensino, a pesquisa e a extens\u00e3o no \u00e2mbito do setor.<\/p>\n<p>Todos os membros do Colegiado Setorial s\u00e3o escolhidos por seus pares, em elei\u00e7\u00f5es peri\u00f3dicas, com um mandato definido para cada cargo.<\/p>\n<p>Pelo <a href=\"https:\/\/www.uepg.br\/uepg_estat_regim\/EstatutoeRegimento.pdf\">Estatuto e Regimento da UEPG<\/a> de Maio de 2012, o SEXATAS conta com um Colegiado Setorial com atribui\u00e7\u00f5es consultivas e deliberativas, sendo a sua composi\u00e7\u00e3o:<\/p>\n<ol>\n<li>Diretor do Setor, seu presidente nato;<\/li>\n<li>Diretor Adjunto, substituto do presidente;<\/li>\n<li>Chefes dos Departamentos integrantes do Setor;<\/li>\n<li>Coordenadores de Curso de Gradua\u00e7\u00e3o e de Programas de P\u00f3s-Gradua\u00e7\u00e3o Stricto Sensu afetos ao Setor;<\/li>\n<li>Tr\u00eas (3) Representantes do Corpo Docente Setorial, escolhidos por seus pares, em elei\u00e7\u00e3o direta, com mandato de dois (02) anos;<\/li>\n<li>Um (1) Representante Discente.<\/li>\n<\/ol>\n<p>Atualmente o SEXATAS conta com a seguinte composi\u00e7\u00e3o da diretoria (01\/04\/2023 &#8211; 31\/03\/27):<\/p>\n<p><strong>Diretor: Professor Doutor Adriano Gon\u00e7alves Viana &#8211; Departamento de Qu\u00edmica,<\/strong><\/p>\n<p><strong>Diretora adjunta: Professora Doutora Margarete Aparecida dos Santos &#8211; Departamento de Matem\u00e1tica,<\/strong><\/p>\n<p><strong>Secret\u00e1rio: Plauto Jacir Coelho<\/strong><\/p>\n","protected":false},"excerpt":{"rendered":"<p>O Setor de Ci\u00eancias Exatas e Naturais &#8211; SEXATAS, \u00e9 uma unidade administrativa da UEPG que congrega os departamentos de F\u00edsica, Geoci\u00eancias, Matem\u00e1tica e Qu\u00edmica, e os cursos de Bacharelado em F\u00edsica, Licenciatura em F\u00edsica, Bacharelado em Geografia, Licenciatura em Geografia presencial e \u00e0 dist\u00e2ncia, Bacharelado em Matem\u00e1tica Aplicada, Licenciatura em Matem\u00e1tica presencial e \u00e0&nbsp;&hellip;<\/p>\n","protected":false},"author":378,"featured_media":0,"parent":0,"menu_order":0,"comment_status":"closed","ping_status":"closed","template":"","meta":[],"_links":{"self":[{"href":"https:\/\/www2.uepg.br\/sexatas\/wp-json\/wp\/v2\/pages\/123"}],"collection":[{"href":"https:\/\/www2.uepg.br\/sexatas\/wp-json\/wp\/v2\/pages"}],"about":[{"href":"https:\/\/www2.uepg.br\/sexatas\/wp-json\/wp\/v2\/types\/page"}],"author":[{"embeddable":true,"href":"https:\/\/www2.uepg.br\/sexatas\/wp-json\/wp\/v2\/users\/378"}],"replies":[{"embeddable":true,"href":"https:\/\/www2.uepg.br\/sexatas\/wp-json\/wp\/v2\/comments?post=123"}],"version-history":[{"count":10,"href":"https:\/\/www2.uepg.br\/sexatas\/wp-json\/wp\/v2\/pages\/123\/revisions"}],"predecessor-version":[{"id":314,"href":"https:\/\/www2.uepg.br\/sexatas\/wp-json\/wp\/v2\/pages\/123\/revisions\/314"}],"wp:attachment":[{"href":"https:\/\/www2.uepg.br\/sexatas\/wp-json\/wp\/v2\/media?parent=123"}],"curies":[{"name":"wp","href":"https:\/\/api.w.org\/{rel}","templated":true}]}}