{"id":130,"date":"2021-08-12T16:12:44","date_gmt":"2021-08-12T19:12:44","guid":{"rendered":"https:\/\/www2.uepg.br\/sexatas\/?page_id=130"},"modified":"2023-07-10T16:32:44","modified_gmt":"2023-07-10T19:32:44","slug":"departamentos","status":"publish","type":"page","link":"https:\/\/www2.uepg.br\/sexatas\/departamentos\/","title":{"rendered":"Departamentos"},"content":{"rendered":"<table style=\"height: 847px\" width=\"1022\">\n<tbody>\n<tr>\n<td width=\"284\">\n<p style=\"text-align: left\">A \u00e1rea das Ci\u00eancias Exatas e Naturais procura analisar e obter compreens\u00e3o dos significados sociais, \u00e9ticas e ambientais que estejam envolvidos com a ci\u00eancia,\u00a0 tecnologia e inova\u00e7\u00e3o.<\/p>\n<p style=\"text-align: left\">Ainda sob responsabilidade desse campo de estudo est\u00e1 a procura de conhecimento sobre a natureza em seus aspectos mais gerais e fundamentais, analisando e compreendendo o universo e suas leis de origem natural e com validade universal.<\/p>\n<p style=\"text-align: left\">Essa \u00e1rea do conhecimento\u00a0 incorpora conte\u00fados sobre o meio ambiente, estudo da mat\u00e9ria e fen\u00f4menos\u00a0 relacionados \u00e0 maioria das \u00e1reas de atua\u00e7\u00e3o.<\/p>\n<p style=\"text-align: left\">Talvez essa seja a sua \u00e1rea se voc\u00ea se identifica com n\u00fameros, l\u00f3gica e experimentos.<\/p>\n<p style=\"text-align: left\">Os Departamentos afetos ao SEXATAS s\u00e3o de F\u00edsica (DEFIS), Geoci\u00eancias (DEGEO), Matem\u00e1tica e Estat\u00edstica (DEMAT) e Qu\u00edmica (DEQUIM).<\/p>\n<\/td>\n<td width=\"284\"><img loading=\"lazy\" class=\"alignnone wp-image-301 aligncenter\" src=\"https:\/\/www2.uepg.br\/sexatas\/wp-content\/uploads\/sites\/205\/2023\/05\/puzzle-g2615cf621_1280-300x151.jpg\" alt=\"\" width=\"381\" height=\"192\" srcset=\"https:\/\/www2.uepg.br\/sexatas\/wp-content\/uploads\/sites\/205\/2023\/05\/puzzle-g2615cf621_1280-300x151.jpg 300w, https:\/\/www2.uepg.br\/sexatas\/wp-content\/uploads\/sites\/205\/2023\/05\/puzzle-g2615cf621_1280-1024x517.jpg 1024w, https:\/\/www2.uepg.br\/sexatas\/wp-content\/uploads\/sites\/205\/2023\/05\/puzzle-g2615cf621_1280-768x388.jpg 768w, https:\/\/www2.uepg.br\/sexatas\/wp-content\/uploads\/sites\/205\/2023\/05\/puzzle-g2615cf621_1280-1232x622.jpg 1232w, https:\/\/www2.uepg.br\/sexatas\/wp-content\/uploads\/sites\/205\/2023\/05\/puzzle-g2615cf621_1280.jpg 1280w\" sizes=\"(max-width: 381px) 100vw, 381px\" \/><\/p>\n<p>&nbsp;<\/p>\n<p>Para maiores informa\u00e7\u00f5es, acessar os links:<\/p>\n<h4 style=\"text-align: center\"><a href=\"https:\/\/www2.uepg.br\/defis\/\">DEFIS<\/a>\u00a0 \u00a0 <a href=\"https:\/\/pitangui.uepg.br\/departamentos\/degeo\/\">DEGEO<\/a>\u00a0 \u00a0 <a href=\"https:\/\/www2.uepg.br\/demat\/\">DEMAT<\/a>\u00a0 <a href=\"https:\/\/www2.uepg.br\/dequim\/\">DEQUIM<\/a><\/h4>\n<\/td>\n<\/tr>\n<\/tbody>\n<\/table>\n<p>&nbsp;<\/p>\n","protected":false},"excerpt":{"rendered":"<p>A \u00e1rea das Ci\u00eancias Exatas e Naturais procura analisar e obter compreens\u00e3o dos significados sociais, \u00e9ticas e ambientais que estejam envolvidos com a ci\u00eancia,\u00a0 tecnologia e inova\u00e7\u00e3o. Ainda sob responsabilidade desse campo de estudo est\u00e1 a procura de conhecimento sobre a natureza em seus aspectos mais gerais e fundamentais, analisando e compreendendo o universo e&nbsp;&hellip;<\/p>\n","protected":false},"author":378,"featured_media":0,"parent":0,"menu_order":0,"comment_status":"closed","ping_status":"closed","template":"","meta":[],"_links":{"self":[{"href":"https:\/\/www2.uepg.br\/sexatas\/wp-json\/wp\/v2\/pages\/130"}],"collection":[{"href":"https:\/\/www2.uepg.br\/sexatas\/wp-json\/wp\/v2\/pages"}],"about":[{"href":"https:\/\/www2.uepg.br\/sexatas\/wp-json\/wp\/v2\/types\/page"}],"author":[{"embeddable":true,"href":"https:\/\/www2.uepg.br\/sexatas\/wp-json\/wp\/v2\/users\/378"}],"replies":[{"embeddable":true,"href":"https:\/\/www2.uepg.br\/sexatas\/wp-json\/wp\/v2\/comments?post=130"}],"version-history":[{"count":23,"href":"https:\/\/www2.uepg.br\/sexatas\/wp-json\/wp\/v2\/pages\/130\/revisions"}],"predecessor-version":[{"id":344,"href":"https:\/\/www2.uepg.br\/sexatas\/wp-json\/wp\/v2\/pages\/130\/revisions\/344"}],"wp:attachment":[{"href":"https:\/\/www2.uepg.br\/sexatas\/wp-json\/wp\/v2\/media?parent=130"}],"curies":[{"name":"wp","href":"https:\/\/api.w.org\/{rel}","templated":true}]}}