{"id":144,"date":"2022-05-24T15:54:47","date_gmt":"2022-05-24T18:54:47","guid":{"rendered":"https:\/\/www2.uepg.br\/sisgen\/?page_id=144"},"modified":"2023-05-24T12:45:32","modified_gmt":"2023-05-24T15:45:32","slug":"legislacao","status":"publish","type":"page","link":"https:\/\/www2.uepg.br\/sisgen\/legislacao\/","title":{"rendered":"Legisla\u00e7\u00e3o"},"content":{"rendered":"<p>Esta p\u00e1gina cont\u00e9m informa\u00e7\u00f5es\/orienta\u00e7\u00f5es sobre a <a href=\"https:\/\/www2.uepg.br\/sisgen\/wp-content\/uploads\/sites\/247\/2022\/12\/Lei-13123-20-05-2015.pdf\">Lei-13123-20-05-2015<\/a> e o <a href=\"https:\/\/www2.uepg.br\/sisgen\/wp-content\/uploads\/sites\/247\/2022\/12\/Decreto-8772-2016.pdf\">Decreto-8772-2016<\/a>, instru\u00e7\u00f5es de preenchimento; contudo, n\u00e3o desobriga o pesquisador \u00e0 leitura atenta de todas as informa\u00e7\u00f5es da legisla\u00e7\u00e3o, decretos, e instru\u00e7\u00f5es normativas e do cumprimento de suas orienta\u00e7\u00f5es, ficando a cargo de cada pesquisador a reponsabilidade por seus atos como determina a Lei.<\/p>\n<p>A Lei n\u00ba13.123, de 20 de maio de 2015, disp\u00f5e sobre o acesso ao patrim\u00f4nio gen\u00e9tico*, sobre a prote\u00e7\u00e3o e o acesso ao conhecimento tradicional associado e sobre a reparti\u00e7\u00e3o de benef\u00edcios para a conserva\u00e7\u00e3o e uso sustent\u00e1vel da biodiversidade.<\/p>\n<p>*<strong>Acesso ao patrim\u00f4nio gen\u00e9tico<\/strong> &#8211; pesquisa ou desenvolvimento tecnol\u00f3gico realizado sobre a amostra (morfologia, sistem\u00e1tica, fisiologia, gen\u00e9tica, subst\u00e2ncias oriundas do metabolismo destas esp\u00e9cies, etc) de uma esp\u00e9cie (animal, vegetal ou microrganismo) brasileira ou adaptada ou sobre o conhecimento tradicional associado.<\/p>\n<ul>\n<li><a href=\"https:\/\/www2.uepg.br\/sisgen\/wp-content\/uploads\/sites\/247\/2022\/12\/Lei-13123-20-05-2015.pdf\">Lei-13123-20-05-2015<\/a><\/li>\n<li><a href=\"https:\/\/www2.uepg.br\/sisgen\/wp-content\/uploads\/sites\/247\/2022\/12\/Decreto-8772-2016.pdf\">Decreto-8772-2016<\/a><\/li>\n<\/ul>\n<p>&nbsp;<\/p>\n<p style=\"text-align: center\"><span style=\"color: #0000ff\"><strong>DEFINI\u00c7\u00d5ES<\/strong><\/span><\/p>\n<ol>\n<li><span style=\"color: #0000ff\"><strong>Acesso ao patrim\u00f4nio gen\u00e9tico<\/strong>\u00a0\u2013<\/span> pesquisa ou desenvolvimento tecnol\u00f3gico realizado sobre amostra de patrim\u00f4nio gen\u00e9tico.<\/li>\n<li><span style=\"color: #0000ff\"><strong>Patrim\u00f4nio gen\u00e9tico<\/strong>\u00a0\u2013<\/span> informa\u00e7\u00e3o de origem gen\u00e9tica de esp\u00e9cies vegetais, animais, microbianas ou esp\u00e9cies de outra natureza, incluindo subst\u00e2ncias oriundas do metabolismo destes seres vivos.<\/li>\n<li><span style=\"color: #0000ff\"><strong>Envio de amostra<\/strong>\u00a0\u2013<\/span> envio de amostra que contenha patrim\u00f4nio gen\u00e9tico para a presta\u00e7\u00e3o de servi\u00e7os no exterior como parte de pesquisa ou desenvolvimento tecnol\u00f3gico na qual a responsabilidade sobre a amostra \u00e9 de quem realiza o acesso no Brasil.<\/li>\n<li><span style=\"color: #0000ff\"><strong>Remessa<\/strong>\u00a0\u2013<\/span> transfer\u00eancia de amostra de patrim\u00f4nio gen\u00e9tico para institui\u00e7\u00e3o localizada fora do Pa\u00eds com a finalidade de acesso, na qual a responsabilidade sobre a amostra \u00e9 transferida para a destinat\u00e1ria.<\/li>\n<li><span style=\"color: #0000ff\"><strong>Pesquisa<\/strong>\u00a0\u2013<\/span> atividade, experimental ou te\u00f3rica, realizada sobre o patrim\u00f4nio gen\u00e9tico ou conhecimento tradicional associado, com o objetivo de produzir novos conhecimentos, por meio de um processo sistem\u00e1tico de constru\u00e7\u00e3o do conhecimento que gera e testa hip\u00f3teses e teorias, descreve e interpreta os fundamentos de fen\u00f4menos e fatos observ\u00e1veis.<\/li>\n<li><span style=\"color: #0000ff\"><strong>Acesso ao conhecimento tradicional associado<\/strong>\u00a0\u2013<\/span> pesquisa ou desenvolvimento tecnol\u00f3gico realizado sobre conhecimento tradicional associado ao patrim\u00f4nio gen\u00e9tico que possibilite ou facilite o acesso ao patrim\u00f4nio gen\u00e9tico, ainda que obtido de fontes secund\u00e1rias tais como feiras, publica\u00e7\u00f5es, invent\u00e1rios, filmes, artigos cient\u00edficos, cadastros e outras formas de sistematiza\u00e7\u00e3o e registro de conhecimentos tradicionais associados.<\/li>\n<li><span style=\"color: #0000ff\"><strong>Conhecimento tradicional associado<\/strong>\u00a0\u2013<\/span> informa\u00e7\u00e3o ou pr\u00e1tica de popula\u00e7\u00e3o ind\u00edgena, comunidade tradicional ou agricultor tradicional sobre as propriedades ou usos diretos ou indiretos associada ao patrim\u00f4nio gen\u00e9tico.<\/li>\n<li><span style=\"color: #0000ff\"><strong>Conhecimento tradicional associado de origem n\u00e3o identific\u00e1vel<\/strong>\u00a0\u2013<\/span> conhecimento tradicional associado em que n\u00e3o h\u00e1 a possibilidade de vincular a sua origem a, pelo menos, uma popula\u00e7\u00e3o ind\u00edgena, comunidade tradicional ou agricultor tradicional.<\/li>\n<li><span style=\"color: #0000ff\"><strong>Agricultor tradicional<\/strong>\u00a0\u2013<\/span> pessoa natural que utiliza variedades tradicionais locais ou crioulas ou ra\u00e7as localmente adaptadas ou crioulas e mant\u00e9m e conserva a diversidade gen\u00e9tica, inclu\u00eddo o agricultor familiar.<\/li>\n<li><span style=\"color: #0000ff\"><strong>Comunidade tradicional<\/strong>\u00a0\u2013<\/span> grupo culturalmente diferenciado que se reconhece como tal, possui forma pr\u00f3pria de organiza\u00e7\u00e3o social e ocupa e usa territ\u00f3rios e recursos naturais como condi\u00e7\u00e3o para a sua reprodu\u00e7\u00e3o cultural, social, religiosa, ancestral e econ\u00f4mica, utilizando conhecimentos, inova\u00e7\u00f5es e pr\u00e1ticas geradas e transmitidas pela tradi\u00e7\u00e3o.<\/li>\n<li><span style=\"color: #0000ff\"><strong>Variedade tradicional local ou crioula<\/strong>\u00a0\u2013<\/span> variedade proveniente de esp\u00e9cie que ocorre em condi\u00e7\u00e3o in situ ou mantida em condi\u00e7\u00e3o ex situ, composta por grupo de plantas dentro de um t\u00e1xon no n\u00edvel mais baixo conhecido, com diversidade gen\u00e9tica desenvolvida ou adaptada por popula\u00e7\u00e3o ind\u00edgena, comunidade tradicional ou agricultor tradicional, incluindo sele\u00e7\u00e3o natural combinada com sele\u00e7\u00e3o humana no ambiente local, que n\u00e3o seja substancialmente semelhante a cultivares comerciais.<\/li>\n<li><span style=\"color: #0000ff\"><strong>Consentimento pr\u00e9vio informado<\/strong>\u00a0\u2013<\/span> consentimento formal, previamente concedido por popula\u00e7\u00e3o ind\u00edgena ou comunidade tradicional segundo os seus usos, costumes e tradi\u00e7\u00f5es ou protocolos comunit\u00e1rios.<\/li>\n<\/ol>\n<p>&nbsp;<\/p>\n<p>&nbsp;<\/p>\n","protected":false},"excerpt":{"rendered":"<p>Esta p\u00e1gina cont\u00e9m informa\u00e7\u00f5es\/orienta\u00e7\u00f5es sobre a Lei-13123-20-05-2015 e o Decreto-8772-2016, instru\u00e7\u00f5es de preenchimento; contudo, n\u00e3o desobriga o pesquisador \u00e0 leitura atenta de todas as informa\u00e7\u00f5es da legisla\u00e7\u00e3o, decretos, e instru\u00e7\u00f5es normativas e do cumprimento de suas orienta\u00e7\u00f5es, ficando a cargo de cada pesquisador a reponsabilidade por seus atos como determina a Lei. A Lei n\u00ba13.123,&nbsp;&hellip;<\/p>\n","protected":false},"author":378,"featured_media":290,"parent":0,"menu_order":0,"comment_status":"closed","ping_status":"closed","template":"","meta":[],"_links":{"self":[{"href":"https:\/\/www2.uepg.br\/sisgen\/wp-json\/wp\/v2\/pages\/144"}],"collection":[{"href":"https:\/\/www2.uepg.br\/sisgen\/wp-json\/wp\/v2\/pages"}],"about":[{"href":"https:\/\/www2.uepg.br\/sisgen\/wp-json\/wp\/v2\/types\/page"}],"author":[{"embeddable":true,"href":"https:\/\/www2.uepg.br\/sisgen\/wp-json\/wp\/v2\/users\/378"}],"replies":[{"embeddable":true,"href":"https:\/\/www2.uepg.br\/sisgen\/wp-json\/wp\/v2\/comments?post=144"}],"version-history":[{"count":11,"href":"https:\/\/www2.uepg.br\/sisgen\/wp-json\/wp\/v2\/pages\/144\/revisions"}],"predecessor-version":[{"id":288,"href":"https:\/\/www2.uepg.br\/sisgen\/wp-json\/wp\/v2\/pages\/144\/revisions\/288"}],"wp:featuredmedia":[{"embeddable":true,"href":"https:\/\/www2.uepg.br\/sisgen\/wp-json\/wp\/v2\/media\/290"}],"wp:attachment":[{"href":"https:\/\/www2.uepg.br\/sisgen\/wp-json\/wp\/v2\/media?parent=144"}],"curies":[{"name":"wp","href":"https:\/\/api.w.org\/{rel}","templated":true}]}}